{"id":3,"date":"2021-02-12T10:00:58","date_gmt":"2021-02-12T07:00:58","guid":{"rendered":"https:\/\/muvehome.com\/?page_id=3"},"modified":"2026-04-16T16:18:20","modified_gmt":"2026-04-16T13:18:20","slug":"privacy-policy","status":"publish","type":"page","link":"https:\/\/muvehome.com\/cs\/privacy-policy\/","title":{"rendered":"KVKK &#038; Z\u00e1sady ochrany osobn\u00edch \u00fadaj\u016f"},"content":{"rendered":"<p><strong>Obecn\u00e9 informace o z\u00e1konu o ochran\u011b osobn\u00edch \u00fadaj\u016f<\/strong><br \/>\nZ\u00e1kon \u010d. 6698 o ochran\u011b osobn\u00edch \u00fadaj\u016f (\u201eKVKK\u201c) byl p\u0159ijat dne 24. b\u0159ezna 2016 a zve\u0159ejn\u011bn v \u00da\u0159edn\u00edm v\u011bstn\u00edku \u010d. 29677 ze dne 7. dubna 2016. N\u011bkter\u00e1 ustanoven\u00ed z\u00e1kona vstoupila v platnost dnem zve\u0159ejn\u011bn\u00ed, zat\u00edmco dal\u0161\u00ed nab\u00fdvala \u00fa\u010dinnosti dne 7. \u0159\u00edjna 2016.<\/p>\n<p><strong>Informace ve funkci spr\u00e1vce \u00fadaj\u016f<\/strong><br \/>\nV souladu se z\u00e1konem \u010d. 6698 (KVKK) mohou b\u00fdt va\u0161e osobn\u00ed \u00fadaje jako spr\u00e1vce \u00fadaj\u016f zpracov\u00e1v\u00e1ny v souladu se z\u00e1konem a z\u00e1sadami poctivosti, p\u0159esn\u011b a v p\u0159\u00edpad\u011b pot\u0159eby aktu\u00e1ln\u011b, pro konkr\u00e9tn\u00ed, v\u00fdslovn\u00e9 a legitimn\u00ed \u00fa\u010dely.<\/p>\n<p>Va\u0161e osobn\u00ed \u00fadaje mohou b\u00fdt zaznamen\u00e1v\u00e1ny, uchov\u00e1v\u00e1ny, aktualizov\u00e1ny, zp\u0159\u00edstup\u0148ov\u00e1ny t\u0159et\u00edm stran\u00e1m nebo p\u0159ed\u00e1v\u00e1ny, pokud to umo\u017e\u0148uje pr\u00e1vn\u00ed p\u0159edpis, d\u00e1le mohou b\u00fdt t\u0159\u00edd\u011bny a zpracov\u00e1v\u00e1ny zp\u016fsoby stanoven\u00fdmi v r\u00e1mci KVKK.<\/p>\n<p><strong>Zp\u016fsob zpracov\u00e1n\u00ed va\u0161ich osobn\u00edch \u00fadaj\u016f<\/strong><br \/>\nV souladu s KVKK mohou b\u00fdt va\u0161e osobn\u00ed \u00fadaje, kter\u00e9 sd\u00edl\u00edte s na\u0161\u00ed spole\u010dnost\u00ed, z\u00edsk\u00e1v\u00e1ny pln\u011b nebo \u010d\u00e1ste\u010dn\u011b automatizovan\u00fdmi prost\u0159edky nebo neautomatizovan\u00fdmi prost\u0159edky, kter\u00e9 jsou sou\u010d\u00e1st\u00ed syst\u00e9mu evidence \u00fadaj\u016f, a mohou b\u00fdt p\u0159edm\u011btem operac\u00ed, jako je zaznamen\u00e1v\u00e1n\u00ed, ukl\u00e1d\u00e1n\u00ed, zm\u011bna, reorganizace a dal\u0161\u00ed zpracov\u00e1n\u00ed.<\/p>\n<p>Jak\u00e9koli operace prov\u00e1d\u011bn\u00e9 s osobn\u00edmi \u00fadaji se podle KVKK pova\u017euj\u00ed za \u201ezpracov\u00e1n\u00ed osobn\u00edch \u00fadaj\u016f\u201c.<\/p>\n<p><strong>\u00da\u010dely a pr\u00e1vn\u00ed d\u016fvody zpracov\u00e1n\u00ed va\u0161ich osobn\u00edch \u00fadaj\u016f<\/strong><br \/>\nVa\u0161e sd\u00edlen\u00e9 osobn\u00ed \u00fadaje jsou zpracov\u00e1v\u00e1ny v souladu s KVKK a p\u0159\u00edslu\u0161n\u00fdmi pr\u00e1vn\u00edmi p\u0159edpisy za \u00fa\u010delem:<\/p>\n<ul>\n<li>poskytov\u00e1n\u00ed na\u0161ich slu\u017eeb v souladu se smlouvou a technologick\u00fdmi po\u017eadavky,<\/li>\n<li>rozvoje na\u0161ich produkt\u016f a slu\u017eeb,<\/li>\n<li>uchov\u00e1v\u00e1n\u00ed identifika\u010dn\u00edch, adresn\u00edch a dal\u0161\u00edch nezbytn\u00fdch \u00fadaj\u016f podle z\u00e1kona \u010d. 6563 o regulaci elektronick\u00e9ho obchodu, z\u00e1kona \u010d. 6502 o ochran\u011b spot\u0159ebitele a souvisej\u00edc\u00edch p\u0159edpis\u016f,<\/li>\n<li>prov\u00e1d\u011bn\u00ed platebn\u00edch operac\u00ed, elektronick\u00fdch smluv a souvisej\u00edc\u00edch pr\u00e1vn\u00edch z\u00e1znam\u016f,<\/li>\n<li>pln\u011bn\u00ed pr\u00e1vn\u00edch povinnost\u00ed a poskytov\u00e1n\u00ed informac\u00ed opr\u00e1vn\u011bn\u00fdm instituc\u00edm,<\/li>\n<li>poskytov\u00e1n\u00ed informac\u00ed p\u0159\u00edslu\u0161n\u00fdm org\u00e1n\u016fm v p\u0159\u00edpad\u011b pr\u00e1vn\u00edch spor\u016f a po\u017eadavk\u016f souvisej\u00edc\u00edch s ve\u0159ejnou bezpe\u010dnost\u00ed.<\/li>\n<\/ul>\n<p><strong>P\u0159ed\u00e1v\u00e1n\u00ed osobn\u00edch \u00fadaj\u016f<\/strong><br \/>\nVa\u0161e osobn\u00ed \u00fadaje mohou b\u00fdt p\u0159ed\u00e1v\u00e1ny v omezen\u00e9m rozsahu v\u00fd\u0161e uveden\u00fdch \u00fa\u010del\u016f:<\/p>\n<ul>\n<li>poskytovateli webov\u00e9 infrastruktury na\u0161\u00ed spole\u010dnosti Izofis,<\/li>\n<li>opr\u00e1vn\u011bn\u00fdm zam\u011bstnanc\u016fm spole\u010dnosti,<\/li>\n<li>v p\u0159\u00edpad\u011b pot\u0159eby p\u0159\u00edslu\u0161n\u00fdm ve\u0159ejn\u00fdm instituc\u00edm a org\u00e1n\u016fm na z\u00e1klad\u011b z\u00e1konn\u00e9 povinnosti.<\/li>\n<\/ul>\n<p><strong>Zp\u016fsob shroma\u017e\u010fov\u00e1n\u00ed osobn\u00edch \u00fadaj\u016f<\/strong><br \/>\nVa\u0161e osobn\u00ed \u00fadaje mohou b\u00fdt shroma\u017e\u010fov\u00e1ny prost\u0159ednictv\u00edm:<\/p>\n<ul>\n<li>webov\u00fdch str\u00e1nek, mobiln\u00edch aplikac\u00ed a formul\u00e1\u0159\u016f,<\/li>\n<li>telefonn\u00ed, e-mailov\u00e9, vizitkov\u00e9, \u00fastn\u00ed nebo p\u00edsemn\u00e9 komunikace,<\/li>\n<li>prodejn\u00edch, marketingov\u00fdch a call center aktivit,<\/li>\n<li>cookies a IP z\u00e1znam\u016f,<\/li>\n<li>soci\u00e1ln\u00edch s\u00edt\u00ed, kampan\u00ed, pr\u016fzkum\u016f a dal\u0161\u00edch digit\u00e1ln\u00edch kan\u00e1l\u016f, a to \u00fastn\u011b, p\u00edsemn\u011b nebo elektronicky.<\/li>\n<\/ul>\n<p><strong>Uchov\u00e1v\u00e1n\u00ed a zabezpe\u010den\u00ed \u00fadaj\u016f<\/strong><br \/>\nVa\u0161e osobn\u00ed \u00fadaje jsou uchov\u00e1v\u00e1ny jako d\u016fv\u011brn\u00e9 v souladu s \u010dl\u00e1nkem 12 KVKK a jsou chr\u00e1n\u011bny vhodn\u00fdmi technick\u00fdmi a organiza\u010dn\u00edmi opat\u0159en\u00edmi proti neopr\u00e1vn\u011bn\u00e9mu p\u0159\u00edstupu.<\/p>\n<p>V p\u0159\u00edpad\u011b poru\u0161en\u00ed zabezpe\u010den\u00ed \u00fadaj\u016f bude situace ozn\u00e1mena p\u0159\u00edslu\u0161n\u00fdm ve\u0159ejn\u00fdm org\u00e1n\u016fm v souladu s pr\u00e1vn\u00edmi p\u0159edpisy.<\/p>\n<p><strong>Aktualizace \u00fadaj\u016f<\/strong><br \/>\nV souladu s \u010dl\u00e1nkem 4 KVKK mus\u00ed b\u00fdt va\u0161e osobn\u00ed \u00fadaje p\u0159esn\u00e9 a aktu\u00e1ln\u00ed. Z tohoto d\u016fvodu je d\u016fle\u017eit\u00e9, aby u\u017eivatel\u00e9 poskytovali spr\u00e1vn\u00e9 a aktu\u00e1ln\u00ed informace.<\/p>\n<p><strong>Pr\u00e1va subjektu \u00fadaj\u016f<\/strong><br \/>\nV souladu s \u010dl\u00e1nkem 11 KVKK m\u00e1te jako subjekt \u00fadaj\u016f n\u00e1sleduj\u00edc\u00ed pr\u00e1va:<\/p>\n<ul>\n<li>zjistit, zda jsou va\u0161e osobn\u00ed \u00fadaje zpracov\u00e1v\u00e1ny,<\/li>\n<li>po\u017eadovat informace, pokud jsou zpracov\u00e1v\u00e1ny,<\/li>\n<li>zjistit \u00fa\u010del zpracov\u00e1n\u00ed a zda jsou \u00fadaje pou\u017e\u00edv\u00e1ny v souladu s t\u00edmto \u00fa\u010delem,<\/li>\n<li>zjistit t\u0159et\u00ed strany v tuzemsku i v zahrani\u010d\u00ed, kter\u00fdm byly \u00fadaje p\u0159ed\u00e1ny,<\/li>\n<li>po\u017eadovat opravu ne\u00fapln\u00fdch nebo nespr\u00e1vn\u00fdch \u00fadaj\u016f,<\/li>\n<li>po\u017eadovat vymaz\u00e1n\u00ed nebo zni\u010den\u00ed \u00fadaj\u016f v r\u00e1mci podm\u00ednek KVKK,<\/li>\n<li>po\u017eadovat ozn\u00e1men\u00ed t\u011bchto operac\u00ed t\u0159et\u00edm stran\u00e1m,<\/li>\n<li>vzn\u00e9st n\u00e1mitku proti v\u00fdsledk\u016fm anal\u00fdzy prov\u00e1d\u011bn\u00e9 automatizovan\u00fdmi syst\u00e9my, kter\u00e9 jsou v\u016f\u010di v\u00e1m nep\u0159\u00edzniv\u00e9,<\/li>\n<li>po\u017eadovat n\u00e1hradu \u0161kody v p\u0159\u00edpad\u011b \u00fajmy zp\u016fsoben\u00e9 nez\u00e1konn\u00fdm zpracov\u00e1n\u00edm.<\/li>\n<\/ul>\n<p><\/p>","protected":false},"excerpt":{"rendered":"<p>Obecn\u00e9 informace o z\u00e1konu o ochran\u011b osobn\u00edch \u00fadaj\u016f Z\u00e1kon \u010d. 6698 o ochran\u011b osobn\u00edch \u00fadaj\u016f (\u201eKVKK\u201c) byl p\u0159ijat dne 24. b\u0159ezna 2016 a zve\u0159ejn\u011bn v \u00da\u0159edn\u00edm v\u011bstn\u00edku \u010d. 29677 ze dne 7. dubna 2016. N\u011bkter\u00e1 ustanoven\u00ed z\u00e1kona vstoupila v platnost dnem zve\u0159ejn\u011bn\u00ed, zat\u00edmco dal\u0161\u00ed nab\u00fdvala \u00fa\u010dinnosti dne 7. \u0159\u00edjna 2016. Informace ve funkci spr\u00e1vce \u00fadaj\u016f [&hellip;]<\/p>\n","protected":false},"author":47,"featured_media":0,"parent":0,"menu_order":0,"comment_status":"closed","ping_status":"closed","template":"","meta":{"inline_featured_image":false,"footnotes":""},"class_list":["post-3","page","type-page","status-publish","hentry"],"_links":{"self":[{"href":"https:\/\/muvehome.com\/cs\/wp-json\/wp\/v2\/pages\/3","targetHints":{"allow":["GET"]}}],"collection":[{"href":"https:\/\/muvehome.com\/cs\/wp-json\/wp\/v2\/pages"}],"about":[{"href":"https:\/\/muvehome.com\/cs\/wp-json\/wp\/v2\/types\/page"}],"author":[{"embeddable":true,"href":"https:\/\/muvehome.com\/cs\/wp-json\/wp\/v2\/users\/47"}],"replies":[{"embeddable":true,"href":"https:\/\/muvehome.com\/cs\/wp-json\/wp\/v2\/comments?post=3"}],"version-history":[{"count":3,"href":"https:\/\/muvehome.com\/cs\/wp-json\/wp\/v2\/pages\/3\/revisions"}],"predecessor-version":[{"id":52258,"href":"https:\/\/muvehome.com\/cs\/wp-json\/wp\/v2\/pages\/3\/revisions\/52258"}],"wp:attachment":[{"href":"https:\/\/muvehome.com\/cs\/wp-json\/wp\/v2\/media?parent=3"}],"curies":[{"name":"wp","href":"https:\/\/api.w.org\/{rel}","templated":true}]}}