{"id":50140,"date":"2025-11-18T14:20:22","date_gmt":"2025-11-18T11:20:22","guid":{"rendered":"https:\/\/muvehome.com\/?page_id=50140"},"modified":"2026-04-28T17:41:25","modified_gmt":"2026-04-28T14:41:25","slug":"title-deed","status":"publish","type":"page","link":"https:\/\/muvehome.com\/cs\/title-deed\/","title":{"rendered":"TAPU, List vlastnictv\u00ed"},"content":{"rendered":"<p>[vc_row][vc_column][vc_single_image image=&#8220;50416&#8243; img_size=&#8220;full&#8220; alignment=&#8220;center&#8220;][\/vc_column][\/vc_row][vc_row][vc_column][vc_custom_heading text=&#8220;TAPU, List vlastnictv\u00ed&#8220; font_container=&#8220;tag:h3|text_align:center&#8220; use_theme_fonts=&#8220;yes&#8220;][vc_column_text]<strong>TAPU je list vlastnictv\u00ed pro nemovitosti v Turecku.<\/strong><\/p>\n<p>TAPU je pr\u00e1vn\u00ed dokument, kter\u00fd potvrzuje jednozna\u010dn\u00e9 a nezpochybniteln\u00e9 vlastnick\u00e9 pr\u00e1vo jednotlivce k nemovitosti nabyt\u00e9 v Turecku.<\/p>\n<p>Po uzav\u0159en\u00ed kupn\u00ed smlouvy, spln\u011bn\u00ed finan\u010dn\u00edch podm\u00ednek a dokon\u010den\u00ed v\u0161ech pot\u0159ebn\u00fdch formalit m\u016f\u017ee b\u00fdt realitn\u00ed transakce realizov\u00e1na.<\/p>\n<p>Realitn\u00ed kancel\u00e1\u0159 jednaj\u00edc\u00ed na z\u00e1klad\u011b pln\u00e9 moci klienta p\u0159edlo\u017e\u00ed v\u0161echny pot\u0159ebn\u00e9 dokumenty m\u00edstn\u00edmu st\u00e1tn\u00edmu org\u00e1nu evidence nemovitost\u00ed (katastr\u00e1ln\u00edmu a pozemkov\u00e9mu \u00fa\u0159adu, zn\u00e1m\u00e9mu jako Tapu) ve m\u011bst\u011b a okrese, kde se nemovitost nach\u00e1z\u00ed, k ov\u011b\u0159en\u00ed jejich pr\u00e1vn\u00ed platnosti a pravosti.<\/p>\n<p>Po ov\u011b\u0159en\u00ed pravosti a z\u00e1konnosti p\u0159edlo\u017een\u00fdch dokument\u016f je <strong>list vlastnictv\u00ed<\/strong> (<strong>TAPU<\/strong>) vyd\u00e1n jako kone\u010dn\u00fd d\u016fkaz vlastnick\u00e9ho pr\u00e1va nov\u00e9ho majitele k nemovitosti.<\/p>\n<p>P\u0159i koupi <strong>nemovitosti v Turecku<\/strong> mus\u00ed b\u00fdt cel\u00e1 kupn\u00ed cena uhrazena p\u0159ed vyd\u00e1n\u00edm listu vlastnictv\u00ed (TAPU).<\/p>\n<p>Vlastnictv\u00ed nemovitosti zapsan\u00e9 v TAPU m\u016f\u017ee n\u00e1le\u017eet jednomu nebo v\u00edce vlastn\u00edk\u016fm, fyzick\u00fdm i pr\u00e1vnick\u00fdm osob\u00e1m.<\/p>\n<p>\u00dadaje uveden\u00e9 v \u010cERVEN\u00c9M <strong>TAPU v Turecku<\/strong> pro reziden\u010dn\u00ed nebo komer\u010dn\u00ed nemovitosti:<\/p>\n<p>\u0130li *<strong>Provincie<\/strong>, \u0130l\u00e7esi *<strong>Okres<\/strong>, Mahallesi *<strong>\u010ctvr\u0165<\/strong>, K\u00f6y\u00fc *<strong>Obec<\/strong> \/ vesnice, Soka\u011f\u0131 *<strong>Ulice<\/strong>, Mevkii *<strong>Lokalita<\/strong>, Ada No. *<strong>\u010c\u00edslo pozemkov\u00e9 parcely<\/strong>, Niteli\u011fi *<strong>Typ nemovitosti<\/strong> (reziden\u010dn\u00ed, komer\u010dn\u00ed), Y\u00fcz\u00f6l\u00e7\u00fcm\u00fc (m\u00b2) *<strong>V\u00fdm\u011bra nemovitosti<\/strong> (m\u00b2), S\u0131n\u0131r\u0131 *<strong>Hranice<\/strong>, Kat M\u00fclkiyeti \/ Kat \u0130rtifak\u0131 *<strong>Typ vlastnictv\u00ed<\/strong>, Sat\u0131\u015f Bedeli *<strong>Katastr\u00e1ln\u00ed hodnota<\/strong>, Arsa Pay\u0131 *<strong>Pod\u00edl na pozemku<\/strong> (p\u0159i v\u00edce vlastn\u00edc\u00edch), Blok No. *<strong>\u010c\u00edslo bloku<\/strong>, Kat No. *<strong>Podla\u017e\u00ed<\/strong>, Ba\u011f\u0131ms\u0131z B\u00f6l\u00fcm No. *<strong>\u010c\u00edslo samostatn\u00e9 jednotky<\/strong>, Edinme Sebebi *<strong>D\u016fvod nabyt\u00ed<\/strong> (p\u0159edchoz\u00ed vlastn\u00edk a d\u016fvod p\u0159evodu &#8211; prodej, d\u011bdictv\u00ed, man\u017eelstv\u00ed, dar, rozvod, finan\u010dn\u00ed d\u016fvody), Sahibi *<strong>Nov\u00fd vlastn\u00edk<\/strong>, Tarihi *<strong>Datum p\u0159evodu vlastnictv\u00ed<\/strong> (registrace TAPU), Cilt No. *<strong>Katastr\u00e1ln\u00ed eviden\u010dn\u00ed \u010d\u00edslo<\/strong>, Siciline Uygundur *<strong>Zp\u016fsobil\u00e9 k z\u00e1pisu<\/strong> (podpis katastr\u00e1ln\u00edho \u00fa\u0159edn\u00edka).<\/p>\n<p><strong>Vysv\u011btlen\u00ed:<\/strong><\/p>\n<p><strong>Typ vlastnictv\u00ed Kat M\u00fclkiyeti<\/strong> \u2013 vlastnick\u00e9 pr\u00e1vo k nemovitosti zahrnuj\u00edc\u00ed pozemek dokon\u010den\u00e9ho projektu a konkr\u00e9tn\u00ed bytovou jednotku postavenou na tomto pozemku.<\/p>\n<p><strong>Typ vlastnictv\u00ed Kat \u0130rtifak\u0131<\/strong> \u2013 vlastnick\u00e9 pr\u00e1vo k nemovitosti zahrnuj\u00edc\u00ed pod\u00edl na pozemku v r\u00e1mci rozestav\u011bn\u00e9ho projektu a pr\u00e1vo na konkr\u00e9tn\u00ed budouc\u00ed jednotku, kter\u00e1 bude na tomto pozemku postavena.<\/p>\n<p><strong>MAVI TAPU (Modr\u00e9 TAPU)<\/strong> v Turecku je pr\u00e1vn\u00ed dokument potvrzuj\u00edc\u00ed vlastnictv\u00ed nemovitosti v\u010detn\u011b pozemku.[\/vc_column_text][\/vc_column][\/vc_row][vc_row][vc_column el_class=&#8220;listing-form-area&#8220;]<div class=\"hero text-left\">Kontaktujte n\u00e1s!<\/div>\n<div class=\"wpcf7 no-js\" id=\"wpcf7-f1171-o5\" lang=\"en-US\" dir=\"ltr\" data-wpcf7-id=\"1171\">\n<div class=\"screen-reader-response\"><p role=\"status\" aria-live=\"polite\" aria-atomic=\"true\"><\/p> <ul><\/ul><\/div>\n<form action=\"\/cs\/wp-json\/wp\/v2\/pages\/50140#wpcf7-f1171-o5\" method=\"post\" class=\"wpcf7-form init\" aria-label=\"Contact form\" novalidate=\"novalidate\" data-status=\"init\">\n<fieldset class=\"hidden-fields-container\"><input type=\"hidden\" name=\"_wpcf7\" value=\"1171\" \/><input type=\"hidden\" name=\"_wpcf7_version\" value=\"6.1.5\" \/><input type=\"hidden\" name=\"_wpcf7_locale\" value=\"en_US\" \/><input type=\"hidden\" name=\"_wpcf7_unit_tag\" value=\"wpcf7-f1171-o5\" \/><input type=\"hidden\" name=\"_wpcf7_container_post\" value=\"0\" \/><input type=\"hidden\" name=\"_wpcf7_posted_data_hash\" value=\"\" \/><input type=\"hidden\" name=\"_wpcf7_locale_orj\" value=\"cs_CZ\" \/>\n<\/fieldset>\n<div class=\"wpcf7-turnstile cf-turnstile\" data-sitekey=\"0x4AAAAAACbErzKFbnzFNt0g\" data-response-field-name=\"_wpcf7_turnstile_response\"><\/div>\n\n<div class=\"fields fields-3\">\n\t<p><span class=\"wpcf7-form-control-wrap\" data-name=\"your-name\"><input size=\"40\" maxlength=\"400\" class=\"wpcf7-form-control wpcf7-text wpcf7-validates-as-required name\" aria-required=\"true\" aria-invalid=\"false\" placeholder=\"Name*\" value=\"\" type=\"text\" name=\"your-name\" \/><\/span><br \/>\n<span class=\"wpcf7-form-control-wrap\" data-name=\"your-email\"><input size=\"40\" maxlength=\"400\" class=\"wpcf7-form-control wpcf7-email wpcf7-validates-as-required wpcf7-text wpcf7-validates-as-email email\" aria-required=\"true\" aria-invalid=\"false\" placeholder=\"E-Mail*\" value=\"\" type=\"email\" name=\"your-email\" \/><\/span><br \/>\n<span class=\"wpcf7-form-control-wrap\" data-name=\"your-phone\"><input size=\"40\" class=\"wpcf7-form-control wpcf7-phonetext wpcf7-validates-as-required wpcf7-text wpcf7-validates-as-phonetext phone\" aria-required=\"true\" aria-invalid=\"false\" value=\"+90\" type=\"text\" name=\"your-phone\" \/><input type=\"hidden\" name=\"your-phone-country-code\" class=\"wpcf7-phonetext-country-code\" \/><\/span>\n\t<\/p>\n<\/div>\n<div class=\"fields fields-odd\">\n\t<p><span class=\"wpcf7-form-control-wrap\" data-name=\"your-question\"><input size=\"40\" maxlength=\"400\" class=\"wpcf7-form-control wpcf7-text wpcf7-validates-as-required question\" aria-required=\"true\" aria-invalid=\"false\" placeholder=\"Any Question?\" value=\"\" type=\"text\" name=\"your-question\" \/><\/span><br \/>\n<input class=\"wpcf7-form-control wpcf7-submit has-spinner\" type=\"submit\" value=\"Send\" \/>\n\t<\/p>\n<\/div><div class=\"wpcf7-response-output\" aria-hidden=\"true\"><\/div>\n<\/form>\n<\/div>\n[vc_empty_space][\/vc_column][\/vc_row]<\/p>","protected":false},"excerpt":{"rendered":"<p>[vc_row][vc_column][vc_single_image image=&#8220;50416&#8243; img_size=&#8220;full&#8220; alignment=&#8220;center&#8220;][\/vc_column][\/vc_row][vc_row][vc_column][vc_custom_heading text=&#8220;TAPU, List vlastnictv\u00ed&#8220; font_container=&#8220;tag:h3|text_align:center&#8220; use_theme_fonts=&#8220;yes&#8220;][vc_column_text]TAPU je list vlastnictv\u00ed pro nemovitosti v Turecku. TAPU je pr\u00e1vn\u00ed dokument, kter\u00fd potvrzuje jednozna\u010dn\u00e9 a nezpochybniteln\u00e9 vlastnick\u00e9 pr\u00e1vo jednotlivce k nemovitosti nabyt\u00e9 v Turecku. Po uzav\u0159en\u00ed kupn\u00ed smlouvy, spln\u011bn\u00ed finan\u010dn\u00edch podm\u00ednek a dokon\u010den\u00ed v\u0161ech pot\u0159ebn\u00fdch formalit m\u016f\u017ee b\u00fdt realitn\u00ed transakce realizov\u00e1na. Realitn\u00ed kancel\u00e1\u0159 jednaj\u00edc\u00ed na z\u00e1klad\u011b [&hellip;]<\/p>\n","protected":false},"author":47,"featured_media":0,"parent":0,"menu_order":0,"comment_status":"closed","ping_status":"closed","template":"page-text.php","meta":{"inline_featured_image":false,"footnotes":""},"class_list":["post-50140","page","type-page","status-publish","hentry"],"_links":{"self":[{"href":"https:\/\/muvehome.com\/cs\/wp-json\/wp\/v2\/pages\/50140","targetHints":{"allow":["GET"]}}],"collection":[{"href":"https:\/\/muvehome.com\/cs\/wp-json\/wp\/v2\/pages"}],"about":[{"href":"https:\/\/muvehome.com\/cs\/wp-json\/wp\/v2\/types\/page"}],"author":[{"embeddable":true,"href":"https:\/\/muvehome.com\/cs\/wp-json\/wp\/v2\/users\/47"}],"replies":[{"embeddable":true,"href":"https:\/\/muvehome.com\/cs\/wp-json\/wp\/v2\/comments?post=50140"}],"version-history":[{"count":3,"href":"https:\/\/muvehome.com\/cs\/wp-json\/wp\/v2\/pages\/50140\/revisions"}],"predecessor-version":[{"id":52734,"href":"https:\/\/muvehome.com\/cs\/wp-json\/wp\/v2\/pages\/50140\/revisions\/52734"}],"wp:attachment":[{"href":"https:\/\/muvehome.com\/cs\/wp-json\/wp\/v2\/media?parent=50140"}],"curies":[{"name":"wp","href":"https:\/\/api.w.org\/{rel}","templated":true}]}}