{"id":50142,"date":"2025-11-18T14:20:32","date_gmt":"2025-11-18T11:20:32","guid":{"rendered":"https:\/\/muvehome.com\/?page_id=50142"},"modified":"2026-04-27T13:05:01","modified_gmt":"2026-04-27T10:05:01","slug":"faq","status":"publish","type":"page","link":"https:\/\/muvehome.com\/cs\/faq\/","title":{"rendered":"FAQ"},"content":{"rendered":"<p>[vc_row][vc_column][vc_single_image image=&#8220;50420&#8243; img_size=&#8220;full&#8220;][\/vc_column][\/vc_row][vc_row][vc_column][vc_column_text]<strong>\u010cASTO KLADEN\u00c9 OT\u00c1ZKY<br \/>\n<\/strong><\/p>\n<p>[\/vc_column_text][\/vc_column][\/vc_row][vc_row][vc_column][vc_tta_accordion][vc_tta_section title=&#8220;<strong>Pro\u010d investovat do nemovitost\u00ed v Turecku?<\/strong>&#8220; tab_id=&#8220;1763978534613-9b832e01-69f3&#8243;][vc_column_text]<\/p>\n<p>Rozv\u00edjej\u00edc\u00ed se realitn\u00ed trh se silnou popt\u00e1vkou po nemovitostech ve velk\u00fdch m\u011bstech na Tureck\u00e9 rivi\u00e9\u0159e, jako jsou Alanya a Antalya, v Egejsk\u00e9m regionu a v Istanbulu.<\/p>\n<p>Turecko se svou vyhled\u00e1vanou polohou na k\u0159i\u017eovatce Evropy a Asie je atraktivn\u00ed destinac\u00ed jak pro turisty, tak pro obyvatele. Jeho \u017eiv\u00fd spole\u010densk\u00fd \u017eivot, skv\u011bl\u00e9 kari\u00e9rn\u00ed p\u0159\u00edle\u017eitosti a vysok\u00e1 kvalita \u017eivota z n\u011bj \u010din\u00ed centrum obchodu a cestovn\u00edho ruchu.<\/p>\n<p>Relativn\u011b dostupn\u00e9 ceny nemovitost\u00ed a n\u00edzk\u00e9 \u017eivotn\u00ed n\u00e1klady ve srovn\u00e1n\u00ed s jin\u00fdmi obl\u00edben\u00fdmi evropsk\u00fdmi zem\u011bmi.<\/p>\n<p>Rostouc\u00ed turistick\u00fd pr\u016fmysl v Turecku nab\u00edz\u00ed slibnou p\u0159\u00edle\u017eitost pro investory do nemovitost\u00ed k dosa\u017een\u00ed p\u0159\u00edjm\u016f z pron\u00e1jmu. Popt\u00e1vka po kr\u00e1tkodob\u00e9m ubytov\u00e1n\u00ed roste d\u00edky ka\u017edoro\u010dn\u011b se zvy\u0161uj\u00edc\u00edmu po\u010dtu turist\u016f nav\u0161t\u011bvuj\u00edc\u00edch Turecko.<\/p>\n<p>[\/vc_column_text][\/vc_tta_section][vc_tta_section title=&#8220;<strong>Jak z\u00edskat tureck\u00e9 ob\u010danstv\u00ed prost\u0159ednictv\u00edm investice do nemovitost\u00ed?<\/strong>&#8220; tab_id=&#8220;1763978534617-9238bb69-ea5d&#8220;][vc_column_text]<\/p>\n<p>Po\u0159\u00edzen\u00ed nemovitosti v hodnot\u011b alespo\u0148 400 000 USD dle znaleck\u00e9ho posudku. Na nemovitost je uvaleno omezen\u00ed pro vlastn\u00edka, tzv. \u201elock-up period\u201c (doba v\u00e1zanosti). To znamen\u00e1, \u017ee nemovitost nen\u00ed mo\u017en\u00e9 prodat ani p\u0159ev\u00e9st vlastnick\u00e9 pr\u00e1vo na jinou osobu po dobu a\u017e t\u0159\u00ed let.<\/p>\n<p>[\/vc_column_text][\/vc_tta_section][vc_tta_section title=&#8220;<strong>Jak z\u00edskat povolen\u00ed k pobytu \u201eikamet\u201c v Turecku prost\u0159ednictv\u00edm investice do nemovitost\u00ed?<\/strong>&#8220; tab_id=&#8220;1763978553561-6e2b6e2c-cb22&#8243;][vc_column_text]<\/p>\n<p><strong>Zakoupen\u00edm nemovitosti v Turecku<\/strong> m\u016f\u017eete z\u00edskat povolen\u00ed k pobytu \u201e<strong>ikamet<\/strong>\u201c. Spolu s vlastn\u00edkem nemovitosti mohou povolen\u00ed k pobytu z\u00edskat i jeho nejbli\u017e\u0161\u00ed rodinn\u00ed p\u0159\u00edslu\u0161n\u00edci \u2013 man\u017eel\/man\u017eelka a d\u011bti do 18 let.<\/p>\n<p>[\/vc_column_text][\/vc_tta_section][vc_tta_section title=&#8220;<strong>Co je poji\u0161t\u011bn\u00ed DASK v Turecku?<\/strong>&#8220; tab_id=&#8220;1763979516467-a19dfc0d-80d8&#8243;][vc_column_text]<\/p>\n<p><strong>DASK <\/strong>je zkratka tureck\u00e9ho n\u00e1zvu<strong> \u201eDo\u011fal Afet Sigortalar\u0131 Kurumu\u201c<\/strong>, co\u017e se do \u010de\u0161tiny p\u0159ekl\u00e1d\u00e1 jako<strong> \u201eInstituce pro poji\u0161t\u011bn\u00ed proti p\u0159\u00edrodn\u00edm katastrof\u00e1m\u201c<\/strong>.<\/p>\n<p>V Turecku jsou vlastn\u00edci nemovitost\u00ed povinni m\u00edt <strong>poji\u0161t\u011bn\u00ed DASK<\/strong> (<strong>Zorunlu Deprem Sigortas\u0131<\/strong>), tedy <strong>povinn\u00e9 poji\u0161t\u011bn\u00ed proti zem\u011bt\u0159esen\u00ed<\/strong>, kter\u00e9 chr\u00e1n\u00ed p\u0159ed finan\u010dn\u00edmi ztr\u00e1tami zp\u016fsoben\u00fdmi p\u0159\u00edrodn\u00edmi katastrofami.<\/p>\n<p>[\/vc_column_text][\/vc_tta_section][vc_tta_section title=&#8220;<strong>Je znaleck\u00fd posudek povinn\u00fd p\u0159i koupi nemovitosti v Turecku?<\/strong>&#8220; tab_id=&#8220;1763979563181-186d98a9-deb4&#8243;][vc_column_text]<\/p>\n<p>Podle z\u00e1kona nebo p\u0159edpis\u016f je vy\u017eadov\u00e1no z\u00edskat znaleck\u00fd posudek o nemovitosti p\u0159i koupi nebo prodeji nemovitosti v Turecku.<\/p>\n<p>Ocen\u011bn\u00ed nemovitost\u00ed mohou prov\u00e1d\u011bt pouze licencovan\u00ed a opr\u00e1vn\u011bn\u00ed znalci. Stanoven\u00e1 hodnota se pou\u017e\u00edv\u00e1 pro v\u00fdpo\u010det jednor\u00e1zov\u00e9ho poplatku, kter\u00fd mus\u00ed b\u00fdt uhrazen p\u0159i pod\u00e1n\u00ed \u017e\u00e1dosti o Tapu (list vlastnictv\u00ed), a tak\u00e9 pro v\u00fdpo\u010det ro\u010dn\u00ed dan\u011b z nemovitosti.<\/p>\n<p>[\/vc_column_text][\/vc_tta_section][vc_tta_section title=&#8220;<strong>Co je \u201epoplatek za Tapu\u201c nebo \u201epoplatek za p\u0159evod listu vlastnictv\u00ed\u201d?<\/strong>&#8220; tab_id=&#8220;1763979670705-01fec674-22d7&#8243;][vc_column_text]<\/p>\n<p><strong>Poplatek z p\u0159evodu <\/strong>(<strong>Tapu cost<\/strong>) je da\u0148 za z\u00e1pis vlastnick\u00fdch pr\u00e1v k nemovitosti. Jeho v\u00fd\u0161e se vypo\u010d\u00edt\u00e1v\u00e1 podle aktu\u00e1ln\u00ed sazby 4 % z katastr\u00e1ln\u00ed hodnoty, kterou stanovuje \u00fa\u0159ad Tapu a kter\u00e1 je obvykle ni\u017e\u0161\u00ed ne\u017e skute\u010dn\u00e1 tr\u017en\u00ed hodnota nemovitosti. Tato jednor\u00e1zov\u00e1 da\u0148 se hrad\u00ed kupuj\u00edc\u00edm v jedn\u00e9 ze st\u00e1tn\u00edch bank v okam\u017eiku p\u0159evodu vlastnictv\u00ed.<\/p>\n<p>[\/vc_column_text][\/vc_tta_section][vc_tta_section title=&#8220;<strong>Co je \u201eIskan\u201c?<\/strong>&#8220; tab_id=&#8220;1763979736973-386f52f1-e061&#8243;][vc_column_text]<\/p>\n<p>Iskan je pr\u00e1vn\u00ed potvrzen\u00ed, \u017ee nemovitost byla schv\u00e1lena p\u0159\u00edslu\u0161nou st\u00e1tn\u00ed komis\u00ed v Turecku.<\/p>\n<p><strong>V Turecku<\/strong> je za z\u00edsk\u00e1n\u00ed <strong>kolauda\u010dn\u00edho protokolu<\/strong> neboli \u201e<strong>Genel Iskan<\/strong>\u201c po dokon\u010den\u00ed projektu odpov\u011bdn\u00fd developer. Tento dokument potvrzuje, \u017ee stavba byla realizov\u00e1na v souladu se schv\u00e1len\u00fdmi pl\u00e1ny a p\u0159edpisy. Zaji\u0161\u0165uje, \u017ee budova nebo reziden\u010dn\u00ed komplex je bezpe\u010dn\u00fd a obyvateln\u00fd a \u017ee m\u016f\u017ee b\u00fdt p\u0159ipojen k in\u017een\u00fdrsk\u00fdm s\u00edt\u00edm, jako je voda a elekt\u0159ina.<\/p>\n<p><strong>Kolauda\u010dn\u00ed povolen\u00ed<\/strong> neboli \u201e<strong>Ferdi Iskan<\/strong>\u201c v Turecku <strong>je technick\u00fd <\/strong>\u201e<strong>pas<\/strong>\u201c <strong>nemovitosti<\/strong>, kter\u00fd se vztahuje na konkr\u00e9tn\u00ed bytovou jednotku, apartm\u00e1n nebo vilu v r\u00e1mci reziden\u010dn\u00edho komplexu. Obsahuje kompletn\u00ed technick\u00e9 \u00fadaje o nemovitosti a potvrzuje, \u017ee je bezpe\u010dn\u00e1 a vhodn\u00e1 k bydlen\u00ed.<\/p>\n<p>[\/vc_column_text][\/vc_tta_section][vc_tta_section title=&#8220;<strong>Co je ro\u010dn\u00ed da\u0148 z nemovitosti neboli \u201eEmlak Vergisi\u201c v Turecku?<\/strong>&#8220; tab_id=&#8220;1763979793421-c3a242c0-9b60&#8243;][vc_column_text]<\/p>\n<p>Vlastn\u00edci nemovitost\u00ed v Turecku jsou povinni platit ro\u010dn\u00ed da\u0148 z nemovitosti, neboli \u201eEmlak Vergisi\u201c. V\u00fd\u0161e dan\u011b se vypo\u010d\u00edt\u00e1v\u00e1 z katastr\u00e1ln\u00ed hodnoty nemovitosti. Obvykle \u010din\u00ed 0,1 % u reziden\u010dn\u00edch nemovitost\u00ed v men\u0161\u00edch m\u011bstech a 0,2 % ve velk\u00fdch m\u011bstech.<\/p>\n<p>Tato da\u0148 se hrad\u00ed p\u0159\u00edslu\u0161n\u00e9 obci ve dvou spl\u00e1tk\u00e1ch &#8211; prvn\u00ed spl\u00e1tka je splatn\u00e1 v kv\u011btnu a druh\u00e1 v listopadu ka\u017ed\u00e9ho roku.<\/p>\n<p>[\/vc_column_text][\/vc_tta_section][vc_tta_section title=&#8220;<strong>Co je d\u011bdick\u00e9 pr\u00e1vo k nemovitostem v Turecku?<\/strong>&#8220; tab_id=&#8220;1763979847855-8d1b2e80-caeb&#8220;][vc_column_text]<\/p>\n<p>V Turecku se d\u011bd\u011bn\u00ed nemovitost\u00ed \u0159\u00edd\u00ed tureck\u00fdm ob\u010dansk\u00fdm z\u00e1kon\u00edkem a dal\u0161\u00edmi souvisej\u00edc\u00edmi pr\u00e1vn\u00edmi p\u0159edpisy. Podle tureck\u00e9ho pr\u00e1va d\u011bd\u00ed majetek zesnul\u00e9 osoby jej\u00ed z\u00e1konn\u00ed d\u011bdicov\u00e9 (man\u017eel\/man\u017eelka, d\u011bti, rodi\u010de nebo dal\u0161\u00ed p\u0159\u00edbuzn\u00ed). Pravidla d\u011bd\u011bn\u00ed jsou zalo\u017eena na syst\u00e9mu \u201epod\u00edl\u016f\u201c, kter\u00fd se ur\u010duje podle konkr\u00e9tn\u00edch okolnost\u00ed.<\/p>\n<p>Z\u00e1v\u011b\u0165 lze pou\u017e\u00edt k ur\u010den\u00ed konkr\u00e9tn\u00edch opr\u00e1vn\u011bn\u00fdch osob a k ur\u010den\u00ed, jak\u00fd pod\u00edl z majetku m\u00e1 ka\u017ed\u00fd z nich obdr\u017eet.<\/p>\n<p>[\/vc_column_text][\/vc_tta_section][\/vc_tta_accordion][\/vc_column][\/vc_row][vc_row][vc_column el_class=&#8220;listing-form-area&#8220;]<div class=\"hero text-left\"><strong>Rezervovat konzultaci!<\/strong><\/div>\n<div class=\"wpcf7 no-js\" id=\"wpcf7-f1171-o5\" lang=\"en-US\" dir=\"ltr\" data-wpcf7-id=\"1171\">\n<div class=\"screen-reader-response\"><p role=\"status\" aria-live=\"polite\" aria-atomic=\"true\"><\/p> <ul><\/ul><\/div>\n<form action=\"\/cs\/wp-json\/wp\/v2\/pages\/50142#wpcf7-f1171-o5\" method=\"post\" class=\"wpcf7-form init\" aria-label=\"Contact form\" novalidate=\"novalidate\" data-status=\"init\">\n<fieldset class=\"hidden-fields-container\"><input type=\"hidden\" name=\"_wpcf7\" value=\"1171\" \/><input type=\"hidden\" name=\"_wpcf7_version\" value=\"6.1.5\" \/><input type=\"hidden\" name=\"_wpcf7_locale\" value=\"en_US\" \/><input type=\"hidden\" name=\"_wpcf7_unit_tag\" value=\"wpcf7-f1171-o5\" \/><input type=\"hidden\" name=\"_wpcf7_container_post\" value=\"0\" \/><input type=\"hidden\" name=\"_wpcf7_posted_data_hash\" value=\"\" \/><input type=\"hidden\" name=\"_wpcf7_locale_orj\" value=\"cs_CZ\" \/>\n<\/fieldset>\n<div class=\"wpcf7-turnstile cf-turnstile\" data-sitekey=\"0x4AAAAAACbErzKFbnzFNt0g\" data-response-field-name=\"_wpcf7_turnstile_response\"><\/div>\n\n<div class=\"fields fields-3\">\n\t<p><span class=\"wpcf7-form-control-wrap\" data-name=\"your-name\"><input size=\"40\" maxlength=\"400\" class=\"wpcf7-form-control wpcf7-text wpcf7-validates-as-required name\" aria-required=\"true\" aria-invalid=\"false\" placeholder=\"Name*\" value=\"\" type=\"text\" name=\"your-name\" \/><\/span><br \/>\n<span class=\"wpcf7-form-control-wrap\" data-name=\"your-email\"><input size=\"40\" maxlength=\"400\" class=\"wpcf7-form-control wpcf7-email wpcf7-validates-as-required wpcf7-text wpcf7-validates-as-email email\" aria-required=\"true\" aria-invalid=\"false\" placeholder=\"E-Mail*\" value=\"\" type=\"email\" name=\"your-email\" \/><\/span><br \/>\n<span class=\"wpcf7-form-control-wrap\" data-name=\"your-phone\"><input size=\"40\" class=\"wpcf7-form-control wpcf7-phonetext wpcf7-validates-as-required wpcf7-text wpcf7-validates-as-phonetext phone\" aria-required=\"true\" aria-invalid=\"false\" value=\"+90\" type=\"text\" name=\"your-phone\" \/><input type=\"hidden\" name=\"your-phone-country-code\" class=\"wpcf7-phonetext-country-code\" \/><\/span>\n\t<\/p>\n<\/div>\n<div class=\"fields fields-odd\">\n\t<p><span class=\"wpcf7-form-control-wrap\" data-name=\"your-question\"><input size=\"40\" maxlength=\"400\" class=\"wpcf7-form-control wpcf7-text wpcf7-validates-as-required question\" aria-required=\"true\" aria-invalid=\"false\" placeholder=\"Any Question?\" value=\"\" type=\"text\" name=\"your-question\" \/><\/span><br \/>\n<input class=\"wpcf7-form-control wpcf7-submit has-spinner\" type=\"submit\" value=\"Send\" \/>\n\t<\/p>\n<\/div><div class=\"wpcf7-response-output\" aria-hidden=\"true\"><\/div>\n<\/form>\n<\/div>\n[vc_empty_space][\/vc_column][\/vc_row]<\/p>","protected":false},"excerpt":{"rendered":"<p>[vc_row][vc_column][vc_single_image image=&#8220;50420&#8243; img_size=&#8220;full&#8220;][\/vc_column][\/vc_row][vc_row][vc_column][vc_column_text]\u010cASTO KLADEN\u00c9 OT\u00c1ZKY [\/vc_column_text][\/vc_column][\/vc_row][vc_row][vc_column][vc_tta_accordion][vc_tta_section title=&#8220;Pro\u010d investovat do nemovitost\u00ed v Turecku?&#8220; tab_id=&#8220;1763978534613-9b832e01-69f3&#8243;][vc_column_text] Rozv\u00edjej\u00edc\u00ed se realitn\u00ed trh se silnou popt\u00e1vkou po nemovitostech ve velk\u00fdch m\u011bstech na Tureck\u00e9 rivi\u00e9\u0159e, jako jsou Alanya a Antalya, v Egejsk\u00e9m regionu a v Istanbulu. Turecko se svou vyhled\u00e1vanou polohou na k\u0159i\u017eovatce Evropy a Asie je atraktivn\u00ed destinac\u00ed jak pro turisty, [&hellip;]<\/p>\n","protected":false},"author":47,"featured_media":0,"parent":0,"menu_order":0,"comment_status":"closed","ping_status":"closed","template":"page-text.php","meta":{"inline_featured_image":false,"footnotes":""},"class_list":["post-50142","page","type-page","status-publish","hentry"],"_links":{"self":[{"href":"https:\/\/muvehome.com\/cs\/wp-json\/wp\/v2\/pages\/50142","targetHints":{"allow":["GET"]}}],"collection":[{"href":"https:\/\/muvehome.com\/cs\/wp-json\/wp\/v2\/pages"}],"about":[{"href":"https:\/\/muvehome.com\/cs\/wp-json\/wp\/v2\/types\/page"}],"author":[{"embeddable":true,"href":"https:\/\/muvehome.com\/cs\/wp-json\/wp\/v2\/users\/47"}],"replies":[{"embeddable":true,"href":"https:\/\/muvehome.com\/cs\/wp-json\/wp\/v2\/comments?post=50142"}],"version-history":[{"count":3,"href":"https:\/\/muvehome.com\/cs\/wp-json\/wp\/v2\/pages\/50142\/revisions"}],"predecessor-version":[{"id":52590,"href":"https:\/\/muvehome.com\/cs\/wp-json\/wp\/v2\/pages\/50142\/revisions\/52590"}],"wp:attachment":[{"href":"https:\/\/muvehome.com\/cs\/wp-json\/wp\/v2\/media?parent=50142"}],"curies":[{"name":"wp","href":"https:\/\/api.w.org\/{rel}","templated":true}]}}