{"id":50153,"date":"2025-11-18T14:23:13","date_gmt":"2025-11-18T11:23:13","guid":{"rendered":"https:\/\/muvehome.com\/?page_id=50153"},"modified":"2026-04-28T17:34:31","modified_gmt":"2026-04-28T14:34:31","slug":"insurance-in-turkey","status":"publish","type":"page","link":"https:\/\/muvehome.com\/cs\/insurance-in-turkey\/","title":{"rendered":"Poji\u0161t\u011bn\u00ed v Turecku"},"content":{"rendered":"<p>[vc_row][vc_column][vc_single_image image=&#8220;50426&#8243; img_size=&#8220;full&#8220; alignment=&#8220;center&#8220;][\/vc_column][\/vc_row][vc_row][vc_column][vc_custom_heading text=&#8220;Komplexn\u00ed poji\u0161\u0165ovac\u00ed \u0159e\u0161en\u00ed v Turecku&#8220; font_container=&#8220;tag:h3|text_align:center&#8220; use_theme_fonts=&#8220;yes&#8220;][vc_column_text]<\/p>\n<p>A\u010dkoli spole\u010dnost<strong> Muve Home<\/strong> prim\u00e1rn\u011b p\u016fsob\u00ed jako stavebn\u00ed spole\u010dnost a realitn\u00ed kancel\u00e1\u0159, vybudovali jsme si tak\u00e9 silnou reputaci jako poskytovatel komplexn\u00edch poji\u0161\u0165ovac\u00edch \u0159e\u0161en\u00ed v Turecku.<br \/>\nNa\u0161e rozs\u00e1hl\u00e9 zku\u0161enosti v oblasti poji\u0161\u0165ovnictv\u00ed n\u00e1m umo\u017e\u0148uj\u00ed nab\u00edzet \u0161irokou \u0161k\u00e1lu pojistn\u00fdch produkt\u016f a slu\u017eeb p\u0159izp\u016fsoben\u00fdch specifick\u00fdm pot\u0159eb\u00e1m na\u0161ich klient\u016f. Jsme odhodl\u00e1ni poskytovat nejvy\u0161\u0161\u00ed \u00farove\u0148 slu\u017eeb a podpory a zaji\u0161\u0165ovat na\u0161im klient\u016fm klid a finan\u010dn\u00ed jistotu.<\/p>\n<p><strong>Jako poskytovatel poji\u0161t\u011bn\u00ed v Turecku se spole\u010dnost Alaiye \u00c7izgi Insurance<\/strong> specializuje na \u0159e\u0161en\u00ed na m\u00edru a \u0161irokou \u0161k\u00e1lu pojistn\u00fdch produkt\u016f, z nich\u017e ka\u017ed\u00fd m\u00e1 r\u016fzn\u00e9 mo\u017enosti kryt\u00ed a specifikace.<\/p>\n<p><strong>Mezi b\u011b\u017en\u00e9 typy poji\u0161t\u011bn\u00ed v Turecku pat\u0159\u00ed<\/strong>:<\/p>\n<p><strong>Zdravotn\u00ed poji\u0161t\u011bn\u00ed<\/strong> \u2013 pokr\u00fdv\u00e1 l\u00e9ka\u0159sk\u00e9 v\u00fddaje, jako jsou n\u00e1v\u0161t\u011bvy l\u00e9ka\u0159e, hospitalizace a l\u00e9ky na p\u0159edpis.<br \/>\nPodle tureck\u00fdch vl\u00e1dn\u00edch p\u0159edpis\u016f jsou cizinci \u017e\u00e1daj\u00edc\u00ed o povolen\u00ed k pobytu v Turecku povinni m\u00edt soukrom\u00e9 zdravotn\u00ed poji\u0161t\u011bn\u00ed spl\u0148uj\u00edc\u00ed minim\u00e1ln\u00ed po\u017eadavky, kter\u00e9 se li\u0161\u00ed podle d\u00e9lky pobytu.<\/p>\n<p><strong>\u017divotn\u00ed poji\u0161t\u011bn\u00ed<\/strong> \u2013 poskytuje finan\u010dn\u00ed podporu opr\u00e1vn\u011bn\u00fdm osob\u00e1m uveden\u00fdm ve smlouv\u011b v p\u0159\u00edpad\u011b \u00famrt\u00ed poji\u0161t\u011bnce.<\/p>\n<p><strong>Poji\u0161t\u011bn\u00ed invalidity<\/strong> \u2013 poskytuje n\u00e1hradu p\u0159\u00edjmu poji\u0161t\u011bnc\u016fm, kte\u0159\u00ed nejsou schopni pracovat v d\u016fsledku \u00farazu nebo nemoci.<\/p>\n<p><strong>Poji\u0161t\u011bn\u00ed nemovitosti (dom\u00e1cnosti)<\/strong> \u2013 poskytuje ochranu proti \u0161kod\u00e1m a odpov\u011bdnosti souvisej\u00edc\u00ed s nemovitost\u00ed, v\u010detn\u011b ztr\u00e1t zp\u016fsoben\u00fdch p\u0159\u00edrodn\u00edmi katastrofami nebo kr\u00e1de\u017e\u00ed.<br \/>\nVlastn\u00edci nemovitost\u00ed v Turecku jsou povinni m\u00edt poji\u0161t\u011bn\u00ed DASK, co\u017e je povinn\u00e9 poji\u0161t\u011bn\u00ed, kter\u00e9 kryje finan\u010dn\u00ed ztr\u00e1ty zp\u016fsoben\u00e9 zem\u011bt\u0159esen\u00edm.<\/p>\n<p><strong>Poji\u0161t\u011bn\u00ed odpov\u011bdnosti z provozu vozidla (povinn\u00e9 ru\u010den\u00ed)<\/strong> \u2013 kryje \u0161kody a odpov\u011bdnost vypl\u00fdvaj\u00edc\u00ed z dopravn\u00edch nehod motorov\u00fdch vozidel, v\u010detn\u011b motocykl\u016f.<\/p>\n<p><strong>Poji\u0161t\u011bn\u00ed odpov\u011bdnosti<\/strong> \u2013 chr\u00e1n\u00ed p\u0159ed pr\u00e1vn\u00edmi n\u00e1roky a \u0161kodami, za kter\u00e9 nesete odpov\u011bdnost.<\/p>\n<p><strong>Cestovn\u00ed poji\u0161t\u011bn\u00ed<\/strong> \u2013 poskytuje finan\u010dn\u00ed ochranu a asistenci p\u0159i neo\u010dek\u00e1van\u00fdch ud\u00e1lostech, jako jsou zru\u0161en\u00ed cesty, l\u00e9ka\u0159sk\u00e9 nouzov\u00e9 situace, ztr\u00e1ta zavazadel nebo jin\u00e9 nep\u0159edv\u00eddan\u00e9 okolnosti b\u011bhem cestov\u00e1n\u00ed.<\/p>\n<p>[\/vc_column_text][\/vc_column][\/vc_row][vc_row][vc_column el_class=&#8220;listing-form-area&#8220;]<div class=\"hero text-left\"><strong>Kontaktujte n\u00e1s! - Poji\u0161t\u011bn\u00ed v Turecku<\/strong><\/div>\n<div class=\"wpcf7 no-js\" id=\"wpcf7-f1171-o5\" lang=\"en-US\" dir=\"ltr\" data-wpcf7-id=\"1171\">\n<div class=\"screen-reader-response\"><p role=\"status\" aria-live=\"polite\" aria-atomic=\"true\"><\/p> <ul><\/ul><\/div>\n<form action=\"\/cs\/wp-json\/wp\/v2\/pages\/50153#wpcf7-f1171-o5\" method=\"post\" class=\"wpcf7-form init\" aria-label=\"Contact form\" novalidate=\"novalidate\" data-status=\"init\">\n<fieldset class=\"hidden-fields-container\"><input type=\"hidden\" name=\"_wpcf7\" value=\"1171\" \/><input type=\"hidden\" name=\"_wpcf7_version\" value=\"6.1.5\" \/><input type=\"hidden\" name=\"_wpcf7_locale\" value=\"en_US\" \/><input type=\"hidden\" name=\"_wpcf7_unit_tag\" value=\"wpcf7-f1171-o5\" \/><input type=\"hidden\" name=\"_wpcf7_container_post\" value=\"0\" \/><input type=\"hidden\" name=\"_wpcf7_posted_data_hash\" value=\"\" \/><input type=\"hidden\" name=\"_wpcf7_locale_orj\" value=\"cs_CZ\" \/>\n<\/fieldset>\n<div class=\"wpcf7-turnstile cf-turnstile\" data-sitekey=\"0x4AAAAAACbErzKFbnzFNt0g\" data-response-field-name=\"_wpcf7_turnstile_response\"><\/div>\n\n<div class=\"fields fields-3\">\n\t<p><span class=\"wpcf7-form-control-wrap\" data-name=\"your-name\"><input size=\"40\" maxlength=\"400\" class=\"wpcf7-form-control wpcf7-text wpcf7-validates-as-required name\" aria-required=\"true\" aria-invalid=\"false\" placeholder=\"Name*\" value=\"\" type=\"text\" name=\"your-name\" \/><\/span><br \/>\n<span class=\"wpcf7-form-control-wrap\" data-name=\"your-email\"><input size=\"40\" maxlength=\"400\" class=\"wpcf7-form-control wpcf7-email wpcf7-validates-as-required wpcf7-text wpcf7-validates-as-email email\" aria-required=\"true\" aria-invalid=\"false\" placeholder=\"E-Mail*\" value=\"\" type=\"email\" name=\"your-email\" \/><\/span><br \/>\n<span class=\"wpcf7-form-control-wrap\" data-name=\"your-phone\"><input size=\"40\" class=\"wpcf7-form-control wpcf7-phonetext wpcf7-validates-as-required wpcf7-text wpcf7-validates-as-phonetext phone\" aria-required=\"true\" aria-invalid=\"false\" value=\"+90\" type=\"text\" name=\"your-phone\" \/><input type=\"hidden\" name=\"your-phone-country-code\" class=\"wpcf7-phonetext-country-code\" \/><\/span>\n\t<\/p>\n<\/div>\n<div class=\"fields fields-odd\">\n\t<p><span class=\"wpcf7-form-control-wrap\" data-name=\"your-question\"><input size=\"40\" maxlength=\"400\" class=\"wpcf7-form-control wpcf7-text wpcf7-validates-as-required question\" aria-required=\"true\" aria-invalid=\"false\" placeholder=\"Any Question?\" value=\"\" type=\"text\" name=\"your-question\" \/><\/span><br \/>\n<input class=\"wpcf7-form-control wpcf7-submit has-spinner\" type=\"submit\" value=\"Send\" \/>\n\t<\/p>\n<\/div><div class=\"wpcf7-response-output\" aria-hidden=\"true\"><\/div>\n<\/form>\n<\/div>\n[vc_empty_space][\/vc_column][\/vc_row]<\/p>","protected":false},"excerpt":{"rendered":"<p>[vc_row][vc_column][vc_single_image image=&#8220;50426&#8243; img_size=&#8220;full&#8220; alignment=&#8220;center&#8220;][\/vc_column][\/vc_row][vc_row][vc_column][vc_custom_heading text=&#8220;Komplexn\u00ed poji\u0161\u0165ovac\u00ed \u0159e\u0161en\u00ed v Turecku&#8220; font_container=&#8220;tag:h3|text_align:center&#8220; use_theme_fonts=&#8220;yes&#8220;][vc_column_text] A\u010dkoli spole\u010dnost Muve Home prim\u00e1rn\u011b p\u016fsob\u00ed jako stavebn\u00ed spole\u010dnost a realitn\u00ed kancel\u00e1\u0159, vybudovali jsme si tak\u00e9 silnou reputaci jako poskytovatel komplexn\u00edch poji\u0161\u0165ovac\u00edch \u0159e\u0161en\u00ed v Turecku. Na\u0161e rozs\u00e1hl\u00e9 zku\u0161enosti v oblasti poji\u0161\u0165ovnictv\u00ed n\u00e1m umo\u017e\u0148uj\u00ed nab\u00edzet \u0161irokou \u0161k\u00e1lu pojistn\u00fdch produkt\u016f a slu\u017eeb p\u0159izp\u016fsoben\u00fdch specifick\u00fdm pot\u0159eb\u00e1m na\u0161ich [&hellip;]<\/p>\n","protected":false},"author":47,"featured_media":0,"parent":0,"menu_order":0,"comment_status":"closed","ping_status":"closed","template":"page-text.php","meta":{"inline_featured_image":false,"footnotes":""},"class_list":["post-50153","page","type-page","status-publish","hentry"],"_links":{"self":[{"href":"https:\/\/muvehome.com\/cs\/wp-json\/wp\/v2\/pages\/50153","targetHints":{"allow":["GET"]}}],"collection":[{"href":"https:\/\/muvehome.com\/cs\/wp-json\/wp\/v2\/pages"}],"about":[{"href":"https:\/\/muvehome.com\/cs\/wp-json\/wp\/v2\/types\/page"}],"author":[{"embeddable":true,"href":"https:\/\/muvehome.com\/cs\/wp-json\/wp\/v2\/users\/47"}],"replies":[{"embeddable":true,"href":"https:\/\/muvehome.com\/cs\/wp-json\/wp\/v2\/comments?post=50153"}],"version-history":[{"count":3,"href":"https:\/\/muvehome.com\/cs\/wp-json\/wp\/v2\/pages\/50153\/revisions"}],"predecessor-version":[{"id":52711,"href":"https:\/\/muvehome.com\/cs\/wp-json\/wp\/v2\/pages\/50153\/revisions\/52711"}],"wp:attachment":[{"href":"https:\/\/muvehome.com\/cs\/wp-json\/wp\/v2\/media?parent=50153"}],"curies":[{"name":"wp","href":"https:\/\/api.w.org\/{rel}","templated":true}]}}