{"id":1311,"date":"2021-04-27T07:28:07","date_gmt":"2021-04-27T07:28:07","guid":{"rendered":"https:\/\/muvehome.com\/?page_id=1311"},"modified":"2026-04-30T13:14:25","modified_gmt":"2026-04-30T10:14:25","slug":"about-us","status":"publish","type":"page","link":"https:\/\/muvehome.com\/de\/about-us\/","title":{"rendered":"\u00dcber uns"},"content":{"rendered":"<p>[vc_row css=&#8220;.vc_custom_1619509319604{margin-top: 30px !important;margin-bottom: 30px !important;}&#8220;][vc_column][vc_single_image image=&#8220;50510&#8243; img_size=&#8220;full&#8220;][vc_custom_heading text=&#8220;<strong>\u00dcBER MUVE HOME CONSTRUCTION &amp; REAL ESTATE<\/strong>&#8220; font_container=&#8220;tag:h3|text_align:center&#8220; use_theme_fonts=&#8220;yes&#8220;][vc_column_text]Suchen Sie einen zuverl\u00e4ssigen und vertrauensw\u00fcrdigen Partner f\u00fcr Ihre Immobilieninvestition und Ihr Leben in der T\u00fcrkei? Dann sind Sie bei <strong>Muve Home<\/strong> genau richtig.<\/p>\n<p>Gegr\u00fcndet im Jahr 2003 unter dem Namen <strong>\u201eAlaiye \u00c7izgi Sigorta\u201c<\/strong>, machten wir uns schnell einen Namen in der t\u00fcrkischen Versicherungsbranche und gewannen durch unser Engagement f\u00fcr Vertrauen und Service einen treuen Kundenstamm.<\/p>\n<p>Unser etabliertes Unternehmen mit einem ausgezeichneten Ruf hat seine Pr\u00e4senz durch den Bau eigener Projekte in der Region <strong>Alanya<\/strong> weiter gest\u00e4rkt. Als hoch angesehene <strong>Baufirma in Alanya<\/strong> und Immobilienexperte an der <strong>T\u00fcrkischen Riviera<\/strong> treten wir unter dem Namen <strong>Muve Home<\/strong> auf.<\/p>\n<p>Seit 2021 bietet Muve Home hochwertige <strong>Bau- und Immobiliendienstleistungen<\/strong> in Alanya und entlang der T\u00fcrkischen Riviera an. Neben modernen Wohnimmobilien bieten wir umfassende Unterst\u00fctzung in den Bereichen <strong>Immobilienverwaltung<\/strong>, <strong>M\u00f6blierung von Wohnungen<\/strong>, <strong>Vermietungsservice<\/strong>, <strong>umfassende Versicherungsl\u00f6sungen<\/strong>,<strong> Beantragung von Aufenthaltserlaubnissen sowie Verfahren zur Erlangung der t\u00fcrkischen Staatsb\u00fcrgerschaft<\/strong>.<\/p>\n<p><strong>Beglaubigte \u00dcbersetzungs- und Dolmetschleistungen<\/strong> in und aus dem T\u00fcrkischen werden von einem beeidigten \u00dcbersetzer erbracht. Unser Sprachportfolio umfasst <strong>Englisch<\/strong>, <strong>Slowakisch<\/strong>, <strong>Tschechisch<\/strong>,<strong> Russisch und Deutsch<\/strong>.<\/p>\n<p>Mit unseren erstklassigen Dienstleistungen rund um <strong>Immobilieninvestitionen und das Leben in der T\u00fcrkei<\/strong> sowie einer <strong>professionellen und geduldigen Beratung<\/strong> sind wir Ihr <strong>vertrauensw\u00fcrdiger und zuverl\u00e4ssiger Immobilienpartner<\/strong>.<\/p>\n<p>\u201eDer Schl\u00fcssel zu unserem Erfolg ist Ihre Zufriedenheit.\u201c<\/p>\n<p><em>Muve Home Construction &amp; Real Estate<\/em><\/p>\n<p><strong><em>Mustafa Durgun &#8211; Beeidigter \u00dcbersetzer und Dolmetscher in Antalya Alanya<\/em><\/strong><\/p>\n<p><strong><em>Veronika Psotna &#8211;<\/em><\/strong><strong> <em>Beeidigte \u00dcbersetzerin und Dolmetscherin in Antalya Alanya<\/em><\/strong>[\/vc_column_text][\/vc_column][\/vc_row][vc_row][vc_column el_class=&#8220;listing-form-area&#8220;]<div class=\"hero text-left\">Kontaktieren Sie uns \u2013 MUVE HOME!<\/div>\n<div class=\"wpcf7 no-js\" id=\"wpcf7-f1171-o3\" lang=\"en-US\" dir=\"ltr\" data-wpcf7-id=\"1171\">\n<div class=\"screen-reader-response\"><p role=\"status\" aria-live=\"polite\" aria-atomic=\"true\"><\/p> <ul><\/ul><\/div>\n<form action=\"\/de\/wp-json\/wp\/v2\/pages\/1311#wpcf7-f1171-o3\" method=\"post\" class=\"wpcf7-form init\" aria-label=\"Contact form\" novalidate=\"novalidate\" data-status=\"init\">\n<fieldset class=\"hidden-fields-container\"><input type=\"hidden\" name=\"_wpcf7\" value=\"1171\" \/><input type=\"hidden\" name=\"_wpcf7_version\" value=\"6.1.5\" \/><input type=\"hidden\" name=\"_wpcf7_locale\" value=\"en_US\" \/><input type=\"hidden\" name=\"_wpcf7_unit_tag\" value=\"wpcf7-f1171-o3\" \/><input type=\"hidden\" name=\"_wpcf7_container_post\" value=\"0\" \/><input type=\"hidden\" name=\"_wpcf7_posted_data_hash\" value=\"\" \/><input type=\"hidden\" name=\"_wpcf7_locale_orj\" value=\"de_DE\" \/>\n<\/fieldset>\n<div class=\"wpcf7-turnstile cf-turnstile\" data-sitekey=\"0x4AAAAAACbErzKFbnzFNt0g\" data-response-field-name=\"_wpcf7_turnstile_response\"><\/div>\n\n<div class=\"fields fields-3\">\n\t<p><span class=\"wpcf7-form-control-wrap\" data-name=\"your-name\"><input size=\"40\" maxlength=\"400\" class=\"wpcf7-form-control wpcf7-text wpcf7-validates-as-required name\" aria-required=\"true\" aria-invalid=\"false\" placeholder=\"Name*\" value=\"\" type=\"text\" name=\"your-name\" \/><\/span><br \/>\n<span class=\"wpcf7-form-control-wrap\" data-name=\"your-email\"><input size=\"40\" maxlength=\"400\" class=\"wpcf7-form-control wpcf7-email wpcf7-validates-as-required wpcf7-text wpcf7-validates-as-email email\" aria-required=\"true\" aria-invalid=\"false\" placeholder=\"E-Mail*\" value=\"\" type=\"email\" name=\"your-email\" \/><\/span><br \/>\n<span class=\"wpcf7-form-control-wrap\" data-name=\"your-phone\"><input size=\"40\" class=\"wpcf7-form-control wpcf7-phonetext wpcf7-validates-as-required wpcf7-text wpcf7-validates-as-phonetext phone\" aria-required=\"true\" aria-invalid=\"false\" value=\"+90\" type=\"text\" name=\"your-phone\" \/><input type=\"hidden\" name=\"your-phone-country-code\" class=\"wpcf7-phonetext-country-code\" \/><\/span>\n\t<\/p>\n<\/div>\n<div class=\"fields fields-odd\">\n\t<p><span class=\"wpcf7-form-control-wrap\" data-name=\"your-question\"><input size=\"40\" maxlength=\"400\" class=\"wpcf7-form-control wpcf7-text wpcf7-validates-as-required question\" aria-required=\"true\" aria-invalid=\"false\" placeholder=\"Any Question?\" value=\"\" type=\"text\" name=\"your-question\" \/><\/span><br \/>\n<input class=\"wpcf7-form-control wpcf7-submit has-spinner\" type=\"submit\" value=\"Send\" \/>\n\t<\/p>\n<\/div><div class=\"wpcf7-response-output\" aria-hidden=\"true\"><\/div>\n<\/form>\n<\/div>\n[\/vc_column][\/vc_row][vc_row][vc_column][\/vc_column][\/vc_row]<\/p>","protected":false},"excerpt":{"rendered":"<p>[vc_row css=&#8220;.vc_custom_1619509319604{margin-top: 30px !important;margin-bottom: 30px !important;}&#8220;][vc_column][vc_single_image image=&#8220;50510&#8243; img_size=&#8220;full&#8220;][vc_custom_heading text=&#8220;\u00dcBER MUVE HOME CONSTRUCTION &amp; REAL ESTATE&#8220; font_container=&#8220;tag:h3|text_align:center&#8220; use_theme_fonts=&#8220;yes&#8220;][vc_column_text]Suchen Sie einen zuverl\u00e4ssigen und vertrauensw\u00fcrdigen Partner f\u00fcr Ihre Immobilieninvestition und Ihr Leben in der T\u00fcrkei? Dann sind Sie bei Muve Home genau richtig. Gegr\u00fcndet im Jahr 2003 unter dem Namen \u201eAlaiye \u00c7izgi Sigorta\u201c, machten wir uns schnell einen [&hellip;]<\/p>\n","protected":false},"author":47,"featured_media":0,"parent":0,"menu_order":0,"comment_status":"closed","ping_status":"closed","template":"page-text.php","meta":{"inline_featured_image":false,"footnotes":""},"class_list":["post-1311","page","type-page","status-publish","hentry"],"_links":{"self":[{"href":"https:\/\/muvehome.com\/de\/wp-json\/wp\/v2\/pages\/1311","targetHints":{"allow":["GET"]}}],"collection":[{"href":"https:\/\/muvehome.com\/de\/wp-json\/wp\/v2\/pages"}],"about":[{"href":"https:\/\/muvehome.com\/de\/wp-json\/wp\/v2\/types\/page"}],"author":[{"embeddable":true,"href":"https:\/\/muvehome.com\/de\/wp-json\/wp\/v2\/users\/47"}],"replies":[{"embeddable":true,"href":"https:\/\/muvehome.com\/de\/wp-json\/wp\/v2\/comments?post=1311"}],"version-history":[{"count":3,"href":"https:\/\/muvehome.com\/de\/wp-json\/wp\/v2\/pages\/1311\/revisions"}],"predecessor-version":[{"id":52862,"href":"https:\/\/muvehome.com\/de\/wp-json\/wp\/v2\/pages\/1311\/revisions\/52862"}],"wp:attachment":[{"href":"https:\/\/muvehome.com\/de\/wp-json\/wp\/v2\/media?parent=1311"}],"curies":[{"name":"wp","href":"https:\/\/api.w.org\/{rel}","templated":true}]}}