{"id":3,"date":"2021-02-12T10:00:58","date_gmt":"2021-02-12T07:00:58","guid":{"rendered":"https:\/\/muvehome.com\/?page_id=3"},"modified":"2026-04-16T16:18:20","modified_gmt":"2026-04-16T13:18:20","slug":"privacy-policy","status":"publish","type":"page","link":"https:\/\/muvehome.com\/de\/privacy-policy\/","title":{"rendered":"Datenschutzerkl\u00e4rung"},"content":{"rendered":"<p><strong>Datenschutzerkl\u00e4rung (KVKK-Informationspflicht &#8211; Kurzfassung)<\/strong><\/p>\n<p><strong>Allgemeine Informationen zum Gesetz \u00fcber den Schutz personenbezogener Daten<\/strong><\/p>\n<p>Das Gesetz Nr. 6698 \u00fcber den Schutz personenbezogener Daten (\u201eKVKK\u201c) wurde am 24. M\u00e4rz 2016 verabschiedet und im Amtsblatt vom 7. April 2016 unter der Nummer 29677 ver\u00f6ffentlicht. Einige Bestimmungen des Gesetzes traten mit dem Datum der Ver\u00f6ffentlichung in Kraft, w\u00e4hrend andere am 7. Oktober 2016 in Kraft traten.<\/p>\n<p><strong>Informationen als Verantwortlicher f\u00fcr die Datenverarbeitung<\/strong><\/p>\n<p>Gem\u00e4\u00df dem Gesetz Nr. 6698 \u00fcber den Schutz personenbezogener Daten k\u00f6nnen Ihre personenbezogenen Daten durch den Verantwortlichen f\u00fcr die Datenverarbeitung im Einklang mit dem Gesetz sowie den Grunds\u00e4tzen von Treu und Glauben verarbeitet und \u2013 sofern erforderlich \u2013 auf dem neuesten Stand gehalten werden, zu bestimmten, eindeutigen und rechtm\u00e4\u00dfigen Zwecken.<br \/>\nIhre personenbezogenen Daten k\u00f6nnen erfasst, gespeichert, aktualisiert, offengelegt oder \u2013 soweit gesetzlich zul\u00e4ssig \u2013 an Dritte \u00fcbermittelt, kategorisiert und gem\u00e4\u00df den Bestimmungen des KVKK verarbeitet werden.<\/p>\n<p><strong>Methoden der Verarbeitung Ihrer personenbezogenen Daten<\/strong><\/p>\n<p>Gem\u00e4\u00df dem KVKK k\u00f6nnen Ihre an unser Unternehmen \u00fcbermittelten personenbezogenen Daten vollst\u00e4ndig oder teilweise automatisiert oder nicht automatisiert verarbeitet werden, sofern sie Teil eines Datenverarbeitungssystems sind. Sie k\u00f6nnen erfasst, gespeichert, ge\u00e4ndert, neu organisiert und Gegenstand jeglicher Verarbeitungsvorg\u00e4nge sein.<br \/>\nJede Verarbeitung personenbezogener Daten im Rahmen des KVKK gilt als \u201eVerarbeitung personenbezogener Daten\u201c.<\/p>\n<p><strong>Zwecke und Rechtsgrundlagen der Verarbeitung Ihrer personenbezogenen Daten<\/strong><\/p>\n<p>Ihre personenbezogenen Daten k\u00f6nnen zu folgenden Zwecken verarbeitet werden:<br \/>\n\u2022 Zur Erbringung unserer Dienstleistungen im Einklang mit vertraglichen und technologischen Anforderungen,<br \/>\n\u2022 Zur Verbesserung unserer Produkte und Dienstleistungen,<br \/>\n\u2022 Zur Erfassung von Identit\u00e4ts-, Adress- und weiteren erforderlichen Daten im Rahmen des Gesetzes Nr. 6563 \u00fcber die Regulierung des elektronischen Gesch\u00e4ftsverkehrs, des Gesetzes Nr. 6502 zum Verbraucherschutz sowie der einschl\u00e4gigen Gesetzgebung,<br \/>\n\u2022 Zur Durchf\u00fchrung von Zahlungsprozessen, elektronischen Vertr\u00e4gen und damit verbundenen rechtlichen Aufzeichnungen,<br \/>\n\u2022 Zur Erf\u00fcllung gesetzlicher Verpflichtungen und zur Bereitstellung von Informationen an autorisierte Institutionen,<br \/>\n\u2022 Zur Bereitstellung von Informationen an zust\u00e4ndige Beh\u00f6rden im Falle rechtlicher Streitigkeiten oder Anfragen im Zusammenhang mit der \u00f6ffentlichen Sicherheit gem\u00e4\u00df KVKK und geltendem Recht.<\/p>\n<p><strong>\u00dcbermittlung personenbezogener Daten<\/strong><\/p>\n<p>Ihre personenbezogenen Daten k\u00f6nnen ausschlie\u00dflich zu den oben genannten Zwecken an folgende Stellen weitergegeben werden:<br \/>\n\u2022 Unseren Website-Infrastruktur-Anbieter \u0130zofis,<br \/>\n\u2022 Autorisierte Mitarbeiter des Unternehmens,<br \/>\n\u2022 Zust\u00e4ndige \u00f6ffentliche Institutionen und Organisationen, sofern gesetzlich erforderlich.<\/p>\n<p><strong>Methoden der Erhebung personenbezogener Daten<\/strong><\/p>\n<p>Ihre personenbezogenen Daten k\u00f6nnen m\u00fcndlich, schriftlich oder elektronisch erhoben werden \u00fcber:<br \/>\n\u2022 Websites, mobile Anwendungen und Formulare,<br \/>\n\u2022 Telefon, E-Mail, Visitenkarten sowie m\u00fcndliche oder schriftliche Kommunikationskan\u00e4le,<br \/>\n\u2022 Verkaufs-, Marketing- und Callcenter-Aktivit\u00e4ten,<br \/>\n\u2022 Cookies und IP-Protokolle,<br \/>\n\u2022 Soziale Medien, Kampagnen, Umfragen und \u00e4hnliche digitale Kan\u00e4le.<\/p>\n<p><strong>Datenspeicherung und Sicherheit<\/strong><\/p>\n<p>Ihre personenbezogenen Daten werden gem\u00e4\u00df Artikel 12 des KVKK vertraulich gespeichert und durch geeignete technische und organisatorische Ma\u00dfnahmen gegen unbefugten Zugriff gesch\u00fctzt.<br \/>\nIm Falle einer Verletzung der Datensicherheit wird der Vorfall gem\u00e4\u00df den geltenden gesetzlichen Bestimmungen den zust\u00e4ndigen Beh\u00f6rden gemeldet.<\/p>\n<p><strong>Richtigkeit und Aktualit\u00e4t der Daten<\/strong><\/p>\n<p>Gem\u00e4\u00df Artikel 4 des KVKK m\u00fcssen Ihre personenbezogenen Daten korrekt und aktuell sein. Daher sind Nutzer verpflichtet, richtige und aktuelle Informationen bereitzustellen.<\/p>\n<p><strong>Rechte der betroffenen Person<\/strong><\/p>\n<p>Gem\u00e4\u00df Artikel 11 des KVKK haben Sie folgende Rechte:<br \/>\n\u2022 Zu erfahren, ob Ihre personenbezogenen Daten verarbeitet werden,<br \/>\n\u2022 Auskunft zu verlangen, falls diese verarbeitet werden,<br \/>\n\u2022 Den Zweck der Verarbeitung zu erfahren und ob diese zweckgem\u00e4\u00df erfolgt,<br \/>\n\u2022 Die Empf\u00e4nger zu kennen, an die die Daten im In- oder Ausland \u00fcbermittelt werden,<br \/>\n\u2022 Berichtigung unvollst\u00e4ndiger oder fehlerhafter Daten zu verlangen,<br \/>\n\u2022 L\u00f6schung oder Vernichtung unter den Voraussetzungen des KVKK zu verlangen,<br \/>\n\u2022 Die Mitteilung dieser Ma\u00dfnahmen an Dritte zu verlangen,<br \/>\n\u2022 Widerspruch gegen Ergebnisse einzulegen, die ausschlie\u00dflich durch automatisierte Systeme entstehen,<br \/>\n\u2022 Schadensersatz zu verlangen, sofern ein Schaden durch unrechtm\u00e4\u00dfige Verarbeitung entsteht.<\/p>","protected":false},"excerpt":{"rendered":"<p>Datenschutzerkl\u00e4rung (KVKK-Informationspflicht &#8211; Kurzfassung) Allgemeine Informationen zum Gesetz \u00fcber den Schutz personenbezogener Daten Das Gesetz Nr. 6698 \u00fcber den Schutz personenbezogener Daten (\u201eKVKK\u201c) wurde am 24. M\u00e4rz 2016 verabschiedet und im Amtsblatt vom 7. April 2016 unter der Nummer 29677 ver\u00f6ffentlicht. Einige Bestimmungen des Gesetzes traten mit dem Datum der Ver\u00f6ffentlichung in Kraft, w\u00e4hrend andere [&hellip;]<\/p>\n","protected":false},"author":47,"featured_media":0,"parent":0,"menu_order":0,"comment_status":"closed","ping_status":"closed","template":"","meta":{"inline_featured_image":false,"footnotes":""},"class_list":["post-3","page","type-page","status-publish","hentry"],"_links":{"self":[{"href":"https:\/\/muvehome.com\/de\/wp-json\/wp\/v2\/pages\/3","targetHints":{"allow":["GET"]}}],"collection":[{"href":"https:\/\/muvehome.com\/de\/wp-json\/wp\/v2\/pages"}],"about":[{"href":"https:\/\/muvehome.com\/de\/wp-json\/wp\/v2\/types\/page"}],"author":[{"embeddable":true,"href":"https:\/\/muvehome.com\/de\/wp-json\/wp\/v2\/users\/47"}],"replies":[{"embeddable":true,"href":"https:\/\/muvehome.com\/de\/wp-json\/wp\/v2\/comments?post=3"}],"version-history":[{"count":3,"href":"https:\/\/muvehome.com\/de\/wp-json\/wp\/v2\/pages\/3\/revisions"}],"predecessor-version":[{"id":52258,"href":"https:\/\/muvehome.com\/de\/wp-json\/wp\/v2\/pages\/3\/revisions\/52258"}],"wp:attachment":[{"href":"https:\/\/muvehome.com\/de\/wp-json\/wp\/v2\/media?parent=3"}],"curies":[{"name":"wp","href":"https:\/\/api.w.org\/{rel}","templated":true}]}}