{"id":50142,"date":"2025-11-18T14:20:32","date_gmt":"2025-11-18T11:20:32","guid":{"rendered":"https:\/\/muvehome.com\/?page_id=50142"},"modified":"2026-04-27T13:05:01","modified_gmt":"2026-04-27T10:05:01","slug":"faq","status":"publish","type":"page","link":"https:\/\/muvehome.com\/de\/faq\/","title":{"rendered":"FAQ"},"content":{"rendered":"<p>[vc_row][vc_column][vc_single_image image=&#8220;50420&#8243; img_size=&#8220;full&#8220;][\/vc_column][\/vc_row][vc_row][vc_column][vc_column_text]<strong>H\u00c4UFIG GESTELLTE FRAGEN<\/strong><\/p>\n<p>[\/vc_column_text][\/vc_column][\/vc_row][vc_row][vc_column][vc_tta_accordion][vc_tta_section title=&#8220;<strong>Warum in Immobilien in der T\u00fcrkei investieren?<\/strong>&#8220; tab_id=&#8220;1763978534613-9b832e01-69f3&#8243;][vc_column_text]<\/p>\n<p>I am text block. Click edit button to change this text. Lorem ipsum dolor sit amet, consectetur adipiscing elit. Ut elit tellus, luctus nec ullamcorper mattis, pulvinar dapibus leo.<\/p>\n<p>[\/vc_column_text][\/vc_tta_section][vc_tta_section title=&#8220;<strong>Wie erh\u00e4lt man die t\u00fcrkische Staatsb\u00fcrgerschaft durch Immobilieninvestitionen?<\/strong>&#8220; tab_id=&#8220;1763978534617-9238bb69-ea5d&#8220;][vc_column_text]<\/p>\n<p>Der Erwerb einer Immobilie im Wert von mindestens 400.000 USD gem\u00e4\u00df dem Gutachten (Bewertungsbericht). Dabei gilt f\u00fcr den Eigent\u00fcmer eine Einschr\u00e4nkung, die als \u201eSperrfrist\u201c bezeichnet wird. Das bedeutet, dass die Immobilie f\u00fcr bis zu drei Jahre weder verkauft noch das Eigentumsdokument (Grundbuch\/Tapu) auf eine andere Person \u00fcbertragen werden darf.<\/p>\n<p>[\/vc_column_text][\/vc_tta_section][vc_tta_section title=&#8220;<strong>Wie erh\u00e4lt man eine Aufenthaltsgenehmigung (\u201eIkamet\u201c) in der T\u00fcrkei durch Immobilieninvestitionen?<\/strong>&#8220; tab_id=&#8220;1763978553561-6e2b6e2c-cb22&#8243;][vc_column_text]<\/p>\n<p><strong>Durch den Erwerb einer Immobilie in der T\u00fcrkei<\/strong> k\u00f6nnen Sie eine Aufenthaltsgenehmigung (\u201e<strong>Ikamet<\/strong>\u201c) erhalten. Zusammen mit dem Eigent\u00fcmer k\u00f6nnen auch dessen unmittelbare Familienangeh\u00f6rige, der Ehepartner sowie Kinder unter 18 Jahren eine Aufenthaltsgenehmigung erhalten.<\/p>\n<p>[\/vc_column_text][\/vc_tta_section][vc_tta_section title=&#8220;<strong>Was ist die DASK-Versicherung in der T\u00fcrkei?<\/strong>&#8220; tab_id=&#8220;1763979516467-a19dfc0d-80d8&#8243;][vc_column_text]<\/p>\n<p><strong>DASK <\/strong>steht f\u00fcr \u201eDo\u011fal Afet Sigortalar\u0131 Kurumu\u201c, was <strong>auf Deutsch als \u201eInstitution f\u00fcr Naturkatastrophenversicherungen\u201c <\/strong>\u00fcbersetzt wird.<\/p>\n<p>Immobilieneigent\u00fcmer in der T\u00fcrkei sind verpflichtet, f\u00fcr ihre Immobilie eine<strong> DASK-Versicherung <\/strong>(\u201e<strong>Zorunlu Deprem Sigortas\u0131<\/strong>\u201c) abzuschlie\u00dfen. Dabei handelt es sich um eine <strong>verpflichtende Erdbebenversicherung<\/strong>, die vor finanziellen Sch\u00e4den durch Naturkatastrophen sch\u00fctzt.\u201c<\/p>\n<p>[\/vc_column_text][\/vc_tta_section][vc_tta_section title=&#8220;<strong>Ist ein Immobiliengutachten beim Kauf von Immobilien in der T\u00fcrkei verpflichtend?<\/strong>&#8220; tab_id=&#8220;1763979563181-186d98a9-deb4&#8243;][vc_column_text]<\/p>\n<p>Es ist gesetzlich oder durch Vorschriften vorgeschrieben, beim Kauf oder Verkauf von Immobilien in der T\u00fcrkei ein Immobiliengutachten (Bewertungsbericht) erstellen zu lassen.<\/p>\n<p>Nur lizenzierte und autorisierte unabh\u00e4ngige Experten d\u00fcrfen Immobilienbewertungen durchf\u00fchren. Der ermittelte Wert wird zur Berechnung der Steuer verwendet, die bei der Beantragung des Tapu (Eigentumsurkunde) zu zahlen ist, sowie f\u00fcr die j\u00e4hrliche Grundsteuer.<\/p>\n<p>[\/vc_column_text][\/vc_tta_section][vc_tta_section title=&#8220;<strong>Was ist die Grunderwerbsteuer \u201eTapu-Geb\u00fchr\u201c?<\/strong>&#8220; tab_id=&#8220;1763979670705-01fec674-22d7&#8243;][vc_column_text]<\/p>\n<p><strong>Die Grunderwerbsteuer \u201eTapu-Geb\u00fchr\u201c <\/strong>ist eine Steuer auf die Eintragung von Eigentumsrechten. Der Betrag wird auf Grundlage eines aktuellen Satzes von 4 % des vom Grundbuchamt festgelegten Katasterwerts berechnet, der in der Regel niedriger ist als der tats\u00e4chliche Marktwert der Immobilie. Diese einmalige Steuer wird vom K\u00e4ufer zum Zeitpunkt der Eigentums\u00fcbertragung bei einer staatlichen Bank gezahlt.<\/p>\n<p>[\/vc_column_text][\/vc_tta_section][vc_tta_section title=&#8220;<strong>Was ist \u201eIskan\u201c?<\/strong>&#8220; tab_id=&#8220;1763979736973-386f52f1-e061&#8243;][vc_column_text]<\/p>\n<p>Iskan ist eine beh\u00f6rdliche Nutzungsbewilligung der zust\u00e4ndigen Gemeinde in der T\u00fcrkei, die best\u00e4tigt, dass ein Geb\u00e4ude fertiggestellt, gepr\u00fcft und zur Nutzung freigegeben wurde.<\/p>\n<p>Der Immobilienentwickler ist <strong>nach Fertigstellung des Projekts<\/strong> daf\u00fcr verantwortlich, <strong>die Abschlussbescheinigung<\/strong> bzw. den \u201e<strong>Genel Iskan<\/strong>\u201c bei der Gemeinde einzuholen. Diese Bescheinigung best\u00e4tigt, dass das Projekt gem\u00e4\u00df den genehmigten Pl\u00e4nen und Vorschriften in Betrieb genommen wurde. Sie stellt sicher, dass das Geb\u00e4ude oder die Wohnanlage sicher und bewohnbar ist und an Versorgungsleitungen wie Wasser und Strom angeschlossen werden kann.<\/p>\n<p><strong>Die Bewohnbarkeitsbescheinigung<\/strong> \u201e<strong>Ferdi Iskan<\/strong>\u201c ist <strong>die Genehmigung f\u00fcr eine einzelne Wohneinheit<\/strong>, Wohnung oder Villa innerhalb einer Wohnanlage. Sie bezieht sich auf eine einzelne Einheit und best\u00e4tigt, dass diese technisch gepr\u00fcft wurde und f\u00fcr Wohnzwecke geeignet und sicher ist.<\/p>\n<p>[\/vc_column_text][\/vc_tta_section][vc_tta_section title=&#8220;<strong>Was ist die j\u00e4hrliche Grundsteuer oder \u201eEmlak Vergisi\u201c in der T\u00fcrkei?<\/strong>&#8220; tab_id=&#8220;1763979793421-c3a242c0-9b60&#8243;][vc_column_text]<\/p>\n<p>Immobilieneigent\u00fcmer in der T\u00fcrkei sind verpflichtet, eine j\u00e4hrliche Grundsteuer, die als \u201eEmlak Vergisi\u201c bezeichnet wird, zu zahlen. Der Steuersatz wird auf Grundlage des Katasterwerts der Immobilie berechnet. Er betr\u00e4gt in der Regel 0,1 % f\u00fcr Wohnimmobilien in kleineren St\u00e4dten und 0,2 % in gro\u00dfen St\u00e4dten.<\/p>\n<p>Diese Steuer wird an die zust\u00e4ndige Gemeinde gezahlt und in zwei Raten entrichtet: Die erste Rate ist im Mai f\u00e4llig und die zweite Rate im November jedes Jahres.<\/p>\n<p>[\/vc_column_text][\/vc_tta_section][vc_tta_section title=&#8220;<strong>Was ist das Erbrecht f\u00fcr Immobilien in der T\u00fcrkei?<\/strong>&#8220; tab_id=&#8220;1763979847855-8d1b2e80-caeb&#8220;][vc_column_text]<\/p>\n<p>In der T\u00fcrkei wird die Immobilienvererbung durch das t\u00fcrkische Zivilgesetzbuch sowie weitere damit verbundene Gesetze und Vorschriften geregelt. Nach t\u00fcrkischem Recht wird das Verm\u00f6gen einer verstorbenen Person von ihren gesetzlichen Erben (Ehepartner, Kinder, Eltern oder andere Verwandte) geerbt. Die Erbregelung basiert auf einem System von \u201eErbquoten\u201c, die je nach den jeweiligen Umst\u00e4nden festgelegt werden.<\/p>\n<p>Ein Testament kann verwendet werden, um bestimmte Beg\u00fcnstigte zu bestimmen und festzulegen, welchen Anteil jeder Erbe am Verm\u00f6gen erhalten soll.<\/p>\n<p>[\/vc_column_text][\/vc_tta_section][\/vc_tta_accordion][\/vc_column][\/vc_row][vc_row][vc_column el_class=&#8220;listing-form-area&#8220;]<div class=\"hero text-left\"><strong>Beratung buchen!<\/strong><\/div>\n<div class=\"wpcf7 no-js\" id=\"wpcf7-f1171-o3\" lang=\"en-US\" dir=\"ltr\" data-wpcf7-id=\"1171\">\n<div class=\"screen-reader-response\"><p role=\"status\" aria-live=\"polite\" aria-atomic=\"true\"><\/p> <ul><\/ul><\/div>\n<form action=\"\/de\/wp-json\/wp\/v2\/pages\/50142#wpcf7-f1171-o3\" method=\"post\" class=\"wpcf7-form init\" aria-label=\"Contact form\" novalidate=\"novalidate\" data-status=\"init\">\n<fieldset class=\"hidden-fields-container\"><input type=\"hidden\" name=\"_wpcf7\" value=\"1171\" \/><input type=\"hidden\" name=\"_wpcf7_version\" value=\"6.1.5\" \/><input type=\"hidden\" name=\"_wpcf7_locale\" value=\"en_US\" \/><input type=\"hidden\" name=\"_wpcf7_unit_tag\" value=\"wpcf7-f1171-o3\" \/><input type=\"hidden\" name=\"_wpcf7_container_post\" value=\"0\" \/><input type=\"hidden\" name=\"_wpcf7_posted_data_hash\" value=\"\" \/><input type=\"hidden\" name=\"_wpcf7_locale_orj\" value=\"de_DE\" \/>\n<\/fieldset>\n<div class=\"wpcf7-turnstile cf-turnstile\" data-sitekey=\"0x4AAAAAACbErzKFbnzFNt0g\" data-response-field-name=\"_wpcf7_turnstile_response\"><\/div>\n\n<div class=\"fields fields-3\">\n\t<p><span class=\"wpcf7-form-control-wrap\" data-name=\"your-name\"><input size=\"40\" maxlength=\"400\" class=\"wpcf7-form-control wpcf7-text wpcf7-validates-as-required name\" aria-required=\"true\" aria-invalid=\"false\" placeholder=\"Name*\" value=\"\" type=\"text\" name=\"your-name\" \/><\/span><br \/>\n<span class=\"wpcf7-form-control-wrap\" data-name=\"your-email\"><input size=\"40\" maxlength=\"400\" class=\"wpcf7-form-control wpcf7-email wpcf7-validates-as-required wpcf7-text wpcf7-validates-as-email email\" aria-required=\"true\" aria-invalid=\"false\" placeholder=\"E-Mail*\" value=\"\" type=\"email\" name=\"your-email\" \/><\/span><br \/>\n<span class=\"wpcf7-form-control-wrap\" data-name=\"your-phone\"><input size=\"40\" class=\"wpcf7-form-control wpcf7-phonetext wpcf7-validates-as-required wpcf7-text wpcf7-validates-as-phonetext phone\" aria-required=\"true\" aria-invalid=\"false\" value=\"+90\" type=\"text\" name=\"your-phone\" \/><input type=\"hidden\" name=\"your-phone-country-code\" class=\"wpcf7-phonetext-country-code\" \/><\/span>\n\t<\/p>\n<\/div>\n<div class=\"fields fields-odd\">\n\t<p><span class=\"wpcf7-form-control-wrap\" data-name=\"your-question\"><input size=\"40\" maxlength=\"400\" class=\"wpcf7-form-control wpcf7-text wpcf7-validates-as-required question\" aria-required=\"true\" aria-invalid=\"false\" placeholder=\"Any Question?\" value=\"\" type=\"text\" name=\"your-question\" \/><\/span><br \/>\n<input class=\"wpcf7-form-control wpcf7-submit has-spinner\" type=\"submit\" value=\"Send\" \/>\n\t<\/p>\n<\/div><div class=\"wpcf7-response-output\" aria-hidden=\"true\"><\/div>\n<\/form>\n<\/div>\n[vc_empty_space][\/vc_column][\/vc_row]<\/p>","protected":false},"excerpt":{"rendered":"<p>[vc_row][vc_column][vc_single_image image=&#8220;50420&#8243; img_size=&#8220;full&#8220;][\/vc_column][\/vc_row][vc_row][vc_column][vc_column_text]H\u00c4UFIG GESTELLTE FRAGEN [\/vc_column_text][\/vc_column][\/vc_row][vc_row][vc_column][vc_tta_accordion][vc_tta_section title=&#8220;Warum in Immobilien in der T\u00fcrkei investieren?&#8220; tab_id=&#8220;1763978534613-9b832e01-69f3&#8243;][vc_column_text] I am text block. Click edit button to change this text. Lorem ipsum dolor sit amet, consectetur adipiscing elit. Ut elit tellus, luctus nec ullamcorper mattis, pulvinar dapibus leo. [\/vc_column_text][\/vc_tta_section][vc_tta_section title=&#8220;Wie erh\u00e4lt man die t\u00fcrkische Staatsb\u00fcrgerschaft durch Immobilieninvestitionen?&#8220; tab_id=&#8220;1763978534617-9238bb69-ea5d&#8220;][vc_column_text] Der Erwerb [&hellip;]<\/p>\n","protected":false},"author":47,"featured_media":0,"parent":0,"menu_order":0,"comment_status":"closed","ping_status":"closed","template":"page-text.php","meta":{"inline_featured_image":false,"footnotes":""},"class_list":["post-50142","page","type-page","status-publish","hentry"],"_links":{"self":[{"href":"https:\/\/muvehome.com\/de\/wp-json\/wp\/v2\/pages\/50142","targetHints":{"allow":["GET"]}}],"collection":[{"href":"https:\/\/muvehome.com\/de\/wp-json\/wp\/v2\/pages"}],"about":[{"href":"https:\/\/muvehome.com\/de\/wp-json\/wp\/v2\/types\/page"}],"author":[{"embeddable":true,"href":"https:\/\/muvehome.com\/de\/wp-json\/wp\/v2\/users\/47"}],"replies":[{"embeddable":true,"href":"https:\/\/muvehome.com\/de\/wp-json\/wp\/v2\/comments?post=50142"}],"version-history":[{"count":3,"href":"https:\/\/muvehome.com\/de\/wp-json\/wp\/v2\/pages\/50142\/revisions"}],"predecessor-version":[{"id":52590,"href":"https:\/\/muvehome.com\/de\/wp-json\/wp\/v2\/pages\/50142\/revisions\/52590"}],"wp:attachment":[{"href":"https:\/\/muvehome.com\/de\/wp-json\/wp\/v2\/media?parent=50142"}],"curies":[{"name":"wp","href":"https:\/\/api.w.org\/{rel}","templated":true}]}}