{"id":50149,"date":"2025-11-18T14:22:51","date_gmt":"2025-11-18T11:22:51","guid":{"rendered":"https:\/\/muvehome.com\/?page_id=50149"},"modified":"2026-04-28T17:07:11","modified_gmt":"2026-04-28T14:07:11","slug":"after-sales-services","status":"publish","type":"page","link":"https:\/\/muvehome.com\/de\/after-sales-services\/","title":{"rendered":"After-Sales-Betreuung"},"content":{"rendered":"<p>[vc_row][vc_column][vc_single_image image=&#8220;50401&#8243; img_size=&#8220;full&#8220; alignment=&#8220;center&#8220;][\/vc_column][\/vc_row][vc_row][vc_column][vc_custom_heading text=&#8220;After-Sales-Betreuung&#8220; font_container=&#8220;tag:h3|text_align:center&#8220; use_theme_fonts=&#8220;yes&#8220;][vc_column_text]<\/p>\n<p data-start=\"0\" data-end=\"67\"><strong data-start=\"0\" data-end=\"67\">Zuverl\u00e4ssige After-Sales-Betreuung, auf den Sie vertrauen k\u00f6nnen<\/strong><\/p>\n<p data-start=\"69\" data-end=\"418\">Bei <strong data-start=\"73\" data-end=\"86\">Muve Home<\/strong> endet unsere Beziehung zu Ihnen nicht mit dem Abschluss des Kaufs. Wir setzen alles daran, dass Ihr \u00dcbergang in Ihr neues Zuhause in der T\u00fcrkei reibungslos, komfortabel und sorgenfrei verl\u00e4uft. Unser engagiertes Team steht Ihnen jederzeit zur Verf\u00fcgung und bietet Ihnen professionelle Unterst\u00fctzung, wann immer Sie diese ben\u00f6tigen.<\/p>\n<p data-start=\"420\" data-end=\"461\"><strong data-start=\"420\" data-end=\"461\">Unsere After-Sales-Services umfassen:<\/strong><\/p>\n<ul data-start=\"463\" data-end=\"856\">\n<li data-section-id=\"16o8tpk\" data-start=\"0\" data-end=\"66\"><strong>Unterst\u00fctzung bei der Einrichtung und M\u00f6blierung der Immobilie<\/strong><\/li>\n<li data-section-id=\"35r4jz\" data-start=\"67\" data-end=\"120\"><strong>Immobilienbewertungs- und Wertermittlungsservices<\/strong><\/li>\n<li data-section-id=\"2s8ytk\" data-start=\"121\" data-end=\"209\"><strong>Unterst\u00fctzung beim Erwerb der Eigentumsurkunde (TAPU) und bei beh\u00f6rdlichen Verfahren<\/strong><\/li>\n<li data-section-id=\"1eo0of9\" data-start=\"210\" data-end=\"295\"><strong>Einrichtung von Versorgungsvertr\u00e4gen (Strom, Wasser und weitere Dienstleistungen)<\/strong><\/li>\n<li data-section-id=\"1onupog\" data-start=\"296\" data-end=\"357\"><strong>Umzugs- und Relocation-Service f\u00fcr eine einfache Eingew\u00f6hnung <\/strong><\/li>\n<li data-section-id=\"1onupog\" data-start=\"296\" data-end=\"357\"><strong>Laufende Kundenberatung und pers\u00f6nliche Betreuung<\/strong><\/li>\n<\/ul>\n<p data-start=\"858\" data-end=\"973\" data-is-last-node=\"\" data-is-only-node=\"\">Mit Muve Home sind Sie nie allein \u2013 wir stehen Ihnen auch lange nach der Schl\u00fcssel\u00fcbergabe weiterhin zur Seite.<\/p>\n<p>[\/vc_column_text][\/vc_column][\/vc_row][vc_row][vc_column el_class=&#8220;listing-form-area&#8220;]<div class=\"hero text-left\">Kontaktieren Sie uns!<\/div>\n<div class=\"wpcf7 no-js\" id=\"wpcf7-f1171-o3\" lang=\"en-US\" dir=\"ltr\" data-wpcf7-id=\"1171\">\n<div class=\"screen-reader-response\"><p role=\"status\" aria-live=\"polite\" aria-atomic=\"true\"><\/p> <ul><\/ul><\/div>\n<form action=\"\/de\/wp-json\/wp\/v2\/pages\/50149#wpcf7-f1171-o3\" method=\"post\" class=\"wpcf7-form init\" aria-label=\"Contact form\" novalidate=\"novalidate\" data-status=\"init\">\n<fieldset class=\"hidden-fields-container\"><input type=\"hidden\" name=\"_wpcf7\" value=\"1171\" \/><input type=\"hidden\" name=\"_wpcf7_version\" value=\"6.1.5\" \/><input type=\"hidden\" name=\"_wpcf7_locale\" value=\"en_US\" \/><input type=\"hidden\" name=\"_wpcf7_unit_tag\" value=\"wpcf7-f1171-o3\" \/><input type=\"hidden\" name=\"_wpcf7_container_post\" value=\"0\" \/><input type=\"hidden\" name=\"_wpcf7_posted_data_hash\" value=\"\" \/><input type=\"hidden\" name=\"_wpcf7_locale_orj\" value=\"de_DE\" \/>\n<\/fieldset>\n<div class=\"wpcf7-turnstile cf-turnstile\" data-sitekey=\"0x4AAAAAACbErzKFbnzFNt0g\" data-response-field-name=\"_wpcf7_turnstile_response\"><\/div>\n\n<div class=\"fields fields-3\">\n\t<p><span class=\"wpcf7-form-control-wrap\" data-name=\"your-name\"><input size=\"40\" maxlength=\"400\" class=\"wpcf7-form-control wpcf7-text wpcf7-validates-as-required name\" aria-required=\"true\" aria-invalid=\"false\" placeholder=\"Name*\" value=\"\" type=\"text\" name=\"your-name\" \/><\/span><br \/>\n<span class=\"wpcf7-form-control-wrap\" data-name=\"your-email\"><input size=\"40\" maxlength=\"400\" class=\"wpcf7-form-control wpcf7-email wpcf7-validates-as-required wpcf7-text wpcf7-validates-as-email email\" aria-required=\"true\" aria-invalid=\"false\" placeholder=\"E-Mail*\" value=\"\" type=\"email\" name=\"your-email\" \/><\/span><br \/>\n<span class=\"wpcf7-form-control-wrap\" data-name=\"your-phone\"><input size=\"40\" class=\"wpcf7-form-control wpcf7-phonetext wpcf7-validates-as-required wpcf7-text wpcf7-validates-as-phonetext phone\" aria-required=\"true\" aria-invalid=\"false\" value=\"+90\" type=\"text\" name=\"your-phone\" \/><input type=\"hidden\" name=\"your-phone-country-code\" class=\"wpcf7-phonetext-country-code\" \/><\/span>\n\t<\/p>\n<\/div>\n<div class=\"fields fields-odd\">\n\t<p><span class=\"wpcf7-form-control-wrap\" data-name=\"your-question\"><input size=\"40\" maxlength=\"400\" class=\"wpcf7-form-control wpcf7-text wpcf7-validates-as-required question\" aria-required=\"true\" aria-invalid=\"false\" placeholder=\"Any Question?\" value=\"\" type=\"text\" name=\"your-question\" \/><\/span><br \/>\n<input class=\"wpcf7-form-control wpcf7-submit has-spinner\" type=\"submit\" value=\"Send\" \/>\n\t<\/p>\n<\/div><div class=\"wpcf7-response-output\" aria-hidden=\"true\"><\/div>\n<\/form>\n<\/div>\n[vc_empty_space][\/vc_column][\/vc_row]<\/p>","protected":false},"excerpt":{"rendered":"<p>[vc_row][vc_column][vc_single_image image=&#8220;50401&#8243; img_size=&#8220;full&#8220; alignment=&#8220;center&#8220;][\/vc_column][\/vc_row][vc_row][vc_column][vc_custom_heading text=&#8220;After-Sales-Betreuung&#8220; font_container=&#8220;tag:h3|text_align:center&#8220; use_theme_fonts=&#8220;yes&#8220;][vc_column_text] Zuverl\u00e4ssige After-Sales-Betreuung, auf den Sie vertrauen k\u00f6nnen Bei Muve Home endet unsere Beziehung zu Ihnen nicht mit dem Abschluss des Kaufs. Wir setzen alles daran, dass Ihr \u00dcbergang in Ihr neues Zuhause in der T\u00fcrkei reibungslos, komfortabel und sorgenfrei verl\u00e4uft. Unser engagiertes Team steht Ihnen jederzeit zur Verf\u00fcgung [&hellip;]<\/p>\n","protected":false},"author":47,"featured_media":0,"parent":0,"menu_order":0,"comment_status":"closed","ping_status":"closed","template":"page-text.php","meta":{"inline_featured_image":false,"footnotes":""},"class_list":["post-50149","page","type-page","status-publish","hentry"],"_links":{"self":[{"href":"https:\/\/muvehome.com\/de\/wp-json\/wp\/v2\/pages\/50149","targetHints":{"allow":["GET"]}}],"collection":[{"href":"https:\/\/muvehome.com\/de\/wp-json\/wp\/v2\/pages"}],"about":[{"href":"https:\/\/muvehome.com\/de\/wp-json\/wp\/v2\/types\/page"}],"author":[{"embeddable":true,"href":"https:\/\/muvehome.com\/de\/wp-json\/wp\/v2\/users\/47"}],"replies":[{"embeddable":true,"href":"https:\/\/muvehome.com\/de\/wp-json\/wp\/v2\/comments?post=50149"}],"version-history":[{"count":3,"href":"https:\/\/muvehome.com\/de\/wp-json\/wp\/v2\/pages\/50149\/revisions"}],"predecessor-version":[{"id":52672,"href":"https:\/\/muvehome.com\/de\/wp-json\/wp\/v2\/pages\/50149\/revisions\/52672"}],"wp:attachment":[{"href":"https:\/\/muvehome.com\/de\/wp-json\/wp\/v2\/media?parent=50149"}],"curies":[{"name":"wp","href":"https:\/\/api.w.org\/{rel}","templated":true}]}}