{"id":50153,"date":"2025-11-18T14:23:13","date_gmt":"2025-11-18T11:23:13","guid":{"rendered":"https:\/\/muvehome.com\/?page_id=50153"},"modified":"2026-04-28T17:34:31","modified_gmt":"2026-04-28T14:34:31","slug":"insurance-in-turkey","status":"publish","type":"page","link":"https:\/\/muvehome.com\/de\/insurance-in-turkey\/","title":{"rendered":"Versicherung in der T\u00fcrkei"},"content":{"rendered":"<p>[vc_row][vc_column][vc_single_image image=&#8220;50426&#8243; img_size=&#8220;full&#8220; alignment=&#8220;center&#8220;][\/vc_column][\/vc_row][vc_row][vc_column][vc_custom_heading text=&#8220;Umfassende Versicherungsl\u00f6sungen in der T\u00fcrkei&#8220; font_container=&#8220;tag:h3|text_align:center&#8220; use_theme_fonts=&#8220;yes&#8220;][vc_column_text]<\/p>\n<p>Obwohl <strong>Muve Home<\/strong> haupts\u00e4chlich als Bauunternehmen und Immobilienagentur t\u00e4tig ist, haben wir uns auch einen starken Ruf als Anbieter umfassender Versicherungsl\u00f6sungen in der T\u00fcrkei aufgebaut.<br \/>\nUnsere langj\u00e4hrige Erfahrung im Versicherungssektor erm\u00f6glicht es uns, eine breite Palette an Versicherungsprodukten und -dienstleistungen anzubieten, die auf die individuellen Bed\u00fcrfnisse unserer Kunden zugeschnitten sind. Wir legen gro\u00dfen Wert darauf, den h\u00f6chsten Servicestandard zu gew\u00e4hrleisten und unseren Kunden Sicherheit sowie finanzielle Stabilit\u00e4t zu bieten.<\/p>\n<p><strong>Als Versicherungsanbieter in der T\u00fcrkei ist Alaiye \u00c7izgi Insurance<\/strong> auf ma\u00dfgeschneiderte L\u00f6sungen und eine Vielzahl von Versicherungsarten spezialisiert, die jeweils unterschiedliche Deckungsoptionen und Leistungen beinhalten.<\/p>\n<p><strong>Zu den g\u00e4ngigen Versicherungsarten in der T\u00fcrkei geh\u00f6ren<\/strong>:<\/p>\n<p><strong>Krankenversicherung<\/strong> \u2013 deckt medizinische Kosten wie Arztbesuche, Krankenhausaufenthalte und verschreibungspflichtige Medikamente ab.<br \/>\nGem\u00e4\u00df den gesetzlichen Bestimmungen in der T\u00fcrkei sind Ausl\u00e4nder, die eine Aufenthaltserlaubnis beantragen, verpflichtet, eine private Krankenversicherung abzuschlie\u00dfen, die Mindestanforderungen erf\u00fcllt, welche je nach Aufenthaltsdauer variieren.<\/p>\n<p><strong>Lebensversicherung<\/strong> \u2013 bietet den im Vertrag benannten Beg\u00fcnstigten finanzielle Unterst\u00fctzung im Todesfall der versicherten Person.<\/p>\n<p><strong>Invalidit\u00e4tsversicherung<\/strong> \u2013 bietet Einkommensersatz f\u00fcr Versicherte, die aufgrund von Krankheit oder Unfall arbeitsunf\u00e4hig werden.<\/p>\n<p><strong>Hausrat- und Geb\u00e4udeversicherung<\/strong> \u2013 sch\u00fctzt vor Sch\u00e4den und Haftpflichtanspr\u00fcchen im Zusammenhang mit einer Immobilie, einschlie\u00dflich Sch\u00e4den durch Naturkatastrophen oder Diebstahl. Immobilieneigent\u00fcmer in der T\u00fcrkei sind verpflichtet, eine DASK-Versicherung abzuschlie\u00dfen &#8211; eine verpflichtende Erdbebenversicherung, die finanzielle Verluste durch Erdbeben abdeckt.<\/p>\n<p><strong>Kfz-Haftpflichtversicherung (Verkehrsversicherung)<\/strong> \u2013 deckt Sch\u00e4den und Haftpflichtanspr\u00fcche aus Verkehrsunf\u00e4llen mit Kraftfahrzeugen einschlie\u00dflich Motorr\u00e4dern ab.<\/p>\n<p><strong>Haftpflichtversicherung<\/strong> \u2013 sch\u00fctzt vor rechtlichen Anspr\u00fcchen und Sch\u00e4den, f\u00fcr die Sie haftbar gemacht werden.<\/p>\n<p><strong>Reiseversicherung<\/strong> \u2013 bietet finanziellen Schutz und Unterst\u00fctzung bei unvorhergesehenen Ereignissen wie Reiseannullierungen, medizinischen Notf\u00e4llen, verlorenem Gep\u00e4ck oder anderen unerwarteten Situationen w\u00e4hrend der Reise.<\/p>\n<p>[\/vc_column_text][\/vc_column][\/vc_row][vc_row][vc_column el_class=&#8220;listing-form-area&#8220;]<div class=\"hero text-left\"><strong>Kontaktieren Sie uns! - Versicherung in der T\u00fcrkei<\/strong><\/div>\n<div class=\"wpcf7 no-js\" id=\"wpcf7-f1171-o3\" lang=\"en-US\" dir=\"ltr\" data-wpcf7-id=\"1171\">\n<div class=\"screen-reader-response\"><p role=\"status\" aria-live=\"polite\" aria-atomic=\"true\"><\/p> <ul><\/ul><\/div>\n<form action=\"\/de\/wp-json\/wp\/v2\/pages\/50153#wpcf7-f1171-o3\" method=\"post\" class=\"wpcf7-form init\" aria-label=\"Contact form\" novalidate=\"novalidate\" data-status=\"init\">\n<fieldset class=\"hidden-fields-container\"><input type=\"hidden\" name=\"_wpcf7\" value=\"1171\" \/><input type=\"hidden\" name=\"_wpcf7_version\" value=\"6.1.5\" \/><input type=\"hidden\" name=\"_wpcf7_locale\" value=\"en_US\" \/><input type=\"hidden\" name=\"_wpcf7_unit_tag\" value=\"wpcf7-f1171-o3\" \/><input type=\"hidden\" name=\"_wpcf7_container_post\" value=\"0\" \/><input type=\"hidden\" name=\"_wpcf7_posted_data_hash\" value=\"\" \/><input type=\"hidden\" name=\"_wpcf7_locale_orj\" value=\"de_DE\" \/>\n<\/fieldset>\n<div class=\"wpcf7-turnstile cf-turnstile\" data-sitekey=\"0x4AAAAAACbErzKFbnzFNt0g\" data-response-field-name=\"_wpcf7_turnstile_response\"><\/div>\n\n<div class=\"fields fields-3\">\n\t<p><span class=\"wpcf7-form-control-wrap\" data-name=\"your-name\"><input size=\"40\" maxlength=\"400\" class=\"wpcf7-form-control wpcf7-text wpcf7-validates-as-required name\" aria-required=\"true\" aria-invalid=\"false\" placeholder=\"Name*\" value=\"\" type=\"text\" name=\"your-name\" \/><\/span><br \/>\n<span class=\"wpcf7-form-control-wrap\" data-name=\"your-email\"><input size=\"40\" maxlength=\"400\" class=\"wpcf7-form-control wpcf7-email wpcf7-validates-as-required wpcf7-text wpcf7-validates-as-email email\" aria-required=\"true\" aria-invalid=\"false\" placeholder=\"E-Mail*\" value=\"\" type=\"email\" name=\"your-email\" \/><\/span><br \/>\n<span class=\"wpcf7-form-control-wrap\" data-name=\"your-phone\"><input size=\"40\" class=\"wpcf7-form-control wpcf7-phonetext wpcf7-validates-as-required wpcf7-text wpcf7-validates-as-phonetext phone\" aria-required=\"true\" aria-invalid=\"false\" value=\"+90\" type=\"text\" name=\"your-phone\" \/><input type=\"hidden\" name=\"your-phone-country-code\" class=\"wpcf7-phonetext-country-code\" \/><\/span>\n\t<\/p>\n<\/div>\n<div class=\"fields fields-odd\">\n\t<p><span class=\"wpcf7-form-control-wrap\" data-name=\"your-question\"><input size=\"40\" maxlength=\"400\" class=\"wpcf7-form-control wpcf7-text wpcf7-validates-as-required question\" aria-required=\"true\" aria-invalid=\"false\" placeholder=\"Any Question?\" value=\"\" type=\"text\" name=\"your-question\" \/><\/span><br \/>\n<input class=\"wpcf7-form-control wpcf7-submit has-spinner\" type=\"submit\" value=\"Send\" \/>\n\t<\/p>\n<\/div><div class=\"wpcf7-response-output\" aria-hidden=\"true\"><\/div>\n<\/form>\n<\/div>\n[vc_empty_space][\/vc_column][\/vc_row]<\/p>","protected":false},"excerpt":{"rendered":"<p>[vc_row][vc_column][vc_single_image image=&#8220;50426&#8243; img_size=&#8220;full&#8220; alignment=&#8220;center&#8220;][\/vc_column][\/vc_row][vc_row][vc_column][vc_custom_heading text=&#8220;Umfassende Versicherungsl\u00f6sungen in der T\u00fcrkei&#8220; font_container=&#8220;tag:h3|text_align:center&#8220; use_theme_fonts=&#8220;yes&#8220;][vc_column_text] Obwohl Muve Home haupts\u00e4chlich als Bauunternehmen und Immobilienagentur t\u00e4tig ist, haben wir uns auch einen starken Ruf als Anbieter umfassender Versicherungsl\u00f6sungen in der T\u00fcrkei aufgebaut. Unsere langj\u00e4hrige Erfahrung im Versicherungssektor erm\u00f6glicht es uns, eine breite Palette an Versicherungsprodukten und -dienstleistungen anzubieten, die auf die [&hellip;]<\/p>\n","protected":false},"author":47,"featured_media":0,"parent":0,"menu_order":0,"comment_status":"closed","ping_status":"closed","template":"page-text.php","meta":{"inline_featured_image":false,"footnotes":""},"class_list":["post-50153","page","type-page","status-publish","hentry"],"_links":{"self":[{"href":"https:\/\/muvehome.com\/de\/wp-json\/wp\/v2\/pages\/50153","targetHints":{"allow":["GET"]}}],"collection":[{"href":"https:\/\/muvehome.com\/de\/wp-json\/wp\/v2\/pages"}],"about":[{"href":"https:\/\/muvehome.com\/de\/wp-json\/wp\/v2\/types\/page"}],"author":[{"embeddable":true,"href":"https:\/\/muvehome.com\/de\/wp-json\/wp\/v2\/users\/47"}],"replies":[{"embeddable":true,"href":"https:\/\/muvehome.com\/de\/wp-json\/wp\/v2\/comments?post=50153"}],"version-history":[{"count":3,"href":"https:\/\/muvehome.com\/de\/wp-json\/wp\/v2\/pages\/50153\/revisions"}],"predecessor-version":[{"id":52711,"href":"https:\/\/muvehome.com\/de\/wp-json\/wp\/v2\/pages\/50153\/revisions\/52711"}],"wp:attachment":[{"href":"https:\/\/muvehome.com\/de\/wp-json\/wp\/v2\/media?parent=50153"}],"curies":[{"name":"wp","href":"https:\/\/api.w.org\/{rel}","templated":true}]}}