{"id":50157,"date":"2025-11-18T14:23:33","date_gmt":"2025-11-18T11:23:33","guid":{"rendered":"https:\/\/muvehome.com\/?page_id=50157"},"modified":"2026-04-28T17:39:51","modified_gmt":"2026-04-28T14:39:51","slug":"residency-in-turkey","status":"publish","type":"page","link":"https:\/\/muvehome.com\/de\/residency-in-turkey\/","title":{"rendered":"Aufenthalt in der T\u00fcrkei"},"content":{"rendered":"<p>[vc_row][vc_column][vc_single_image image=&#8220;50424&#8243; img_size=&#8220;full&#8220; alignment=&#8220;center&#8220;][\/vc_column][\/vc_row][vc_row][vc_column][vc_custom_heading text=&#8220;Aufenthaltserlaubnis \u201eIkamet\u201c in der T\u00fcrkei durch Immobilieninvestition&#8220; font_container=&#8220;tag:h3|text_align:center&#8220; use_theme_fonts=&#8220;yes&#8220;][vc_column_text]<strong>Durch den Kauf von Immobilien in der T\u00fcrkei<\/strong> k\u00f6nnen Sie eine Aufenthaltserlaubnis (\u201eikamet\u201c) in der T\u00fcrkei erhalten. Zusammen mit dem Eigent\u00fcmer der Immobilie k\u00f6nnen auch unmittelbare Familienangeh\u00f6rige, einschlie\u00dflich Ehepartner und Kinder unter 18 Jahren, eine Aufenthaltsgenehmigung erhalten.<\/p>\n<p>Wenn Sie planen, sich mehr als 90 Tage innerhalb von 180 Tagen in der T\u00fcrkei aufzuhalten, sind Sie verpflichtet, eine Aufenthaltserlaubnis zu beantragen.<\/p>\n<p><strong>F\u00fcr den Erhalt einer Aufenthaltserlaubnis in der T\u00fcrkei m\u00fcssen folgende Dokumente vorgelegt werden:<\/strong><\/p>\n<ul>\n<li>G\u00fcltiger Reisepass (einschlie\u00dflich Foto, Identit\u00e4tsseite und Seite mit dem letzten Einreisestempel in die T\u00fcrkei)<br \/>\n\u2022 Vier biometrische Passfotos<br \/>\n\u2022 T\u00fcrkische Steuernummer<br \/>\n\u2022 Grundbuchurkunde (Tapu) als Nachweis des Immobilienbesitzes in der T\u00fcrkei<br \/>\n\u2022 In der T\u00fcrkei g\u00fcltige Krankenversicherung f\u00fcr die gesamte beantragte Aufenthaltsdauer (Unser Unternehmen ist ein etabliertes und seri\u00f6ses Versicherungsunternehmen in der Region Alanya und der Provinz Antalya mit langj\u00e4hriger Erfahrung im Versicherungssektor.)<br \/>\n\u2022 Nachweis ausreichender finanzieller Mittel (Kontoausz\u00fcge oder Bankbest\u00e4tigung)<br \/>\n\u2022 Zahlungsbeleg der Aufenthaltsgenehmigungsgeb\u00fchr (der Betrag h\u00e4ngt von der Nationalit\u00e4t und der Aufenthaltsdauer ab)<br \/>\n\u2022 Ausgef\u00fclltes Online-Antragsformular inklusive Terminvereinbarung bei der Generaldirektion f\u00fcr Migrationsmanagement<\/li>\n<\/ul>\n<p><em>Die Firma <strong>Muve Home<\/strong> bietet Ihnen fachkundige Beratung und umfassende Unterst\u00fctzung w\u00e4hrend des gesamten Prozesses zur Erlangung einer Aufenthaltserlaubnis in der T\u00fcrkei. <\/em><\/p>\n<p><em>Unser professionelles Team hilft Ihnen dabei, die Anforderungen zu verstehen, die erforderlichen Dokumente vorzubereiten und den Antragsprozess zu begleiten. Wir verf\u00fcgen \u00fcber Erfahrung im Umgang mit den t\u00fcrkischen Migrationsbeh\u00f6rden und stellen sicher, dass Ihr Antrag korrekt und effizient bearbeitet wird.<\/em>[\/vc_column_text][\/vc_column][\/vc_row][vc_row][vc_column el_class=&#8220;listing-form-area&#8220;]<div class=\"hero text-left\">Kontaktieren Sie uns! \u2013 Aufenthalt in der T\u00fcrkei<\/div>\n<div class=\"wpcf7 no-js\" id=\"wpcf7-f1171-o3\" lang=\"en-US\" dir=\"ltr\" data-wpcf7-id=\"1171\">\n<div class=\"screen-reader-response\"><p role=\"status\" aria-live=\"polite\" aria-atomic=\"true\"><\/p> <ul><\/ul><\/div>\n<form action=\"\/de\/wp-json\/wp\/v2\/pages\/50157#wpcf7-f1171-o3\" method=\"post\" class=\"wpcf7-form init\" aria-label=\"Contact form\" novalidate=\"novalidate\" data-status=\"init\">\n<fieldset class=\"hidden-fields-container\"><input type=\"hidden\" name=\"_wpcf7\" value=\"1171\" \/><input type=\"hidden\" name=\"_wpcf7_version\" value=\"6.1.5\" \/><input type=\"hidden\" name=\"_wpcf7_locale\" value=\"en_US\" \/><input type=\"hidden\" name=\"_wpcf7_unit_tag\" value=\"wpcf7-f1171-o3\" \/><input type=\"hidden\" name=\"_wpcf7_container_post\" value=\"0\" \/><input type=\"hidden\" name=\"_wpcf7_posted_data_hash\" value=\"\" \/><input type=\"hidden\" name=\"_wpcf7_locale_orj\" value=\"de_DE\" \/>\n<\/fieldset>\n<div class=\"wpcf7-turnstile cf-turnstile\" data-sitekey=\"0x4AAAAAACbErzKFbnzFNt0g\" data-response-field-name=\"_wpcf7_turnstile_response\"><\/div>\n\n<div class=\"fields fields-3\">\n\t<p><span class=\"wpcf7-form-control-wrap\" data-name=\"your-name\"><input size=\"40\" maxlength=\"400\" class=\"wpcf7-form-control wpcf7-text wpcf7-validates-as-required name\" aria-required=\"true\" aria-invalid=\"false\" placeholder=\"Name*\" value=\"\" type=\"text\" name=\"your-name\" \/><\/span><br \/>\n<span class=\"wpcf7-form-control-wrap\" data-name=\"your-email\"><input size=\"40\" maxlength=\"400\" class=\"wpcf7-form-control wpcf7-email wpcf7-validates-as-required wpcf7-text wpcf7-validates-as-email email\" aria-required=\"true\" aria-invalid=\"false\" placeholder=\"E-Mail*\" value=\"\" type=\"email\" name=\"your-email\" \/><\/span><br \/>\n<span class=\"wpcf7-form-control-wrap\" data-name=\"your-phone\"><input size=\"40\" class=\"wpcf7-form-control wpcf7-phonetext wpcf7-validates-as-required wpcf7-text wpcf7-validates-as-phonetext phone\" aria-required=\"true\" aria-invalid=\"false\" value=\"+90\" type=\"text\" name=\"your-phone\" \/><input type=\"hidden\" name=\"your-phone-country-code\" class=\"wpcf7-phonetext-country-code\" \/><\/span>\n\t<\/p>\n<\/div>\n<div class=\"fields fields-odd\">\n\t<p><span class=\"wpcf7-form-control-wrap\" data-name=\"your-question\"><input size=\"40\" maxlength=\"400\" class=\"wpcf7-form-control wpcf7-text wpcf7-validates-as-required question\" aria-required=\"true\" aria-invalid=\"false\" placeholder=\"Any Question?\" value=\"\" type=\"text\" name=\"your-question\" \/><\/span><br \/>\n<input class=\"wpcf7-form-control wpcf7-submit has-spinner\" type=\"submit\" value=\"Send\" \/>\n\t<\/p>\n<\/div><div class=\"wpcf7-response-output\" aria-hidden=\"true\"><\/div>\n<\/form>\n<\/div>\n[vc_empty_space][\/vc_column][\/vc_row]<\/p>","protected":false},"excerpt":{"rendered":"<p>[vc_row][vc_column][vc_single_image image=&#8220;50424&#8243; img_size=&#8220;full&#8220; alignment=&#8220;center&#8220;][\/vc_column][\/vc_row][vc_row][vc_column][vc_custom_heading text=&#8220;Aufenthaltserlaubnis \u201eIkamet\u201c in der T\u00fcrkei durch Immobilieninvestition&#8220; font_container=&#8220;tag:h3|text_align:center&#8220; use_theme_fonts=&#8220;yes&#8220;][vc_column_text]Durch den Kauf von Immobilien in der T\u00fcrkei k\u00f6nnen Sie eine Aufenthaltserlaubnis (\u201eikamet\u201c) in der T\u00fcrkei erhalten. Zusammen mit dem Eigent\u00fcmer der Immobilie k\u00f6nnen auch unmittelbare Familienangeh\u00f6rige, einschlie\u00dflich Ehepartner und Kinder unter 18 Jahren, eine Aufenthaltsgenehmigung erhalten. Wenn Sie planen, sich mehr als [&hellip;]<\/p>\n","protected":false},"author":47,"featured_media":0,"parent":0,"menu_order":0,"comment_status":"closed","ping_status":"closed","template":"page-text.php","meta":{"inline_featured_image":false,"footnotes":""},"class_list":["post-50157","page","type-page","status-publish","hentry"],"_links":{"self":[{"href":"https:\/\/muvehome.com\/de\/wp-json\/wp\/v2\/pages\/50157","targetHints":{"allow":["GET"]}}],"collection":[{"href":"https:\/\/muvehome.com\/de\/wp-json\/wp\/v2\/pages"}],"about":[{"href":"https:\/\/muvehome.com\/de\/wp-json\/wp\/v2\/types\/page"}],"author":[{"embeddable":true,"href":"https:\/\/muvehome.com\/de\/wp-json\/wp\/v2\/users\/47"}],"replies":[{"embeddable":true,"href":"https:\/\/muvehome.com\/de\/wp-json\/wp\/v2\/comments?post=50157"}],"version-history":[{"count":3,"href":"https:\/\/muvehome.com\/de\/wp-json\/wp\/v2\/pages\/50157\/revisions"}],"predecessor-version":[{"id":52728,"href":"https:\/\/muvehome.com\/de\/wp-json\/wp\/v2\/pages\/50157\/revisions\/52728"}],"wp:attachment":[{"href":"https:\/\/muvehome.com\/de\/wp-json\/wp\/v2\/media?parent=50157"}],"curies":[{"name":"wp","href":"https:\/\/api.w.org\/{rel}","templated":true}]}}