{"id":50161,"date":"2025-11-18T14:23:51","date_gmt":"2025-11-18T11:23:51","guid":{"rendered":"https:\/\/muvehome.com\/?page_id=50161"},"modified":"2026-04-28T17:16:47","modified_gmt":"2026-04-28T14:16:47","slug":"airport-transfer","status":"publish","type":"page","link":"https:\/\/muvehome.com\/de\/airport-transfer\/","title":{"rendered":"Flughafentransfer"},"content":{"rendered":"<p>[vc_row][vc_column][vc_single_image image=&#8220;50422&#8243; img_size=&#8220;full&#8220; alignment=&#8220;center&#8220;][\/vc_column][\/vc_row][vc_row][vc_column][vc_custom_heading text=&#8220;Flughafentransfer&#8220; font_container=&#8220;tag:h3|text_align:center&#8220; use_theme_fonts=&#8220;yes&#8220;][vc_column_text]Entdecken Sie den Luxus und Komfort unserer <strong>privaten Flughafentransfers<\/strong> <strong>zwischen dem Flughafen Antalya<\/strong>, <strong>dem Flughafen Alanya-Gazipa\u015fa<\/strong> und Ihrem gew\u00fcnschten Zielort.<\/p>\n<p>Unser privater Transferservice ist darauf ausgelegt, Ihnen ein pers\u00f6nliches und komfortables Reiseerlebnis zu bieten. Unsere Fahrer sind bestens geschult, mit der Region vertraut und stets bem\u00fcht, Ihre Sicherheit und Zufriedenheit zu gew\u00e4hrleisten.<\/p>\n<p>Wir bieten flexible Abholoptionen, die auf Ihren Zeitplan abgestimmt sind.<\/p>\n<p>Unser Anspruch an exzellenten Service erm\u00f6glicht es Ihnen, sich zu entspannen und Ihre Reise in vollen Z\u00fcgen zu genie\u00dfen.<\/p>\n<p>Kontaktieren Sie uns noch heute, um Ihren <strong>privaten Flughafentransfer mit Muve Home<\/strong> zu buchen und ein reibungsloses sowie komfortables Reiseerlebnis zu genie\u00dfen.[\/vc_column_text][\/vc_column][\/vc_row][vc_row][vc_column el_class=&#8220;listing-form-area&#8220;]<div class=\"hero text-left\">Kontaktieren Sie MUVE HOME \u2013 Flughafentransfer-Service!<\/div>\n<div class=\"wpcf7 no-js\" id=\"wpcf7-f1171-o3\" lang=\"en-US\" dir=\"ltr\" data-wpcf7-id=\"1171\">\n<div class=\"screen-reader-response\"><p role=\"status\" aria-live=\"polite\" aria-atomic=\"true\"><\/p> <ul><\/ul><\/div>\n<form action=\"\/de\/wp-json\/wp\/v2\/pages\/50161#wpcf7-f1171-o3\" method=\"post\" class=\"wpcf7-form init\" aria-label=\"Contact form\" novalidate=\"novalidate\" data-status=\"init\">\n<fieldset class=\"hidden-fields-container\"><input type=\"hidden\" name=\"_wpcf7\" value=\"1171\" \/><input type=\"hidden\" name=\"_wpcf7_version\" value=\"6.1.5\" \/><input type=\"hidden\" name=\"_wpcf7_locale\" value=\"en_US\" \/><input type=\"hidden\" name=\"_wpcf7_unit_tag\" value=\"wpcf7-f1171-o3\" \/><input type=\"hidden\" name=\"_wpcf7_container_post\" value=\"0\" \/><input type=\"hidden\" name=\"_wpcf7_posted_data_hash\" value=\"\" \/><input type=\"hidden\" name=\"_wpcf7_locale_orj\" value=\"de_DE\" \/>\n<\/fieldset>\n<div class=\"wpcf7-turnstile cf-turnstile\" data-sitekey=\"0x4AAAAAACbErzKFbnzFNt0g\" data-response-field-name=\"_wpcf7_turnstile_response\"><\/div>\n\n<div class=\"fields fields-3\">\n\t<p><span class=\"wpcf7-form-control-wrap\" data-name=\"your-name\"><input size=\"40\" maxlength=\"400\" class=\"wpcf7-form-control wpcf7-text wpcf7-validates-as-required name\" aria-required=\"true\" aria-invalid=\"false\" placeholder=\"Name*\" value=\"\" type=\"text\" name=\"your-name\" \/><\/span><br \/>\n<span class=\"wpcf7-form-control-wrap\" data-name=\"your-email\"><input size=\"40\" maxlength=\"400\" class=\"wpcf7-form-control wpcf7-email wpcf7-validates-as-required wpcf7-text wpcf7-validates-as-email email\" aria-required=\"true\" aria-invalid=\"false\" placeholder=\"E-Mail*\" value=\"\" type=\"email\" name=\"your-email\" \/><\/span><br \/>\n<span class=\"wpcf7-form-control-wrap\" data-name=\"your-phone\"><input size=\"40\" class=\"wpcf7-form-control wpcf7-phonetext wpcf7-validates-as-required wpcf7-text wpcf7-validates-as-phonetext phone\" aria-required=\"true\" aria-invalid=\"false\" value=\"+90\" type=\"text\" name=\"your-phone\" \/><input type=\"hidden\" name=\"your-phone-country-code\" class=\"wpcf7-phonetext-country-code\" \/><\/span>\n\t<\/p>\n<\/div>\n<div class=\"fields fields-odd\">\n\t<p><span class=\"wpcf7-form-control-wrap\" data-name=\"your-question\"><input size=\"40\" maxlength=\"400\" class=\"wpcf7-form-control wpcf7-text wpcf7-validates-as-required question\" aria-required=\"true\" aria-invalid=\"false\" placeholder=\"Any Question?\" value=\"\" type=\"text\" name=\"your-question\" \/><\/span><br \/>\n<input class=\"wpcf7-form-control wpcf7-submit has-spinner\" type=\"submit\" value=\"Send\" \/>\n\t<\/p>\n<\/div><div class=\"wpcf7-response-output\" aria-hidden=\"true\"><\/div>\n<\/form>\n<\/div>\n[vc_empty_space][\/vc_column][\/vc_row]<\/p>","protected":false},"excerpt":{"rendered":"<p>[vc_row][vc_column][vc_single_image image=&#8220;50422&#8243; img_size=&#8220;full&#8220; alignment=&#8220;center&#8220;][\/vc_column][\/vc_row][vc_row][vc_column][vc_custom_heading text=&#8220;Flughafentransfer&#8220; font_container=&#8220;tag:h3|text_align:center&#8220; use_theme_fonts=&#8220;yes&#8220;][vc_column_text]Entdecken Sie den Luxus und Komfort unserer privaten Flughafentransfers zwischen dem Flughafen Antalya, dem Flughafen Alanya-Gazipa\u015fa und Ihrem gew\u00fcnschten Zielort. Unser privater Transferservice ist darauf ausgelegt, Ihnen ein pers\u00f6nliches und komfortables Reiseerlebnis zu bieten. Unsere Fahrer sind bestens geschult, mit der Region vertraut und stets bem\u00fcht, Ihre Sicherheit und [&hellip;]<\/p>\n","protected":false},"author":47,"featured_media":0,"parent":0,"menu_order":0,"comment_status":"closed","ping_status":"closed","template":"page-text.php","meta":{"inline_featured_image":false,"footnotes":""},"class_list":["post-50161","page","type-page","status-publish","hentry"],"_links":{"self":[{"href":"https:\/\/muvehome.com\/de\/wp-json\/wp\/v2\/pages\/50161","targetHints":{"allow":["GET"]}}],"collection":[{"href":"https:\/\/muvehome.com\/de\/wp-json\/wp\/v2\/pages"}],"about":[{"href":"https:\/\/muvehome.com\/de\/wp-json\/wp\/v2\/types\/page"}],"author":[{"embeddable":true,"href":"https:\/\/muvehome.com\/de\/wp-json\/wp\/v2\/users\/47"}],"replies":[{"embeddable":true,"href":"https:\/\/muvehome.com\/de\/wp-json\/wp\/v2\/comments?post=50161"}],"version-history":[{"count":3,"href":"https:\/\/muvehome.com\/de\/wp-json\/wp\/v2\/pages\/50161\/revisions"}],"predecessor-version":[{"id":52680,"href":"https:\/\/muvehome.com\/de\/wp-json\/wp\/v2\/pages\/50161\/revisions\/52680"}],"wp:attachment":[{"href":"https:\/\/muvehome.com\/de\/wp-json\/wp\/v2\/media?parent=50161"}],"curies":[{"name":"wp","href":"https:\/\/api.w.org\/{rel}","templated":true}]}}