{"id":50140,"date":"2025-11-18T14:20:22","date_gmt":"2025-11-18T11:20:22","guid":{"rendered":"https:\/\/muvehome.com\/?page_id=50140"},"modified":"2026-04-28T17:41:25","modified_gmt":"2026-04-28T14:41:25","slug":"title-deed","status":"publish","type":"page","link":"https:\/\/muvehome.com\/ru\/title-deed\/","title":{"rendered":"\u0422\u0410\u041f\u0423"},"content":{"rendered":"<p>[vc_row][vc_column][vc_single_image image=&#187;50416&#8243; img_size=&#187;full&#187; alignment=&#187;center&#187;][\/vc_column][\/vc_row][vc_row][vc_column][vc_custom_heading text=&#187;\u0422\u0410\u041f\u0423, \u0421\u0432\u0438\u0434\u0435\u0442\u0435\u043b\u044c\u0441\u0442\u0432\u043e \u043e \u0441\u043e\u0431\u0441\u0442\u0432\u0435\u043d\u043d\u043e\u0441\u0442\u0438&#187; font_container=&#187;tag:h3|text_align:center&#187; use_theme_fonts=&#187;yes&#187;][vc_column_text]<strong>\u0422\u0410\u041f\u0423 <\/strong>&#8212; <strong>\u044d\u0442\u043e \u0441\u0432\u0438\u0434\u0435\u0442\u0435\u043b\u044c\u0441\u0442\u0432\u043e \u043e \u043f\u0440\u0430\u0432\u0435 \u0441\u043e\u0431\u0441\u0442\u0432\u0435\u043d\u043d\u043e\u0441\u0442\u0438 \u043d\u0430 \u043d\u0435\u0434\u0432\u0438\u0436\u0438\u043c\u043e\u0441\u0442\u044c \u0432 \u0422\u0443\u0440\u0446\u0438\u0438<\/strong>.<\/p>\n<p><strong>\u0422\u0410\u041f\u0423 <\/strong>(<strong>\u0441\u0432\u0438\u0434\u0435\u0442\u0435\u043b\u044c\u0441\u0442\u0432\u043e \u043e \u043f\u0440\u0430\u0432\u0435 \u0441\u043e\u0431\u0441\u0442\u0432\u0435\u043d\u043d\u043e\u0441\u0442\u0438<\/strong>) &#8212; \u044d\u0442\u043e \u044e\u0440\u0438\u0434\u0438\u0447\u0435\u0441\u043a\u0438\u0439 \u0434\u043e\u043a\u0443\u043c\u0435\u043d\u0442, \u043a\u043e\u0442\u043e\u0440\u044b\u0439 \u043f\u043e\u0434\u0442\u0432\u0435\u0440\u0436\u0434\u0430\u0435\u0442 \u0431\u0435\u0437\u0443\u0441\u043b\u043e\u0432\u043d\u044b\u0435 \u0438 \u043d\u0435\u043e\u0441\u043f\u043e\u0440\u0438\u043c\u044b\u0435 \u043f\u0440\u0430\u0432\u0430 \u0441\u043e\u0431\u0441\u0442\u0432\u0435\u043d\u043d\u043e\u0441\u0442\u0438 \u043b\u0438\u0446\u0430 \u043d\u0430 \u043d\u0435\u0434\u0432\u0438\u0436\u0438\u043c\u043e\u0441\u0442\u044c, \u043f\u0440\u0438\u043e\u0431\u0440\u0435\u0442\u0451\u043d\u043d\u0443\u044e \u0432 \u0422\u0443\u0440\u0446\u0438\u0438.<\/p>\n<p>\u041f\u043e\u0441\u043b\u0435 \u0437\u0430\u043a\u043b\u044e\u0447\u0435\u043d\u0438\u044f \u0434\u043e\u0433\u043e\u0432\u043e\u0440\u0430 \u043a\u0443\u043f\u043b\u0438-\u043f\u0440\u043e\u0434\u0430\u0436\u0438, \u0432\u044b\u043f\u043e\u043b\u043d\u0435\u043d\u0438\u044f \u0443\u0441\u043b\u043e\u0432\u0438\u0439 \u0444\u0438\u043d\u0430\u043d\u0441\u0438\u0440\u043e\u0432\u0430\u043d\u0438\u044f \u0438 \u0437\u0430\u0432\u0435\u0440\u0448\u0435\u043d\u0438\u044f \u0432\u0441\u0435\u0445 \u043d\u0435\u043e\u0431\u0445\u043e\u0434\u0438\u043c\u044b\u0445 \u0444\u043e\u0440\u043c\u0430\u043b\u044c\u043d\u043e\u0441\u0442\u0435\u0439 \u0441\u0434\u0435\u043b\u043a\u0430 \u0441 \u043d\u0435\u0434\u0432\u0438\u0436\u0438\u043c\u043e\u0441\u0442\u044c\u044e \u043c\u043e\u0436\u0435\u0442 \u0431\u044b\u0442\u044c \u0437\u0430\u0440\u0435\u0433\u0438\u0441\u0442\u0440\u0438\u0440\u043e\u0432\u0430\u043d\u0430.<\/p>\n<p>\u0410\u0433\u0435\u043d\u0442\u0441\u0442\u0432\u043e \u043d\u0435\u0434\u0432\u0438\u0436\u0438\u043c\u043e\u0441\u0442\u0438, \u0434\u0435\u0439\u0441\u0442\u0432\u0443\u044f \u043d\u0430 \u043e\u0441\u043d\u043e\u0432\u0430\u043d\u0438\u0438 \u0434\u043e\u0432\u0435\u0440\u0435\u043d\u043d\u043e\u0441\u0442\u0438 \u043e\u0442 \u043a\u043b\u0438\u0435\u043d\u0442\u0430, \u043f\u043e\u0434\u0430\u0451\u0442 \u0432\u0441\u0435 \u043d\u0435\u043e\u0431\u0445\u043e\u0434\u0438\u043c\u044b\u0435 \u0434\u043e\u043a\u0443\u043c\u0435\u043d\u0442\u044b \u0432 \u043c\u0435\u0441\u0442\u043d\u044b\u0439 \u0433\u043e\u0441\u0443\u0434\u0430\u0440\u0441\u0442\u0432\u0435\u043d\u043d\u044b\u0439 \u043e\u0440\u0433\u0430\u043d \u0440\u0435\u0433\u0438\u0441\u0442\u0440\u0430\u0446\u0438\u0438 \u043d\u0435\u0434\u0432\u0438\u0436\u0438\u043c\u043e\u0441\u0442\u0438 (\u041a\u0430\u0434\u0430\u0441\u0442\u0440\u043e\u0432\u043e\u0435 \u0438 \u0440\u0435\u0433\u0438\u0441\u0442\u0440\u0430\u0446\u0438\u043e\u043d\u043d\u043e\u0435 \u0443\u043f\u0440\u0430\u0432\u043b\u0435\u043d\u0438\u0435, \u0438\u0437\u0432\u0435\u0441\u0442\u043d\u043e\u0435 \u043a\u0430\u043a Tapu) \u0432 \u0433\u043e\u0440\u043e\u0434\u0435 \u0438 \u0440\u0430\u0439\u043e\u043d\u0435, \u0433\u0434\u0435 \u0440\u0430\u0441\u043f\u043e\u043b\u043e\u0436\u0435\u043d\u0430 \u043d\u0435\u0434\u0432\u0438\u0436\u0438\u043c\u043e\u0441\u0442\u044c, \u0434\u043b\u044f \u043f\u0440\u043e\u0432\u0435\u0440\u043a\u0438 \u0438\u0445 \u0437\u0430\u043a\u043e\u043d\u043d\u043e\u0441\u0442\u0438 \u0438 \u043f\u043e\u0434\u043b\u0438\u043d\u043d\u043e\u0441\u0442\u0438.<\/p>\n<p>\u041f\u043e\u0441\u043b\u0435 \u043f\u043e\u0434\u0442\u0432\u0435\u0440\u0436\u0434\u0435\u043d\u0438\u044f \u043f\u043e\u0434\u043b\u0438\u043d\u043d\u043e\u0441\u0442\u0438 \u0438 \u0437\u0430\u043a\u043e\u043d\u043d\u043e\u0441\u0442\u0438 \u043f\u0440\u0435\u0434\u0441\u0442\u0430\u0432\u043b\u0435\u043d\u043d\u044b\u0445 \u0434\u043e\u043a\u0443\u043c\u0435\u043d\u0442\u043e\u0432 \u0441\u0432\u0438\u0434\u0435\u0442\u0435\u043b\u044c\u0441\u0442\u0432\u043e \u043e \u043f\u0440\u0430\u0432\u0435 \u0441\u043e\u0431\u0441\u0442\u0432\u0435\u043d\u043d\u043e\u0441\u0442\u0438 (\u0422\u0410\u041f\u0423) \u0432\u044b\u0434\u0430\u0451\u0442\u0441\u044f \u043a\u0430\u043a \u043e\u043a\u043e\u043d\u0447\u0430\u0442\u0435\u043b\u044c\u043d\u043e\u0435 \u043f\u043e\u0434\u0442\u0432\u0435\u0440\u0436\u0434\u0435\u043d\u0438\u0435 \u0437\u0430\u043a\u043e\u043d\u043d\u043e\u0433\u043e \u043f\u0440\u0430\u0432\u0430 \u043d\u043e\u0432\u043e\u0433\u043e \u0432\u043b\u0430\u0434\u0435\u043b\u044c\u0446\u0430 \u043d\u0430 \u043d\u0435\u0434\u0432\u0438\u0436\u0438\u043c\u043e\u0441\u0442\u044c.<\/p>\n<p><strong>\u041f\u0440\u0438 \u043f\u043e\u043a\u0443\u043f\u043a\u0435 \u043d\u0435\u0434\u0432\u0438\u0436\u0438\u043c\u043e\u0441\u0442\u0438 \u0432 \u0422\u0443\u0440\u0446\u0438\u0438 <\/strong>\u043f\u043e\u043b\u043d\u0430\u044f \u0441\u0442\u043e\u0438\u043c\u043e\u0441\u0442\u044c \u043e\u0431\u044a\u0435\u043a\u0442\u0430 \u0434\u043e\u043b\u0436\u043d\u0430 \u0431\u044b\u0442\u044c \u043e\u043f\u043b\u0430\u0447\u0435\u043d\u0430 \u0434\u043e \u043f\u043e\u043b\u0443\u0447\u0435\u043d\u0438\u044f \u0441\u0432\u0438\u0434\u0435\u0442\u0435\u043b\u044c\u0441\u0442\u0432\u0430 \u043e \u043f\u0440\u0430\u0432\u0435 \u0441\u043e\u0431\u0441\u0442\u0432\u0435\u043d\u043d\u043e\u0441\u0442\u0438 (\u0422\u0410\u041f\u0423).<\/p>\n<p>\u041f\u0440\u0430\u0432\u043e \u0441\u043e\u0431\u0441\u0442\u0432\u0435\u043d\u043d\u043e\u0441\u0442\u0438, \u0437\u0430\u0440\u0435\u0433\u0438\u0441\u0442\u0440\u0438\u0440\u043e\u0432\u0430\u043d\u043d\u043e\u0435 \u0432 \u0422\u0410\u041f\u0423, \u043c\u043e\u0436\u0435\u0442 \u043f\u0440\u0438\u043d\u0430\u0434\u043b\u0435\u0436\u0430\u0442\u044c \u043e\u0434\u043d\u043e\u043c\u0443 \u0438\u043b\u0438 \u043d\u0435\u0441\u043a\u043e\u043b\u044c\u043a\u0438\u043c \u0432\u043b\u0430\u0434\u0435\u043b\u044c\u0446\u0430\u043c &#8212; \u043a\u0430\u043a \u0444\u0438\u0437\u0438\u0447\u0435\u0441\u043a\u0438\u043c, \u0442\u0430\u043a \u0438 \u044e\u0440\u0438\u0434\u0438\u0447\u0435\u0441\u043a\u0438\u043c \u043b\u0438\u0446\u0430\u043c.<\/p>\n<p>\u0418\u043d\u0444\u043e\u0440\u043c\u0430\u0446\u0438\u044f, \u0443\u043a\u0430\u0437\u0430\u043d\u043d\u0430\u044f \u0432\u00a0<strong>\u041a\u0420\u0410\u0421\u041d\u041e\u041c \u0422\u0410\u041f\u0423 \u0432 \u0422\u0443\u0440\u0446\u0438\u0438<\/strong>\u00a0\u043d\u0430 \u0436\u0438\u043b\u0443\u044e \u0438\u043b\u0438 \u043a\u043e\u043c\u043c\u0435\u0440\u0447\u0435\u0441\u043a\u0443\u044e \u043d\u0435\u0434\u0432\u0438\u0436\u0438\u043c\u043e\u0441\u0442\u044c:<\/p>\n<p>\u0418\u043b\u0438 *<strong>\u041e\u0431\u043b\u0430\u0441\u0442\u044c<\/strong>, \u0418\u043b\u044c\u0447\u0435\u0441\u0438 *<strong>\u0420\u0430\u0439\u043e\u043d<\/strong>, \u041c\u0430\u0445\u0430\u043b\u043b\u0435\u0441\u0438 *<strong>\u0420\u0430\u0439\u043e\u043d<\/strong>, \u041a\u0451\u044e *<strong>\u041f\u043e\u0441\u0435\u043b\u0435\u043d\u0438\u0435<\/strong>, \u0421\u043e\u043a\u0430\u0433\u0438 *<strong>\u0423\u043b\u0438\u0446\u0430<\/strong>, \u041c\u0435\u0432\u043a\u0438\u0438 *<strong>\u041c\u0435\u0441\u0442\u043e\u043f\u043e\u043b\u043e\u0436\u0435\u043d\u0438\u0435<\/strong>, \u041d\u043e\u043c\u0435\u0440 \u0410\u0434\u0430 *<strong>\u041d\u0430\u0437\u043d\u0430\u0447\u0435\u043d\u0438\u0435 \u0437\u0435\u043c\u0435\u043b\u044c\u043d\u043e\u0433\u043e \u0443\u0447\u0430\u0441\u0442\u043a\u0430<\/strong>, \u041d\u0438\u0442\u0435\u043b\u0438\u0438 *<strong>\u0422\u0438\u043f \u043d\u0435\u0434\u0432\u0438\u0436\u0438\u043c\u043e\u0441\u0442\u0438<\/strong> (\u0436\u0438\u043b\u0430\u044f, \u043a\u043e\u043c\u043c\u0435\u0440\u0447\u0435\u0441\u043a\u0430\u044f), \u042e\u0437\u0451\u043b\u0447\u0443\u043c\u0443 (\u043c2) *<strong>\u0420\u0430\u0437\u043c\u0435\u0440 \u043d\u0435\u0434\u0432\u0438\u0436\u0438\u043c\u043e\u0441\u0442\u0438<\/strong> (\u043a\u0432.\u043c), \u0421\u044b\u043d\u044b\u0440\u044b *<strong>\u0413\u0440\u0430\u043d\u0438\u0446\u044b<\/strong>, Kat M\u00fclkiyeti\/ Kat Irtifak\u0131 *<strong>\u0422\u0438\u043f \u0441\u043e\u0431\u0441\u0442\u0432\u0435\u043d\u043d\u043e\u0441\u0442\u0438<\/strong>, Sat\u0131\u015f Bedeli *<strong>\u041a\u0430\u0434\u0430\u0441\u0442\u0440\u043e\u0432\u0430\u044f \u0441\u0442\u043e\u0438\u043c\u043e\u0441\u0442\u044c<\/strong>, Niteli\u011fi *<strong>\u041d\u0430\u0437\u043d\u0430\u0447\u0435\u043d\u0438\u0435 \u043d\u0435\u0434\u0432\u0438\u0436\u0438\u043c\u043e\u0441\u0442\u0438<\/strong>, Arsa Pay\u0131 *<strong>\u0417\u0435\u043c\u0435\u043b\u044c\u043d\u0430\u044f \u0434\u043e\u043b\u044f<\/strong> (\u043d\u0435\u0441\u043a\u043e\u043b\u044c\u043a\u043e \u0441\u043e\u0431\u0441\u0442\u0432\u0435\u043d\u043d\u0438\u043a\u043e\u0432 \u043d\u0435\u0434\u0432\u0438\u0436\u0438\u043c\u043e\u0441\u0442\u0438), Blok No. *<strong>\u041d\u043e\u043c\u0435\u0440 \u0431\u043b\u043e\u043a\u0430<\/strong>, Kat No. *<strong>\u041d\u043e\u043c\u0435\u0440 \u044d\u0442\u0430\u0436\u0430<\/strong>, Ba\u011f\u0131ms\u0131z Blm. No.*<strong>\u041d\u043e\u043c\u0435\u0440 \u043a\u0432\u0430\u0440\u0442\u0438\u0440\u044b<\/strong>,\u00a0<strong>Edinme Sebebi <\/strong>*\u0411\u044b\u0432\u0448\u0438\u0439 \u0432\u043b\u0430\u0434\u0435\u043b\u0435\u0446 \u0438 \u043f\u0440\u0438\u0447\u0438\u043d\u0430 \u043f\u0435\u0440\u0435\u0434\u0430\u0447\u0438 \u043f\u0440\u0430\u0432\u0430 \u0441\u043e\u0431\u0441\u0442\u0432\u0435\u043d\u043d\u043e\u0441\u0442\u0438 (\u043f\u0440\u043e\u0434\u0430\u0436\u0430, \u043d\u0430\u0441\u043b\u0435\u0434\u043e\u0432\u0430\u043d\u0438\u0435, \u0431\u0440\u0430\u043a, \u0434\u0430\u0440\u0435\u043d\u0438\u0435, \u0440\u0430\u0437\u0432\u043e\u0434, \u0444\u0438\u043d\u0430\u043d\u0441\u043e\u0432\u044b\u0435 \u043f\u0440\u0438\u0447\u0438\u043d\u044b), Sahibi *<strong>\u041d\u043e\u0432\u044b\u0439 \u0432\u043b\u0430\u0434\u0435\u043b\u0435\u0446 \u043d\u0435\u0434\u0432\u0438\u0436\u0438\u043c\u043e\u0441\u0442\u0438<\/strong>, Tarihi *<strong>\u0414\u0430\u0442\u0430 \u043f\u0435\u0440\u0435\u0434\u0430\u0447\u0438 \u043f\u0440\u0430\u0432\u0430 \u0441\u043e\u0431\u0441\u0442\u0432\u0435\u043d\u043d\u043e\u0441\u0442\u0438<\/strong> (\u0440\u0435\u0433\u0438\u0441\u0442\u0440\u0430\u0446\u0438\u044f \u0422\u0430\u043f\u0443), Cilt No. *<strong>\u041a\u0430\u0434\u0430\u0441\u0442\u0440\u043e\u0432\u044b\u0439 \u043d\u043e\u043c\u0435\u0440<\/strong>, Siciline Uygundur *<strong>\u041f\u043e\u0434\u0445\u043e\u0434\u0438\u0442 \u0434\u043b\u044f \u0440\u0435\u0433\u0438\u0441\u0442\u0440\u0430\u0446\u0438\u0438<\/strong>\u00a0(\u043f\u043e\u0434\u043f\u0438\u0441\u044c \u0441\u043e\u0442\u0440\u0443\u0434\u043d\u0438\u043a\u0430, \u0440\u0435\u0433\u0438\u0441\u0442\u0440\u0438\u0440\u0443\u044e\u0449\u0435\u0433\u043e \u043f\u0440\u0430\u0432\u043e \u0441\u043e\u0431\u0441\u0442\u0432\u0435\u043d\u043d\u043e\u0441\u0442\u0438)<\/p>\n<p><strong>\u041f\u043e\u044f\u0441\u043d\u0435\u043d\u0438\u044f:<\/strong><\/p>\n<p><strong>\u0422\u0438\u043f \u0441\u043e\u0431\u0441\u0442\u0432\u0435\u043d\u043d\u043e\u0441\u0442\u0438 Kat M\u00fclkiyeti<\/strong> &#8212; \u043f\u0440\u0430\u0432\u043e \u0441\u043e\u0431\u0441\u0442\u0432\u0435\u043d\u043d\u043e\u0441\u0442\u0438 \u043d\u0430 \u043d\u0435\u0434\u0432\u0438\u0436\u0438\u043c\u043e\u0441\u0442\u044c, \u0432\u043a\u043b\u044e\u0447\u0430\u044e\u0449\u0435\u0435 \u0437\u0435\u043c\u0435\u043b\u044c\u043d\u044b\u0439 \u0443\u0447\u0430\u0441\u0442\u043e\u043a \u0437\u0430\u0432\u0435\u0440\u0448\u0451\u043d\u043d\u043e\u0433\u043e \u0441\u0442\u0440\u043e\u0438\u0442\u0435\u043b\u044c\u043d\u043e\u0433\u043e \u043f\u0440\u043e\u0435\u043a\u0442\u0430 \u0438 \u043a\u043e\u043d\u043a\u0440\u0435\u0442\u043d\u0443\u044e \u0436\u0438\u043b\u0443\u044e \u0435\u0434\u0438\u043d\u0438\u0446\u0443, \u0440\u0430\u0441\u043f\u043e\u043b\u043e\u0436\u0435\u043d\u043d\u0443\u044e \u043d\u0430 \u044d\u0442\u043e\u043c \u0443\u0447\u0430\u0441\u0442\u043a\u0435.<\/p>\n<p><strong>\u0422\u0438\u043f \u0441\u043e\u0431\u0441\u0442\u0432\u0435\u043d\u043d\u043e\u0441\u0442\u0438 Kat \u0130rtifak\u0131<\/strong> &#8212; \u043f\u0440\u0430\u0432\u043e \u0434\u043e\u043b\u0435\u0432\u043e\u0439 \u0441\u043e\u0431\u0441\u0442\u0432\u0435\u043d\u043d\u043e\u0441\u0442\u0438 \u043d\u0430 \u0437\u0435\u043c\u0435\u043b\u044c\u043d\u044b\u0439 \u0443\u0447\u0430\u0441\u0442\u043e\u043a \u0441\u0442\u0440\u043e\u044f\u0449\u0435\u0433\u043e\u0441\u044f \u043f\u0440\u043e\u0435\u043a\u0442\u0430 \u0441 \u0437\u0430\u043a\u0440\u0435\u043f\u043b\u0451\u043d\u043d\u044b\u043c \u043f\u0440\u0430\u0432\u043e\u043c \u043d\u0430 \u043a\u043e\u043d\u043a\u0440\u0435\u0442\u043d\u0443\u044e \u0436\u0438\u043b\u0443\u044e \u0435\u0434\u0438\u043d\u0438\u0446\u0443, \u043a\u043e\u0442\u043e\u0440\u0430\u044f \u0431\u0443\u0434\u0435\u0442 \u043f\u043e\u0441\u0442\u0440\u043e\u0435\u043d\u0430 \u043d\u0430 \u044d\u0442\u043e\u043c \u0443\u0447\u0430\u0441\u0442\u043a\u0435.<\/p>\n<p><strong>MAVI TAPU<\/strong> (<strong>\u0413\u043e\u043b\u0443\u0431\u043e\u0439 \u0422\u0410\u041f\u0423<\/strong>) \u0432 \u0422\u0443\u0440\u0446\u0438\u0438 &#8212; \u044d\u0442\u043e \u043e\u0444\u0438\u0446\u0438\u0430\u043b\u044c\u043d\u044b\u0439 \u0434\u043e\u043a\u0443\u043c\u0435\u043d\u0442, \u043f\u043e\u0434\u0442\u0432\u0435\u0440\u0436\u0434\u0430\u044e\u0449\u0438\u0439 \u0437\u0430\u0440\u0435\u0433\u0438\u0441\u0442\u0440\u0438\u0440\u043e\u0432\u0430\u043d\u043d\u043e\u0435 \u043f\u0440\u0430\u0432\u043e \u0441\u043e\u0431\u0441\u0442\u0432\u0435\u043d\u043d\u043e\u0441\u0442\u0438 \u043d\u0430 \u043d\u0435\u0434\u0432\u0438\u0436\u0438\u043c\u043e\u0435 \u0438\u043c\u0443\u0449\u0435\u0441\u0442\u0432\u043e, \u0432\u043a\u043b\u044e\u0447\u0430\u044f \u0437\u0435\u043c\u0435\u043b\u044c\u043d\u044b\u0439 \u0443\u0447\u0430\u0441\u0442\u043e\u043a.[\/vc_column_text][\/vc_column][\/vc_row][vc_row][vc_column el_class=&#187;listing-form-area&#187;]<div class=\"hero text-left\">\u0421\u0432\u044f\u0436\u0438\u0442\u0435\u0441\u044c \u0441 \u043d\u0430\u043c\u0438!<\/div>\n<div class=\"wpcf7 no-js\" id=\"wpcf7-f1171-o4\" lang=\"en-US\" dir=\"ltr\" data-wpcf7-id=\"1171\">\n<div class=\"screen-reader-response\"><p role=\"status\" aria-live=\"polite\" aria-atomic=\"true\"><\/p> <ul><\/ul><\/div>\n<form action=\"\/ru\/wp-json\/wp\/v2\/pages\/50140#wpcf7-f1171-o4\" method=\"post\" class=\"wpcf7-form init\" aria-label=\"Contact form\" novalidate=\"novalidate\" data-status=\"init\">\n<fieldset class=\"hidden-fields-container\"><input type=\"hidden\" name=\"_wpcf7\" value=\"1171\" \/><input type=\"hidden\" name=\"_wpcf7_version\" value=\"6.1.5\" \/><input type=\"hidden\" name=\"_wpcf7_locale\" value=\"en_US\" \/><input type=\"hidden\" name=\"_wpcf7_unit_tag\" value=\"wpcf7-f1171-o4\" \/><input type=\"hidden\" name=\"_wpcf7_container_post\" value=\"0\" \/><input type=\"hidden\" name=\"_wpcf7_posted_data_hash\" value=\"\" \/><input type=\"hidden\" name=\"_wpcf7_locale_orj\" value=\"ru_RU\" \/>\n<\/fieldset>\n<div class=\"wpcf7-turnstile cf-turnstile\" data-sitekey=\"0x4AAAAAACbErzKFbnzFNt0g\" data-response-field-name=\"_wpcf7_turnstile_response\"><\/div>\n\n<div class=\"fields fields-3\">\n\t<p><span class=\"wpcf7-form-control-wrap\" data-name=\"your-name\"><input size=\"40\" maxlength=\"400\" class=\"wpcf7-form-control wpcf7-text wpcf7-validates-as-required name\" aria-required=\"true\" aria-invalid=\"false\" placeholder=\"Name*\" value=\"\" type=\"text\" name=\"your-name\" \/><\/span><br \/>\n<span class=\"wpcf7-form-control-wrap\" data-name=\"your-email\"><input size=\"40\" maxlength=\"400\" class=\"wpcf7-form-control wpcf7-email wpcf7-validates-as-required wpcf7-text wpcf7-validates-as-email email\" aria-required=\"true\" aria-invalid=\"false\" placeholder=\"E-Mail*\" value=\"\" type=\"email\" name=\"your-email\" \/><\/span><br \/>\n<span class=\"wpcf7-form-control-wrap\" data-name=\"your-phone\"><input size=\"40\" class=\"wpcf7-form-control wpcf7-phonetext wpcf7-validates-as-required wpcf7-text wpcf7-validates-as-phonetext phone\" aria-required=\"true\" aria-invalid=\"false\" value=\"+90\" type=\"text\" name=\"your-phone\" \/><input type=\"hidden\" name=\"your-phone-country-code\" class=\"wpcf7-phonetext-country-code\" \/><\/span>\n\t<\/p>\n<\/div>\n<div class=\"fields fields-odd\">\n\t<p><span class=\"wpcf7-form-control-wrap\" data-name=\"your-question\"><input size=\"40\" maxlength=\"400\" class=\"wpcf7-form-control wpcf7-text wpcf7-validates-as-required question\" aria-required=\"true\" aria-invalid=\"false\" placeholder=\"Any Question?\" value=\"\" type=\"text\" name=\"your-question\" \/><\/span><br \/>\n<input class=\"wpcf7-form-control wpcf7-submit has-spinner\" type=\"submit\" value=\"Send\" \/>\n\t<\/p>\n<\/div><div class=\"wpcf7-response-output\" aria-hidden=\"true\"><\/div>\n<\/form>\n<\/div>\n[vc_empty_space][\/vc_column][\/vc_row]<\/p>","protected":false},"excerpt":{"rendered":"<p>[vc_row][vc_column][vc_single_image image=&#187;50416&#8243; img_size=&#187;full&#187; alignment=&#187;center&#187;][\/vc_column][\/vc_row][vc_row][vc_column][vc_custom_heading text=&#187;\u0422\u0410\u041f\u0423, \u0421\u0432\u0438\u0434\u0435\u0442\u0435\u043b\u044c\u0441\u0442\u0432\u043e \u043e \u0441\u043e\u0431\u0441\u0442\u0432\u0435\u043d\u043d\u043e\u0441\u0442\u0438&#187; font_container=&#187;tag:h3|text_align:center&#187; use_theme_fonts=&#187;yes&#187;][vc_column_text]\u0422\u0410\u041f\u0423 &#8212; \u044d\u0442\u043e \u0441\u0432\u0438\u0434\u0435\u0442\u0435\u043b\u044c\u0441\u0442\u0432\u043e \u043e \u043f\u0440\u0430\u0432\u0435 \u0441\u043e\u0431\u0441\u0442\u0432\u0435\u043d\u043d\u043e\u0441\u0442\u0438 \u043d\u0430 \u043d\u0435\u0434\u0432\u0438\u0436\u0438\u043c\u043e\u0441\u0442\u044c \u0432 \u0422\u0443\u0440\u0446\u0438\u0438. \u0422\u0410\u041f\u0423 (\u0441\u0432\u0438\u0434\u0435\u0442\u0435\u043b\u044c\u0441\u0442\u0432\u043e \u043e \u043f\u0440\u0430\u0432\u0435 \u0441\u043e\u0431\u0441\u0442\u0432\u0435\u043d\u043d\u043e\u0441\u0442\u0438) &#8212; \u044d\u0442\u043e \u044e\u0440\u0438\u0434\u0438\u0447\u0435\u0441\u043a\u0438\u0439 \u0434\u043e\u043a\u0443\u043c\u0435\u043d\u0442, \u043a\u043e\u0442\u043e\u0440\u044b\u0439 \u043f\u043e\u0434\u0442\u0432\u0435\u0440\u0436\u0434\u0430\u0435\u0442 \u0431\u0435\u0437\u0443\u0441\u043b\u043e\u0432\u043d\u044b\u0435 \u0438 \u043d\u0435\u043e\u0441\u043f\u043e\u0440\u0438\u043c\u044b\u0435 \u043f\u0440\u0430\u0432\u0430 \u0441\u043e\u0431\u0441\u0442\u0432\u0435\u043d\u043d\u043e\u0441\u0442\u0438 \u043b\u0438\u0446\u0430 \u043d\u0430 \u043d\u0435\u0434\u0432\u0438\u0436\u0438\u043c\u043e\u0441\u0442\u044c, \u043f\u0440\u0438\u043e\u0431\u0440\u0435\u0442\u0451\u043d\u043d\u0443\u044e \u0432 \u0422\u0443\u0440\u0446\u0438\u0438. \u041f\u043e\u0441\u043b\u0435 \u0437\u0430\u043a\u043b\u044e\u0447\u0435\u043d\u0438\u044f \u0434\u043e\u0433\u043e\u0432\u043e\u0440\u0430 \u043a\u0443\u043f\u043b\u0438-\u043f\u0440\u043e\u0434\u0430\u0436\u0438, \u0432\u044b\u043f\u043e\u043b\u043d\u0435\u043d\u0438\u044f \u0443\u0441\u043b\u043e\u0432\u0438\u0439 \u0444\u0438\u043d\u0430\u043d\u0441\u0438\u0440\u043e\u0432\u0430\u043d\u0438\u044f \u0438 \u0437\u0430\u0432\u0435\u0440\u0448\u0435\u043d\u0438\u044f \u0432\u0441\u0435\u0445 \u043d\u0435\u043e\u0431\u0445\u043e\u0434\u0438\u043c\u044b\u0445 \u0444\u043e\u0440\u043c\u0430\u043b\u044c\u043d\u043e\u0441\u0442\u0435\u0439 \u0441\u0434\u0435\u043b\u043a\u0430 [&hellip;]<\/p>\n","protected":false},"author":47,"featured_media":0,"parent":0,"menu_order":0,"comment_status":"closed","ping_status":"closed","template":"page-text.php","meta":{"inline_featured_image":false,"footnotes":""},"class_list":["post-50140","page","type-page","status-publish","hentry"],"_links":{"self":[{"href":"https:\/\/muvehome.com\/ru\/wp-json\/wp\/v2\/pages\/50140","targetHints":{"allow":["GET"]}}],"collection":[{"href":"https:\/\/muvehome.com\/ru\/wp-json\/wp\/v2\/pages"}],"about":[{"href":"https:\/\/muvehome.com\/ru\/wp-json\/wp\/v2\/types\/page"}],"author":[{"embeddable":true,"href":"https:\/\/muvehome.com\/ru\/wp-json\/wp\/v2\/users\/47"}],"replies":[{"embeddable":true,"href":"https:\/\/muvehome.com\/ru\/wp-json\/wp\/v2\/comments?post=50140"}],"version-history":[{"count":3,"href":"https:\/\/muvehome.com\/ru\/wp-json\/wp\/v2\/pages\/50140\/revisions"}],"predecessor-version":[{"id":52734,"href":"https:\/\/muvehome.com\/ru\/wp-json\/wp\/v2\/pages\/50140\/revisions\/52734"}],"wp:attachment":[{"href":"https:\/\/muvehome.com\/ru\/wp-json\/wp\/v2\/media?parent=50140"}],"curies":[{"name":"wp","href":"https:\/\/api.w.org\/{rel}","templated":true}]}}