{"id":3,"date":"2021-02-12T10:00:58","date_gmt":"2021-02-12T07:00:58","guid":{"rendered":"https:\/\/muvehome.com\/?page_id=3"},"modified":"2026-04-16T16:18:20","modified_gmt":"2026-04-16T13:18:20","slug":"privacy-policy","status":"publish","type":"page","link":"https:\/\/muvehome.com\/sk\/privacy-policy\/","title":{"rendered":"KVKK &#038; Z\u00e1sady ochrany osobn\u00fdch \u00fadajov"},"content":{"rendered":"<p><strong>Z\u00e1sady ochrany osobn\u00fdch \u00fadajov a informovanie pod\u013ea KVKK<\/strong><\/p>\n<p><strong>V\u0161eobecn\u00e9 inform\u00e1cie o z\u00e1kone o ochrane osobn\u00fdch \u00fadajov<\/strong><br \/>\nZ\u00e1kon o ochrane osobn\u00fdch \u00fadajov \u010d. 6698 (\u201eKVKK\u201c) bol prijat\u00fd 24. marca 2016 a uverejnen\u00fd v \u00daradnom vestn\u00edku zo d\u0148a 7. apr\u00edla 2016 pod \u010d\u00edslom 29677. Niektor\u00e9 ustanovenia z\u00e1kona nadobudli \u00fa\u010dinnos\u0165 d\u0148om jeho uverejnenia, zatia\u013e \u010do \u010fal\u0161ie nadobudli \u00fa\u010dinnos\u0165 7. okt\u00f3bra 2016.<\/p>\n<p><strong>Inform\u00e1cie ako spr\u00e1vca \u00fadajov<\/strong><br \/>\nV s\u00falade so z\u00e1konom \u010d. 6698 (KVKK) m\u00f4\u017eu by\u0165 va\u0161e osobn\u00e9 \u00fadaje ako spr\u00e1vcom \u00fadajov sprac\u00favan\u00e9 v s\u00falade so z\u00e1konom a z\u00e1sadami poctivosti a presnosti, a v pr\u00edpade potreby aktualizovan\u00e9, na konkr\u00e9tne, jasn\u00e9 a legit\u00edmne \u00fa\u010dely.<\/p>\n<p>Va\u0161e osobn\u00e9 \u00fadaje m\u00f4\u017eu by\u0165 zaznamen\u00e1van\u00e9, uchov\u00e1van\u00e9, aktualizovan\u00e9, spr\u00edstup\u0148ovan\u00e9 alebo pren\u00e1\u0161an\u00e9 tret\u00edm stran\u00e1m, ak to povo\u013euje z\u00e1kon, \u010falej m\u00f4\u017eu by\u0165 klasifikovan\u00e9 a sprac\u00favan\u00e9 v s\u00falade s ustanoveniami KVKK.<\/p>\n<p><strong>Sp\u00f4soby sprac\u00favania va\u0161ich osobn\u00fdch \u00fadajov<\/strong><br \/>\nV s\u00falade s KVKK m\u00f4\u017eu by\u0165 va\u0161e osobn\u00e9 \u00fadaje poskytnut\u00e9 na\u0161ej spolo\u010dnosti zhroma\u017e\u010fovan\u00e9 \u00faplne alebo \u010diasto\u010dne automatizovan\u00fdmi prostriedkami alebo neautomatizovan\u00fdmi prostriedkami, ak tvoria s\u00fa\u010das\u0165 syst\u00e9mu evidencie \u00fadajov, a m\u00f4\u017eu by\u0165 zaznamen\u00e1van\u00e9, uchov\u00e1van\u00e9, upravovan\u00e9, reorganizovan\u00e9 a podroben\u00e9 \u010fal\u0161\u00edm spracovate\u013esk\u00fdm \u010dinnostiam.<\/p>\n<p>Ak\u00e1ko\u013evek \u010dinnos\u0165 vykon\u00e1van\u00e1 s osobn\u00fdmi \u00fadajmi v r\u00e1mci KVKK sa pova\u017euje za \u201esprac\u00favanie osobn\u00fdch \u00fadajov\u201c.<\/p>\n<p><strong>\u00da\u010dely a pr\u00e1vne z\u00e1klady sprac\u00favania va\u0161ich osobn\u00fdch \u00fadajov<\/strong><br \/>\nVa\u0161e osobn\u00e9 \u00fadaje m\u00f4\u017eu by\u0165 sprac\u00favan\u00e9 na tieto \u00fa\u010dely:<\/p>\n<ul>\n<li>poskytovanie na\u0161ich slu\u017eieb v s\u00falade so zmluvn\u00fdmi a technologick\u00fdmi po\u017eiadavkami,<\/li>\n<li>zlep\u0161ovanie na\u0161ich produktov a slu\u017eieb,<\/li>\n<li>zaznamen\u00e1vanie identifika\u010dn\u00fdch, adresn\u00fdch a \u010fal\u0161\u00edch potrebn\u00fdch \u00fadajov v s\u00falade so z\u00e1konom \u010d. 6563 o regul\u00e1cii elektronick\u00e9ho obchodu, z\u00e1konom \u010d. 6502 o ochrane spotrebite\u013ea a s\u00favisiacimi pr\u00e1vnymi predpismi,<\/li>\n<li>vykon\u00e1vanie platobn\u00fdch transakci\u00ed, elektronick\u00fdch zml\u00fav a s\u00favisiacich pr\u00e1vnych z\u00e1znamov,<\/li>\n<li>plnenie z\u00e1konn\u00fdch povinnost\u00ed a poskytovanie inform\u00e1ci\u00ed opr\u00e1vnen\u00fdm in\u0161tit\u00faci\u00e1m,<\/li>\n<li>poskytovanie inform\u00e1ci\u00ed pr\u00edslu\u0161n\u00fdm org\u00e1nom v pr\u00edpade pr\u00e1vnych sporov alebo po\u017eiadaviek verejnej bezpe\u010dnosti v s\u00falade s KVKK a pr\u00edslu\u0161n\u00fdmi pr\u00e1vnymi predpismi.<\/li>\n<\/ul>\n<p><strong>Prenos osobn\u00fdch \u00fadajov<\/strong><br \/>\nVa\u0161e osobn\u00e9 \u00fadaje m\u00f4\u017eu by\u0165 zdie\u013ean\u00e9, v rozsahu vy\u0161\u0161ie uveden\u00fdch \u00fa\u010delov, s:<\/p>\n<ul>\n<li>poskytovate\u013eom webovej infra\u0161trukt\u00fary na\u0161ej spolo\u010dnosti, spolo\u010dnos\u0165ou \u0130zofis,<\/li>\n<li>opr\u00e1vnen\u00fdmi zamestnancami spolo\u010dnosti,<\/li>\n<li>pr\u00edslu\u0161n\u00fdmi verejn\u00fdmi in\u0161tit\u00faciami a org\u00e1nmi, ak to vy\u017eaduj\u00fa z\u00e1konn\u00e9 povinnosti.<\/li>\n<\/ul>\n<p><strong>Sp\u00f4soby zhroma\u017e\u010fovania osobn\u00fdch \u00fadajov<\/strong><br \/>\nVa\u0161e osobn\u00e9 \u00fadaje m\u00f4\u017eu by\u0165 zhroma\u017e\u010fovan\u00e9 \u00fastne, p\u00edsomne alebo elektronicky prostredn\u00edctvom:<\/p>\n<ul>\n<li>webov\u00fdch str\u00e1nok, mobiln\u00fdch aplik\u00e1ci\u00ed a formul\u00e1rov,<\/li>\n<li>telef\u00f3nu, e-mailu, vizitiek a \u00fastnej alebo p\u00edsomnej komunik\u00e1cie,<\/li>\n<li>predajn\u00fdch, marketingov\u00fdch a call centier,<\/li>\n<li>cookies a IP z\u00e1znamov,<\/li>\n<li>soci\u00e1lnych siet\u00ed, kampan\u00ed, prieskumov a podobn\u00fdch digit\u00e1lnych kan\u00e1lov.<\/li>\n<\/ul>\n<p><strong>Uchov\u00e1vanie a bezpe\u010dnos\u0165 \u00fadajov<\/strong><br \/>\nVa\u0161e osobn\u00e9 \u00fadaje s\u00fa uchov\u00e1van\u00e9 d\u00f4verne v s\u00falade s \u010dl\u00e1nkom 12 KVKK a s\u00fa chr\u00e1nen\u00e9 primeran\u00fdmi technick\u00fdmi a organiza\u010dn\u00fdmi opatreniami proti neopr\u00e1vnen\u00e9mu pr\u00edstupu.<\/p>\n<p>V pr\u00edpade poru\u0161enia bezpe\u010dnosti \u00fadajov bude t\u00e1to skuto\u010dnos\u0165 ozn\u00e1men\u00e1 pr\u00edslu\u0161n\u00fdm verejn\u00fdm org\u00e1nom v s\u00falade s platn\u00fdmi pr\u00e1vnymi predpismi.<\/p>\n<p><strong>Presnos\u0165 a aktu\u00e1lnos\u0165 \u00fadajov<\/strong><br \/>\nV s\u00falade s \u010dl\u00e1nkom 4 KVKK musia by\u0165 va\u0161e osobn\u00e9 \u00fadaje presn\u00e9 a aktu\u00e1lne. Preto s\u00fa pou\u017e\u00edvatelia zodpovedn\u00ed za poskytovanie spr\u00e1vnych a aktu\u00e1lnych \u00fadajov.<\/p>\n<p><strong>Pr\u00e1va dotknutej osoby<\/strong><br \/>\nAko dotknut\u00e1 osoba pod\u013ea \u010dl\u00e1nku 11 KVKK m\u00e1te pr\u00e1vo:<\/p>\n<ul>\n<li>zisti\u0165, \u010di sa va\u0161e osobn\u00e9 \u00fadaje sprac\u00favaj\u00fa,<\/li>\n<li>po\u017eadova\u0165 inform\u00e1cie, ak boli spracovan\u00e9,<\/li>\n<li>zisti\u0165 \u00fa\u010del sprac\u00favania a \u010di sa pou\u017e\u00edvaj\u00fa v s\u00falade s t\u00fdmto \u00fa\u010delom,<\/li>\n<li>vedie\u0165, tretie strany v tuzemsku aj v zahrani\u010d\u00ed, ktor\u00fdm boli \u00fadaje poskytnut\u00e9,<\/li>\n<li>po\u017eadova\u0165 opravu ne\u00fapln\u00fdch alebo nespr\u00e1vnych \u00fadajov,<\/li>\n<li>po\u017eadova\u0165 vymazanie alebo zni\u010denie \u00fadajov v r\u00e1mci podmienok KVKK,<\/li>\n<li>po\u017eadova\u0165 ozn\u00e1menie t\u00fdchto \u00fakonov tret\u00edm stran\u00e1m,<\/li>\n<li>namieta\u0165 proti v\u00fdsledkom anal\u00fdzy vykonanej v\u00fdlu\u010dne automatizovan\u00fdmi syst\u00e9mami,<\/li>\n<li>po\u017eadova\u0165 n\u00e1hradu \u0161kody v pr\u00edpade \u0161kody sp\u00f4sobenej nez\u00e1konn\u00fdm sprac\u00favan\u00edm.<\/li>\n<\/ul>\n<p><\/p>","protected":false},"excerpt":{"rendered":"<p>Z\u00e1sady ochrany osobn\u00fdch \u00fadajov a informovanie pod\u013ea KVKK V\u0161eobecn\u00e9 inform\u00e1cie o z\u00e1kone o ochrane osobn\u00fdch \u00fadajov Z\u00e1kon o ochrane osobn\u00fdch \u00fadajov \u010d. 6698 (\u201eKVKK\u201c) bol prijat\u00fd 24. marca 2016 a uverejnen\u00fd v \u00daradnom vestn\u00edku zo d\u0148a 7. apr\u00edla 2016 pod \u010d\u00edslom 29677. Niektor\u00e9 ustanovenia z\u00e1kona nadobudli \u00fa\u010dinnos\u0165 d\u0148om jeho uverejnenia, zatia\u013e \u010do \u010fal\u0161ie nadobudli \u00fa\u010dinnos\u0165 [&hellip;]<\/p>\n","protected":false},"author":47,"featured_media":0,"parent":0,"menu_order":0,"comment_status":"closed","ping_status":"closed","template":"","meta":{"inline_featured_image":false,"footnotes":""},"class_list":["post-3","page","type-page","status-publish","hentry"],"_links":{"self":[{"href":"https:\/\/muvehome.com\/sk\/wp-json\/wp\/v2\/pages\/3","targetHints":{"allow":["GET"]}}],"collection":[{"href":"https:\/\/muvehome.com\/sk\/wp-json\/wp\/v2\/pages"}],"about":[{"href":"https:\/\/muvehome.com\/sk\/wp-json\/wp\/v2\/types\/page"}],"author":[{"embeddable":true,"href":"https:\/\/muvehome.com\/sk\/wp-json\/wp\/v2\/users\/47"}],"replies":[{"embeddable":true,"href":"https:\/\/muvehome.com\/sk\/wp-json\/wp\/v2\/comments?post=3"}],"version-history":[{"count":3,"href":"https:\/\/muvehome.com\/sk\/wp-json\/wp\/v2\/pages\/3\/revisions"}],"predecessor-version":[{"id":52258,"href":"https:\/\/muvehome.com\/sk\/wp-json\/wp\/v2\/pages\/3\/revisions\/52258"}],"wp:attachment":[{"href":"https:\/\/muvehome.com\/sk\/wp-json\/wp\/v2\/media?parent=3"}],"curies":[{"name":"wp","href":"https:\/\/api.w.org\/{rel}","templated":true}]}}