{"id":50140,"date":"2025-11-18T14:20:22","date_gmt":"2025-11-18T11:20:22","guid":{"rendered":"https:\/\/muvehome.com\/?page_id=50140"},"modified":"2026-04-28T17:41:25","modified_gmt":"2026-04-28T14:41:25","slug":"title-deed","status":"publish","type":"page","link":"https:\/\/muvehome.com\/sk\/title-deed\/","title":{"rendered":"TAPU, List vlastn\u00edctva"},"content":{"rendered":"<p>[vc_row][vc_column][vc_single_image image=&#8220;50416&#8243; img_size=&#8220;full&#8220; alignment=&#8220;center&#8220;][\/vc_column][\/vc_row][vc_row][vc_column][vc_custom_heading text=&#8220;TAPU, List vlastn\u00edctva&#8220; font_container=&#8220;tag:h3|text_align:center&#8220; use_theme_fonts=&#8220;yes&#8220;][vc_column_text]<\/p>\n<section class=\"text-token-text-primary w-full focus:outline-none [--shadow-height:45px] has-data-writing-block:pointer-events-none has-data-writing-block:-mt-(--shadow-height) has-data-writing-block:pt-(--shadow-height) [&amp;:has([data-writing-block])&gt;*]:pointer-events-auto R6Vx5W_threadScrollVars scroll-mb-[calc(var(--scroll-root-safe-area-inset-bottom,0px)+var(--thread-response-height))] scroll-mt-(--header-height)\" dir=\"auto\" data-turn-id=\"09c1f2db-474f-4e8a-8916-4f4c0b16b520\" data-testid=\"conversation-turn-73\" data-scroll-anchor=\"false\" data-turn=\"user\"><\/section>\n<section class=\"text-token-text-primary w-full focus:outline-none [--shadow-height:45px] has-data-writing-block:pointer-events-none has-data-writing-block:-mt-(--shadow-height) has-data-writing-block:pt-(--shadow-height) [&amp;:has([data-writing-block])&gt;*]:pointer-events-auto [content-visibility:auto] supports-[content-visibility:auto]:[contain-intrinsic-size:auto_100lvh] R6Vx5W_threadScrollVars scroll-mb-[calc(var(--scroll-root-safe-area-inset-bottom,0px)+var(--thread-response-height))] scroll-mt-[calc(var(--header-height)+min(200px,max(70px,20svh)))]\" dir=\"auto\" data-turn-id=\"request-WEB:c485dafd-8ad3-41b9-b1d5-b47e8a17d85c-36\" data-testid=\"conversation-turn-74\" data-scroll-anchor=\"false\" data-turn=\"assistant\">\n<div class=\"text-base my-auto mx-auto pb-10 [--thread-content-margin:var(--thread-content-margin-xs,calc(var(--spacing)*4))] @w-sm\/main:[--thread-content-margin:var(--thread-content-margin-sm,calc(var(--spacing)*6))] @w-lg\/main:[--thread-content-margin:var(--thread-content-margin-lg,calc(var(--spacing)*16))] px-(--thread-content-margin)\">\n<div class=\"[--thread-content-max-width:40rem] @w-lg\/main:[--thread-content-max-width:48rem] mx-auto max-w-(--thread-content-max-width) flex-1 group\/turn-messages focus-visible:outline-hidden relative flex w-full min-w-0 flex-col agent-turn\">\n<div class=\"flex max-w-full flex-col gap-4 grow\">\n<div class=\"min-h-8 text-message relative flex w-full flex-col items-end gap-2 text-start break-words whitespace-normal outline-none keyboard-focused:focus-ring [.text-message+&amp;]:mt-1\" dir=\"auto\" tabindex=\"0\" data-message-author-role=\"assistant\" data-message-id=\"d3b228c4-5994-4e57-8644-0699df075441\" data-message-model-slug=\"gpt-5-3-mini\" data-turn-start-message=\"true\">\n<div class=\"flex w-full flex-col gap-1 empty:hidden\">\n<div class=\"markdown prose dark:prose-invert w-full wrap-break-word light markdown-new-styling\">\n<p data-start=\"0\" data-end=\"57\" data-is-last-node=\"\" data-is-only-node=\"\"><strong data-start=\"0\" data-end=\"57\" data-is-last-node=\"\" data-is-only-node=\"\">TAPU je list vlastn\u00edctva k nehnute\u013enostiam v Turecku.<\/strong><\/p>\n<\/div>\n<\/div>\n<\/div>\n<\/div>\n<\/div>\n<\/div>\n<\/section>\n<p>TAPU je pr\u00e1vny dokument, ktor\u00fd potvrdzuje jednozna\u010dn\u00e9 a nespochybnite\u013en\u00e9 vlastn\u00edcke pr\u00e1va jednotlivca k nehnute\u013enosti nadobudnutej v Turecku.<\/p>\n<p>Po uzatvoren\u00ed k\u00fapnej zmluvy, splnen\u00ed finan\u010dn\u00fdch podmienok a vykonan\u00ed v\u0161etk\u00fdch potrebn\u00fdch formal\u00edt m\u00f4\u017ee by\u0165 realitn\u00e1 transakcia zrealizovan\u00e1.<\/p>\n<p>Realitn\u00e1 kancel\u00e1ria konaj\u00faca na z\u00e1klade plnej moci klienta predlo\u017e\u00ed v\u0161etky potrebn\u00e9 dokumenty miestnemu \u0161t\u00e1tnemu org\u00e1nu evidencie nehnute\u013enost\u00ed (katastr\u00e1lny a pozemkov\u00fd \u00farad, zn\u00e1my ako Tapu) v meste a okrese, kde sa nehnute\u013enos\u0165 nach\u00e1dza, na overenie ich pr\u00e1vnej platnosti a pravosti.<\/p>\n<p>Po overen\u00ed pravosti a z\u00e1konnosti predlo\u017een\u00fdch dokumentov sa <strong>list vlastn\u00edctva (TAPU)<\/strong> vyd\u00e1va ako kone\u010dn\u00fd d\u00f4kaz z\u00e1konn\u00e9ho vlastn\u00edckeho pr\u00e1va nov\u00e9ho majite\u013ea k nehnute\u013enosti.<\/p>\n<p>Pri k\u00fape<strong> nehnute\u013enosti v Turecku<\/strong> mus\u00ed by\u0165 cel\u00e1 k\u00fapna cena uhraden\u00e1 pred vydan\u00edm listu vlastn\u00edctva (TAPU).<\/p>\n<p>Vlastn\u00edctvo nehnute\u013enosti zap\u00edsanej v TAPU m\u00f4\u017ee patri\u0165 jedn\u00e9mu alebo viacer\u00fdm vlastn\u00edkom, fyzick\u00fdm aj pr\u00e1vnick\u00fdm osob\u00e1m.<\/p>\n<p>Inform\u00e1cie uveden\u00e9 v \u010cERVENOM <strong>TAPU v Turecku<\/strong> pre reziden\u010dn\u00e9 alebo komer\u010dn\u00e9 nehnute\u013enosti:<\/p>\n<p>\u0130li *<strong>Provincia<\/strong>, \u0130l\u00e7esi *<strong>Okres<\/strong>, Mahallesi *<strong>\u0160tvr\u0165<\/strong>, K\u00f6y\u00fc *<strong>Obec<\/strong> \/ dedina, Soka\u011f\u0131 *<strong>Ulica<\/strong>, Mevkii *<strong>Lokalita<\/strong>, Ada No. *<strong>\u010c\u00edslo pozemkovej parcely<\/strong>, Niteli\u011fi *<strong>Typ nehnute\u013enosti<\/strong> (<strong>reziden\u010dn\u00e1<\/strong>, <strong>komer\u010dn\u00e1<\/strong>), Y\u00fcz\u00f6l\u00e7\u00fcm\u00fc (m\u00b2) *<strong>V\u00fdmera nehnute\u013enosti<\/strong> (m\u00b2), S\u0131n\u0131r\u0131 *<strong>Hranice<\/strong>, Kat M\u00fclkiyeti \/ Kat \u0130rtifak\u0131 *<strong>Typ vlastn\u00edctva<\/strong>, Sat\u0131\u015f Bedeli *<strong>Katastr\u00e1lna hodnota<\/strong>, Arsa Pay\u0131 *<strong>Podiel na pozemku<\/strong> (pri viacer\u00fdch vlastn\u00edkoch), Blok No. *<strong>\u010c\u00edslo bloku<\/strong>, Kat No. *<strong>Poschodie<\/strong>, Ba\u011f\u0131ms\u0131z B\u00f6l\u00fcm No. *<strong>\u010c\u00edslo samostatnej jednotky<\/strong>, Edinme Sebebi *<strong>D\u00f4vod nadobudnutia <\/strong>(predch\u00e1dzaj\u00faci vlastn\u00edk a d\u00f4vod prevodu \u2013 predaj, dedi\u010dstvo, man\u017eelstvo, dar, rozvod, finan\u010dn\u00e9 d\u00f4vody), Sahibi *<strong>Nov\u00fd vlastn\u00edk<\/strong>, Tarihi *<strong>D\u00e1tum prevodu vlastn\u00edctva<\/strong> (registr\u00e1cie TAPU), Cilt No. *<strong>Katastr\u00e1lne eviden\u010dn\u00e9 \u010d\u00edslo<\/strong>, Siciline Uygundur *<strong>Sp\u00f4sobil\u00e9 na z\u00e1pis<\/strong> (podpis katastr\u00e1lneho \u00faradn\u00edka).<\/p>\n<p><strong>Vysvetlenia:<\/strong><\/p>\n<p><strong>Typ vlastn\u00edctva Kat M\u00fclkiyeti<\/strong> \u2013 vlastn\u00edcke pr\u00e1vo k nehnute\u013enosti zah\u0155\u0148aj\u00face pozemok dokon\u010den\u00e9ho projektu a konkr\u00e9tnu bytov\u00fa jednotku postaven\u00fa na tomto pozemku.<\/p>\n<p><strong>Typ vlastn\u00edctva Kat \u0130rtifak\u0131<\/strong> \u2013 vlastn\u00edcke pr\u00e1vo k nehnute\u013enosti zah\u0155\u0148aj\u00face podiel na pozemku v r\u00e1mci rozostavan\u00e9ho projektu a pr\u00e1vo na konkr\u00e9tnu bud\u00facu bytov\u00fa jednotku, ktor\u00e1 bude na tomto pozemku postaven\u00e1.<\/p>\n<p><strong>MAVI TAPU (Modr\u00e9 TAPU)<\/strong> v Turecku je pr\u00e1vny dokument potvrdzuj\u00faci vlastn\u00edctvo nehnute\u013enosti vr\u00e1tane pozemku.[\/vc_column_text][\/vc_column][\/vc_row][vc_row][vc_column el_class=&#8220;listing-form-area&#8220;]<div class=\"hero text-left\">Kontaktujte n\u00e1s!<\/div>\n<div class=\"wpcf7 no-js\" id=\"wpcf7-f1171-o6\" lang=\"en-US\" dir=\"ltr\" data-wpcf7-id=\"1171\">\n<div class=\"screen-reader-response\"><p role=\"status\" aria-live=\"polite\" aria-atomic=\"true\"><\/p> <ul><\/ul><\/div>\n<form action=\"\/sk\/wp-json\/wp\/v2\/pages\/50140#wpcf7-f1171-o6\" method=\"post\" class=\"wpcf7-form init\" aria-label=\"Contact form\" novalidate=\"novalidate\" data-status=\"init\">\n<fieldset class=\"hidden-fields-container\"><input type=\"hidden\" name=\"_wpcf7\" value=\"1171\" \/><input type=\"hidden\" name=\"_wpcf7_version\" value=\"6.1.5\" \/><input type=\"hidden\" name=\"_wpcf7_locale\" value=\"en_US\" \/><input type=\"hidden\" name=\"_wpcf7_unit_tag\" value=\"wpcf7-f1171-o6\" \/><input type=\"hidden\" name=\"_wpcf7_container_post\" value=\"0\" \/><input type=\"hidden\" name=\"_wpcf7_posted_data_hash\" value=\"\" \/><input type=\"hidden\" name=\"_wpcf7_locale_orj\" value=\"sk_SK\" \/>\n<\/fieldset>\n<div class=\"wpcf7-turnstile cf-turnstile\" data-sitekey=\"0x4AAAAAACbErzKFbnzFNt0g\" data-response-field-name=\"_wpcf7_turnstile_response\"><\/div>\n\n<div class=\"fields fields-3\">\n\t<p><span class=\"wpcf7-form-control-wrap\" data-name=\"your-name\"><input size=\"40\" maxlength=\"400\" class=\"wpcf7-form-control wpcf7-text wpcf7-validates-as-required name\" aria-required=\"true\" aria-invalid=\"false\" placeholder=\"Name*\" value=\"\" type=\"text\" name=\"your-name\" \/><\/span><br \/>\n<span class=\"wpcf7-form-control-wrap\" data-name=\"your-email\"><input size=\"40\" maxlength=\"400\" class=\"wpcf7-form-control wpcf7-email wpcf7-validates-as-required wpcf7-text wpcf7-validates-as-email email\" aria-required=\"true\" aria-invalid=\"false\" placeholder=\"E-Mail*\" value=\"\" type=\"email\" name=\"your-email\" \/><\/span><br \/>\n<span class=\"wpcf7-form-control-wrap\" data-name=\"your-phone\"><input size=\"40\" class=\"wpcf7-form-control wpcf7-phonetext wpcf7-validates-as-required wpcf7-text wpcf7-validates-as-phonetext phone\" aria-required=\"true\" aria-invalid=\"false\" value=\"+90\" type=\"text\" name=\"your-phone\" \/><input type=\"hidden\" name=\"your-phone-country-code\" class=\"wpcf7-phonetext-country-code\" \/><\/span>\n\t<\/p>\n<\/div>\n<div class=\"fields fields-odd\">\n\t<p><span class=\"wpcf7-form-control-wrap\" data-name=\"your-question\"><input size=\"40\" maxlength=\"400\" class=\"wpcf7-form-control wpcf7-text wpcf7-validates-as-required question\" aria-required=\"true\" aria-invalid=\"false\" placeholder=\"Any Question?\" value=\"\" type=\"text\" name=\"your-question\" \/><\/span><br \/>\n<input class=\"wpcf7-form-control wpcf7-submit has-spinner\" type=\"submit\" value=\"Send\" \/>\n\t<\/p>\n<\/div><div class=\"wpcf7-response-output\" aria-hidden=\"true\"><\/div>\n<\/form>\n<\/div>\n[vc_empty_space][\/vc_column][\/vc_row]<\/p>","protected":false},"excerpt":{"rendered":"<p>[vc_row][vc_column][vc_single_image image=&#8220;50416&#8243; img_size=&#8220;full&#8220; alignment=&#8220;center&#8220;][\/vc_column][\/vc_row][vc_row][vc_column][vc_custom_heading text=&#8220;TAPU, List vlastn\u00edctva&#8220; font_container=&#8220;tag:h3|text_align:center&#8220; use_theme_fonts=&#8220;yes&#8220;][vc_column_text] TAPU je list vlastn\u00edctva k nehnute\u013enostiam v Turecku. TAPU je pr\u00e1vny dokument, ktor\u00fd potvrdzuje jednozna\u010dn\u00e9 a nespochybnite\u013en\u00e9 vlastn\u00edcke pr\u00e1va jednotlivca k nehnute\u013enosti nadobudnutej v Turecku. Po uzatvoren\u00ed k\u00fapnej zmluvy, splnen\u00ed finan\u010dn\u00fdch podmienok a vykonan\u00ed v\u0161etk\u00fdch potrebn\u00fdch formal\u00edt m\u00f4\u017ee by\u0165 realitn\u00e1 transakcia zrealizovan\u00e1. Realitn\u00e1 kancel\u00e1ria konaj\u00faca na [&hellip;]<\/p>\n","protected":false},"author":47,"featured_media":0,"parent":0,"menu_order":0,"comment_status":"closed","ping_status":"closed","template":"page-text.php","meta":{"inline_featured_image":false,"footnotes":""},"class_list":["post-50140","page","type-page","status-publish","hentry"],"_links":{"self":[{"href":"https:\/\/muvehome.com\/sk\/wp-json\/wp\/v2\/pages\/50140","targetHints":{"allow":["GET"]}}],"collection":[{"href":"https:\/\/muvehome.com\/sk\/wp-json\/wp\/v2\/pages"}],"about":[{"href":"https:\/\/muvehome.com\/sk\/wp-json\/wp\/v2\/types\/page"}],"author":[{"embeddable":true,"href":"https:\/\/muvehome.com\/sk\/wp-json\/wp\/v2\/users\/47"}],"replies":[{"embeddable":true,"href":"https:\/\/muvehome.com\/sk\/wp-json\/wp\/v2\/comments?post=50140"}],"version-history":[{"count":3,"href":"https:\/\/muvehome.com\/sk\/wp-json\/wp\/v2\/pages\/50140\/revisions"}],"predecessor-version":[{"id":52734,"href":"https:\/\/muvehome.com\/sk\/wp-json\/wp\/v2\/pages\/50140\/revisions\/52734"}],"wp:attachment":[{"href":"https:\/\/muvehome.com\/sk\/wp-json\/wp\/v2\/media?parent=50140"}],"curies":[{"name":"wp","href":"https:\/\/api.w.org\/{rel}","templated":true}]}}