{"id":50151,"date":"2025-11-18T14:23:01","date_gmt":"2025-11-18T11:23:01","guid":{"rendered":"https:\/\/muvehome.com\/?page_id=50151"},"modified":"2026-04-28T17:38:01","modified_gmt":"2026-04-28T14:38:01","slug":"property-management","status":"publish","type":"page","link":"https:\/\/muvehome.com\/sk\/property-management\/","title":{"rendered":"Spr\u00e1va nehnute\u013enosti"},"content":{"rendered":"<p>[vc_row][vc_column][vc_single_image image=&#8220;50350&#8243; img_size=&#8220;full&#8220; alignment=&#8220;center&#8220;][\/vc_column][\/vc_row][vc_row][vc_column][vc_custom_heading text=&#8220;Spr\u00e1va nehnute\u013enost\u00ed v Alanyi s Muve Home&#8220; font_container=&#8220;tag:h3|text_align:center&#8220; use_theme_fonts=&#8220;yes&#8220;][vc_column_text]Na\u0161e slu\u017eby spr\u00e1vy<strong> nehnute\u013enost\u00ed v Alanyi<\/strong> pom\u00e1haj\u00fa majite\u013eom nehnute\u013enost\u00ed maximalizova\u0165 hodnotu ich invest\u00edci\u00ed. Od spr\u00e1vy pren\u00e1jmu a \u00fadr\u017eby nehnute\u013enost\u00ed a\u017e po inkaso n\u00e1jomn\u00e9ho a pr\u00e1vnu podporu poskytujeme profesion\u00e1lnu asistenciu v ka\u017edej f\u00e1ze vlastn\u00edctva.<\/p>\n<p>Na\u0161e slu\u017eby zah\u0155\u0148aj\u00fa:<strong><br \/>\n\u2022 Starostlivos\u0165 o nehnute\u013enosti, spr\u00e1va pren\u00e1jmu nehnute\u013enost\u00ed a slu\u017eby upratovania<br \/>\n\u2022 Podpora pri rekon\u0161trukci\u00e1ch a poradenstvo v oblasti \u00fadr\u017eby, opr\u00e1v a v\u00fdberu d\u00f4veryhodn\u00fdch dod\u00e1vate\u013eov<br \/>\n\u2022 Pr\u00edprava n\u00e1jomn\u00fdch zml\u00fav a kompletn\u00e1 spr\u00e1va zml\u00fav<br \/>\n\u2022 Pravideln\u00e1 \u00fadr\u017eba nehnute\u013enost\u00ed a koordin\u00e1cia opr\u00e1v<br \/>\n\u2022 Odhad hodnoty nehnute\u013enost\u00ed a v\u00fdkonnostn\u00e9 reporty<br \/>\n\u2022 Vyh\u013ead\u00e1vanie, preverovanie a v\u00fdber n\u00e1jomn\u00edkov<br \/>\n\u2022 Pr\u00e1vne poradenstvo a administrat\u00edvna podpora<\/strong><\/p>\n<p><em>S d\u00f4verou n\u00e1m zverte svoju<strong> nehnute\u013enos\u0165 v Alanyi<\/strong>. Postar\u00e1me sa o ka\u017ed\u00fd detail, aby va\u0161a<strong> invest\u00edcia v Turecku s Muve Home<\/strong> bola chr\u00e1nen\u00e1, profesion\u00e1lne spravovan\u00e1 a prin\u00e1\u0161ala maxim\u00e1lny v\u00fdnos.<\/em>[\/vc_column_text][\/vc_column][\/vc_row][vc_row][vc_column el_class=&#8220;listing-form-area&#8220;]<div class=\"hero text-left\">Kontaktujte n\u00e1s! - Spr\u00e1va nehnute\u013enost\u00ed<\/div>\n<div class=\"wpcf7 no-js\" id=\"wpcf7-f1171-o6\" lang=\"en-US\" dir=\"ltr\" data-wpcf7-id=\"1171\">\n<div class=\"screen-reader-response\"><p role=\"status\" aria-live=\"polite\" aria-atomic=\"true\"><\/p> <ul><\/ul><\/div>\n<form action=\"\/sk\/wp-json\/wp\/v2\/pages\/50151#wpcf7-f1171-o6\" method=\"post\" class=\"wpcf7-form init\" aria-label=\"Contact form\" novalidate=\"novalidate\" data-status=\"init\">\n<fieldset class=\"hidden-fields-container\"><input type=\"hidden\" name=\"_wpcf7\" value=\"1171\" \/><input type=\"hidden\" name=\"_wpcf7_version\" value=\"6.1.5\" \/><input type=\"hidden\" name=\"_wpcf7_locale\" value=\"en_US\" \/><input type=\"hidden\" name=\"_wpcf7_unit_tag\" value=\"wpcf7-f1171-o6\" \/><input type=\"hidden\" name=\"_wpcf7_container_post\" value=\"0\" \/><input type=\"hidden\" name=\"_wpcf7_posted_data_hash\" value=\"\" \/><input type=\"hidden\" name=\"_wpcf7_locale_orj\" value=\"sk_SK\" \/>\n<\/fieldset>\n<div class=\"wpcf7-turnstile cf-turnstile\" data-sitekey=\"0x4AAAAAACbErzKFbnzFNt0g\" data-response-field-name=\"_wpcf7_turnstile_response\"><\/div>\n\n<div class=\"fields fields-3\">\n\t<p><span class=\"wpcf7-form-control-wrap\" data-name=\"your-name\"><input size=\"40\" maxlength=\"400\" class=\"wpcf7-form-control wpcf7-text wpcf7-validates-as-required name\" aria-required=\"true\" aria-invalid=\"false\" placeholder=\"Name*\" value=\"\" type=\"text\" name=\"your-name\" \/><\/span><br \/>\n<span class=\"wpcf7-form-control-wrap\" data-name=\"your-email\"><input size=\"40\" maxlength=\"400\" class=\"wpcf7-form-control wpcf7-email wpcf7-validates-as-required wpcf7-text wpcf7-validates-as-email email\" aria-required=\"true\" aria-invalid=\"false\" placeholder=\"E-Mail*\" value=\"\" type=\"email\" name=\"your-email\" \/><\/span><br \/>\n<span class=\"wpcf7-form-control-wrap\" data-name=\"your-phone\"><input size=\"40\" class=\"wpcf7-form-control wpcf7-phonetext wpcf7-validates-as-required wpcf7-text wpcf7-validates-as-phonetext phone\" aria-required=\"true\" aria-invalid=\"false\" value=\"+90\" type=\"text\" name=\"your-phone\" \/><input type=\"hidden\" name=\"your-phone-country-code\" class=\"wpcf7-phonetext-country-code\" \/><\/span>\n\t<\/p>\n<\/div>\n<div class=\"fields fields-odd\">\n\t<p><span class=\"wpcf7-form-control-wrap\" data-name=\"your-question\"><input size=\"40\" maxlength=\"400\" class=\"wpcf7-form-control wpcf7-text wpcf7-validates-as-required question\" aria-required=\"true\" aria-invalid=\"false\" placeholder=\"Any Question?\" value=\"\" type=\"text\" name=\"your-question\" \/><\/span><br \/>\n<input class=\"wpcf7-form-control wpcf7-submit has-spinner\" type=\"submit\" value=\"Send\" \/>\n\t<\/p>\n<\/div><div class=\"wpcf7-response-output\" aria-hidden=\"true\"><\/div>\n<\/form>\n<\/div>\n[vc_empty_space][\/vc_column][\/vc_row]<\/p>","protected":false},"excerpt":{"rendered":"<p>[vc_row][vc_column][vc_single_image image=&#8220;50350&#8243; img_size=&#8220;full&#8220; alignment=&#8220;center&#8220;][\/vc_column][\/vc_row][vc_row][vc_column][vc_custom_heading text=&#8220;Spr\u00e1va nehnute\u013enost\u00ed v Alanyi s Muve Home&#8220; font_container=&#8220;tag:h3|text_align:center&#8220; use_theme_fonts=&#8220;yes&#8220;][vc_column_text]Na\u0161e slu\u017eby spr\u00e1vy nehnute\u013enost\u00ed v Alanyi pom\u00e1haj\u00fa majite\u013eom nehnute\u013enost\u00ed maximalizova\u0165 hodnotu ich invest\u00edci\u00ed. Od spr\u00e1vy pren\u00e1jmu a \u00fadr\u017eby nehnute\u013enost\u00ed a\u017e po inkaso n\u00e1jomn\u00e9ho a pr\u00e1vnu podporu poskytujeme profesion\u00e1lnu asistenciu v ka\u017edej f\u00e1ze vlastn\u00edctva. Na\u0161e slu\u017eby zah\u0155\u0148aj\u00fa: \u2022 Starostlivos\u0165 o nehnute\u013enosti, spr\u00e1va pren\u00e1jmu nehnute\u013enost\u00ed [&hellip;]<\/p>\n","protected":false},"author":47,"featured_media":0,"parent":0,"menu_order":0,"comment_status":"closed","ping_status":"closed","template":"page-text.php","meta":{"inline_featured_image":false,"footnotes":""},"class_list":["post-50151","page","type-page","status-publish","hentry"],"_links":{"self":[{"href":"https:\/\/muvehome.com\/sk\/wp-json\/wp\/v2\/pages\/50151","targetHints":{"allow":["GET"]}}],"collection":[{"href":"https:\/\/muvehome.com\/sk\/wp-json\/wp\/v2\/pages"}],"about":[{"href":"https:\/\/muvehome.com\/sk\/wp-json\/wp\/v2\/types\/page"}],"author":[{"embeddable":true,"href":"https:\/\/muvehome.com\/sk\/wp-json\/wp\/v2\/users\/47"}],"replies":[{"embeddable":true,"href":"https:\/\/muvehome.com\/sk\/wp-json\/wp\/v2\/comments?post=50151"}],"version-history":[{"count":3,"href":"https:\/\/muvehome.com\/sk\/wp-json\/wp\/v2\/pages\/50151\/revisions"}],"predecessor-version":[{"id":52722,"href":"https:\/\/muvehome.com\/sk\/wp-json\/wp\/v2\/pages\/50151\/revisions\/52722"}],"wp:attachment":[{"href":"https:\/\/muvehome.com\/sk\/wp-json\/wp\/v2\/media?parent=50151"}],"curies":[{"name":"wp","href":"https:\/\/api.w.org\/{rel}","templated":true}]}}