{"id":50157,"date":"2025-11-18T14:23:33","date_gmt":"2025-11-18T11:23:33","guid":{"rendered":"https:\/\/muvehome.com\/?page_id=50157"},"modified":"2026-04-28T17:39:51","modified_gmt":"2026-04-28T14:39:51","slug":"residency-in-turkey","status":"publish","type":"page","link":"https:\/\/muvehome.com\/sk\/residency-in-turkey\/","title":{"rendered":"Pobyt v Turecku"},"content":{"rendered":"<p>[vc_row][vc_column][vc_single_image image=&#8220;50424&#8243; img_size=&#8220;full&#8220; alignment=&#8220;center&#8220;][\/vc_column][\/vc_row][vc_row][vc_column][vc_custom_heading text=&#8220;Povolenie na pobyt \u201eIkamet\u201c v Turecku &#8211; Invest\u00edcia do nehnute\u013enost\u00ed&#8220; font_container=&#8220;tag:h3|text_align:center&#8220; use_theme_fonts=&#8220;yes&#8220;][vc_column_text]<strong>Zak\u00fapen\u00edm nehnute\u013enosti v Turecku<\/strong> m\u00f4\u017eete z\u00edska\u0165 povolenie na pobyt (\u201eikamet\u201c) v Turecku. Spolu s vlastn\u00edkom nehnute\u013enosti m\u00f4\u017eu povolenie na pobyt z\u00edska\u0165 aj najbli\u017e\u0161\u00ed rodinn\u00ed pr\u00edslu\u0161n\u00edci, vr\u00e1tane man\u017eela\/man\u017eelky a det\u00ed do 18 rokov.<\/p>\n<p>Ak pl\u00e1nujete zdr\u017eiava\u0165 sa v Turecku viac ako 90 dn\u00ed v r\u00e1mci 180 dn\u00ed, ste povinn\u00ed po\u017eiada\u0165 o povolenie na pobyt.<\/p>\n<p><strong>Na z\u00edskanie povolenia na pobyt v Turecku je potrebn\u00e9 predlo\u017ei\u0165 nasleduj\u00face dokumenty:<\/strong><\/p>\n<ul>\n<li>Platn\u00fd cestovn\u00fd pas (vr\u00e1tane fotografie, str\u00e1nky s identifika\u010dn\u00fdmi \u00fadajmi a str\u00e1nky s poslednou vstupnou pe\u010diatkou do Turecka)<br \/>\n\u2022 \u0160tyri biometrick\u00e9 fotografie<br \/>\n\u2022 Tureck\u00e9 da\u0148ov\u00e9 identifika\u010dn\u00e9 \u010d\u00edslo<br \/>\n\u2022 List vlastn\u00edctva (Tapu) potvrdzuj\u00faci vlastn\u00edctvo nehnute\u013enosti v Turecku<br \/>\n\u2022 Zdravotn\u00e9 poistenie platn\u00e9 v Turecku po\u010das celej d\u013a\u017eky pobytu (Na\u0161a spolo\u010dnos\u0165 je etablovan\u00fdm a spo\u013eahliv\u00fdm poskytovate\u013eom poistenia v oblasti Alanye a provincie Antalya s dlhoro\u010dn\u00fdmi sk\u00fasenos\u0165ami.)<br \/>\n\u2022 Doklad o dostato\u010dn\u00fdch finan\u010dn\u00fdch prostriedkoch (bankov\u00e9 v\u00fdpisy alebo potvrdenie z banky)<br \/>\n\u2022 Doklad o zaplaten\u00ed poplatku za povolenie na pobyt (suma z\u00e1vis\u00ed od \u0161t\u00e1tnej pr\u00edslu\u0161nosti a d\u013a\u017eky pobytu)<br \/>\n\u2022 Vyplnen\u00fd online formul\u00e1r vr\u00e1tane rezerv\u00e1cie term\u00ednu na Gener\u00e1lnom riadite\u013estve pre migr\u00e1ciu<\/li>\n<\/ul>\n<p><strong><em>Spolo\u010dnos\u0165 Muve Home<\/em><\/strong><em> v\u00e1m poskytne odborn\u00e9 poradenstvo a pln\u00fa podporu po\u010das cel\u00e9ho procesu z\u00edskania povolenia na pobyt v Turecku. <\/em><\/p>\n<p><em>N\u00e1\u0161 profesion\u00e1lny t\u00edm v\u00e1m pom\u00f4\u017ee pochopi\u0165 po\u017eiadavky, pripravi\u0165 potrebn\u00e9 dokumenty a sprev\u00e1dza v\u00e1s cel\u00fdm procesom \u017eiadosti. M\u00e1me sk\u00fasenosti s tureck\u00fdmi imigra\u010dn\u00fdmi \u00faradmi a zabezpe\u010d\u00edme, aby bola va\u0161a \u017eiados\u0165 spracovan\u00e1 spr\u00e1vne a efekt\u00edvne.<\/em>[\/vc_column_text][\/vc_column][\/vc_row][vc_row][vc_column el_class=&#8220;listing-form-area&#8220;]<div class=\"hero text-left\">Kontaktujte n\u00e1s! - Pobyt v Turecku<\/div>\n<div class=\"wpcf7 no-js\" id=\"wpcf7-f1171-o6\" lang=\"en-US\" dir=\"ltr\" data-wpcf7-id=\"1171\">\n<div class=\"screen-reader-response\"><p role=\"status\" aria-live=\"polite\" aria-atomic=\"true\"><\/p> <ul><\/ul><\/div>\n<form action=\"\/sk\/wp-json\/wp\/v2\/pages\/50157#wpcf7-f1171-o6\" method=\"post\" class=\"wpcf7-form init\" aria-label=\"Contact form\" novalidate=\"novalidate\" data-status=\"init\">\n<fieldset class=\"hidden-fields-container\"><input type=\"hidden\" name=\"_wpcf7\" value=\"1171\" \/><input type=\"hidden\" name=\"_wpcf7_version\" value=\"6.1.5\" \/><input type=\"hidden\" name=\"_wpcf7_locale\" value=\"en_US\" \/><input type=\"hidden\" name=\"_wpcf7_unit_tag\" value=\"wpcf7-f1171-o6\" \/><input type=\"hidden\" name=\"_wpcf7_container_post\" value=\"0\" \/><input type=\"hidden\" name=\"_wpcf7_posted_data_hash\" value=\"\" \/><input type=\"hidden\" name=\"_wpcf7_locale_orj\" value=\"sk_SK\" \/>\n<\/fieldset>\n<div class=\"wpcf7-turnstile cf-turnstile\" data-sitekey=\"0x4AAAAAACbErzKFbnzFNt0g\" data-response-field-name=\"_wpcf7_turnstile_response\"><\/div>\n\n<div class=\"fields fields-3\">\n\t<p><span class=\"wpcf7-form-control-wrap\" data-name=\"your-name\"><input size=\"40\" maxlength=\"400\" class=\"wpcf7-form-control wpcf7-text wpcf7-validates-as-required name\" aria-required=\"true\" aria-invalid=\"false\" placeholder=\"Name*\" value=\"\" type=\"text\" name=\"your-name\" \/><\/span><br \/>\n<span class=\"wpcf7-form-control-wrap\" data-name=\"your-email\"><input size=\"40\" maxlength=\"400\" class=\"wpcf7-form-control wpcf7-email wpcf7-validates-as-required wpcf7-text wpcf7-validates-as-email email\" aria-required=\"true\" aria-invalid=\"false\" placeholder=\"E-Mail*\" value=\"\" type=\"email\" name=\"your-email\" \/><\/span><br \/>\n<span class=\"wpcf7-form-control-wrap\" data-name=\"your-phone\"><input size=\"40\" class=\"wpcf7-form-control wpcf7-phonetext wpcf7-validates-as-required wpcf7-text wpcf7-validates-as-phonetext phone\" aria-required=\"true\" aria-invalid=\"false\" value=\"+90\" type=\"text\" name=\"your-phone\" \/><input type=\"hidden\" name=\"your-phone-country-code\" class=\"wpcf7-phonetext-country-code\" \/><\/span>\n\t<\/p>\n<\/div>\n<div class=\"fields fields-odd\">\n\t<p><span class=\"wpcf7-form-control-wrap\" data-name=\"your-question\"><input size=\"40\" maxlength=\"400\" class=\"wpcf7-form-control wpcf7-text wpcf7-validates-as-required question\" aria-required=\"true\" aria-invalid=\"false\" placeholder=\"Any Question?\" value=\"\" type=\"text\" name=\"your-question\" \/><\/span><br \/>\n<input class=\"wpcf7-form-control wpcf7-submit has-spinner\" type=\"submit\" value=\"Send\" \/>\n\t<\/p>\n<\/div><div class=\"wpcf7-response-output\" aria-hidden=\"true\"><\/div>\n<\/form>\n<\/div>\n[vc_empty_space][\/vc_column][\/vc_row]<\/p>","protected":false},"excerpt":{"rendered":"<p>[vc_row][vc_column][vc_single_image image=&#8220;50424&#8243; img_size=&#8220;full&#8220; alignment=&#8220;center&#8220;][\/vc_column][\/vc_row][vc_row][vc_column][vc_custom_heading text=&#8220;Povolenie na pobyt \u201eIkamet\u201c v Turecku &#8211; Invest\u00edcia do nehnute\u013enost\u00ed&#8220; font_container=&#8220;tag:h3|text_align:center&#8220; use_theme_fonts=&#8220;yes&#8220;][vc_column_text]Zak\u00fapen\u00edm nehnute\u013enosti v Turecku m\u00f4\u017eete z\u00edska\u0165 povolenie na pobyt (\u201eikamet\u201c) v Turecku. Spolu s vlastn\u00edkom nehnute\u013enosti m\u00f4\u017eu povolenie na pobyt z\u00edska\u0165 aj najbli\u017e\u0161\u00ed rodinn\u00ed pr\u00edslu\u0161n\u00edci, vr\u00e1tane man\u017eela\/man\u017eelky a det\u00ed do 18 rokov. Ak pl\u00e1nujete zdr\u017eiava\u0165 sa v Turecku viac ako [&hellip;]<\/p>\n","protected":false},"author":47,"featured_media":0,"parent":0,"menu_order":0,"comment_status":"closed","ping_status":"closed","template":"page-text.php","meta":{"inline_featured_image":false,"footnotes":""},"class_list":["post-50157","page","type-page","status-publish","hentry"],"_links":{"self":[{"href":"https:\/\/muvehome.com\/sk\/wp-json\/wp\/v2\/pages\/50157","targetHints":{"allow":["GET"]}}],"collection":[{"href":"https:\/\/muvehome.com\/sk\/wp-json\/wp\/v2\/pages"}],"about":[{"href":"https:\/\/muvehome.com\/sk\/wp-json\/wp\/v2\/types\/page"}],"author":[{"embeddable":true,"href":"https:\/\/muvehome.com\/sk\/wp-json\/wp\/v2\/users\/47"}],"replies":[{"embeddable":true,"href":"https:\/\/muvehome.com\/sk\/wp-json\/wp\/v2\/comments?post=50157"}],"version-history":[{"count":3,"href":"https:\/\/muvehome.com\/sk\/wp-json\/wp\/v2\/pages\/50157\/revisions"}],"predecessor-version":[{"id":52728,"href":"https:\/\/muvehome.com\/sk\/wp-json\/wp\/v2\/pages\/50157\/revisions\/52728"}],"wp:attachment":[{"href":"https:\/\/muvehome.com\/sk\/wp-json\/wp\/v2\/media?parent=50157"}],"curies":[{"name":"wp","href":"https:\/\/api.w.org\/{rel}","templated":true}]}}