{"id":50159,"date":"2025-11-18T14:23:41","date_gmt":"2025-11-18T11:23:41","guid":{"rendered":"https:\/\/muvehome.com\/?page_id=50159"},"modified":"2026-04-28T17:42:56","modified_gmt":"2026-04-28T14:42:56","slug":"turkish-citizenship","status":"publish","type":"page","link":"https:\/\/muvehome.com\/sk\/turkish-citizenship\/","title":{"rendered":"Tureck\u00e9 ob\u010dianstvo"},"content":{"rendered":"<p>[vc_row][vc_column][vc_single_image image=&#8220;50463&#8243; img_size=&#8220;full&#8220; alignment=&#8220;center&#8220;][\/vc_column][\/vc_row][vc_row][vc_column][vc_custom_heading text=&#8220;Tureck\u00e9 ob\u010dianstvo prostredn\u00edctvom invest\u00edcie do nehnute\u013enosti&#8220; font_container=&#8220;tag:h3|text_align:center&#8220; use_theme_fonts=&#8220;yes&#8220;][vc_column_text]Cudzinci m\u00f4\u017eu by\u0165 opr\u00e1vnen\u00ed po\u017eiada\u0165 o <strong>tureck\u00e9 ob\u010dianstvo investovan\u00edm do nehnute\u013enosti v minim\u00e1lnej hodnote 400 000 USD<\/strong> (na z\u00e1klade ofici\u00e1lneho znaleck\u00e9ho posudku a kurzu Centr\u00e1lnej banky Tureckej republiky).<\/p>\n<p>Nehnute\u013enos\u0165 mus\u00ed by\u0165 zap\u00edsan\u00e1 <strong>s 3-ro\u010dn\u00fdm obmedzen\u00edm prevodu<\/strong> (<strong>pozn\u00e1mka o z\u00e1v\u00e4zku nehnute\u013enos\u0165 nepreda\u0165<\/strong>) v liste vlastn\u00edctva (TAPU). Po\u010das tohto obdobia nem\u00f4\u017ee by\u0165 nehnute\u013enos\u0165 predan\u00e1 ani preveden\u00e1.<\/p>\n<p><strong>Po\u017eiadavky na nehnute\u013enos\u0165<\/strong><\/p>\n<p>Nehnute\u013enos\u0165 m\u00f4\u017ee by\u0165 reziden\u010dn\u00e1 alebo komer\u010dn\u00e1.<br \/>\nInvest\u00edcia mus\u00ed sp\u013a\u0148a\u0165 minim\u00e1lnu po\u017eadovan\u00fa hodnotu pod\u013ea ofici\u00e1lneho znaleck\u00e9ho posudku.<br \/>\nNehnute\u013enos\u0165 mus\u00ed sp\u013a\u0148a\u0165 podmienky programu \u201eTureck\u00e9 ob\u010dianstvo prostredn\u00edctvom invest\u00edcie\u201c.<br \/>\nNehnute\u013enos\u0165 mus\u00ed by\u0165 evidovan\u00e1 s povinn\u00fdm 3-ro\u010dn\u00fdm obdob\u00edm dr\u017eby.<\/p>\n<p><strong>Platobn\u00e9 podmienky<\/strong><\/p>\n<p>N\u00e1kup mus\u00ed by\u0165 realizovan\u00fd bankov\u00fdm prevodom a riadne zdokumentovan\u00fd.<br \/>\nCelkov\u00e1 investovan\u00e1 suma mus\u00ed by\u0165 plne uhraden\u00e1 a preuk\u00e1zan\u00e1 pre \u00fa\u010dely \u017eiadosti o\u00a0ob\u010dianstvo.<br \/>\nSpl\u00e1tkov\u00e9 kalend\u00e1re zvy\u010dajne nie s\u00fa vhodn\u00e9, pokia\u013e nie je cel\u00e1 po\u017eadovan\u00e1 invest\u00edcia dokon\u010den\u00e1 a riadne zdokumentovan\u00e1 v s\u00falade s\u00a0programom.<br \/>\nHlavn\u00fd \u017eiadate\u013e m\u00f4\u017ee do \u017eiadosti zahrn\u00fa\u0165 man\u017eela\/man\u017eelku a deti do 18 rokov.<\/p>\n<p><strong>Dvojit\u00e9 ob\u010dianstvo<\/strong><\/p>\n<p>Pod\u013ea tureck\u00e9ho pr\u00e1va je osob\u00e1m, ktor\u00e9 z\u00edskaj\u00fa tureck\u00e9 ob\u010dianstvo, zvy\u010dajne povolen\u00e9 ma\u0165 dvojit\u00e9 alebo viacn\u00e1sobn\u00e9 ob\u010dianstvo. \u017diadate\u013eom sa v\u0161ak odpor\u00fa\u010da overi\u0165 si pr\u00e1vne predpisy svojej krajiny p\u00f4vodu, ke\u010f\u017ee pravidl\u00e1 sa m\u00f4\u017eu l\u00ed\u0161i\u0165.<\/p>\n<p>Spolo\u010dnos\u0165 Muve Home poskytuje pln\u00fa podporu a poradenstvo po\u010das cel\u00e9ho procesu \u017eiadosti o tureck\u00e9 ob\u010dianstvo.[\/vc_column_text][\/vc_column][\/vc_row][vc_row][vc_column][vc_column_text]<\/p>\n<p>[\/vc_column_text][\/vc_column][\/vc_row][vc_row][vc_column el_class=&#8220;listing-form-area&#8220;]<div class=\"hero text-left\">Kontakt k tureck\u00e9mu ob\u010dianstvu!<\/div>\n<div class=\"wpcf7 no-js\" id=\"wpcf7-f1171-o6\" lang=\"en-US\" dir=\"ltr\" data-wpcf7-id=\"1171\">\n<div class=\"screen-reader-response\"><p role=\"status\" aria-live=\"polite\" aria-atomic=\"true\"><\/p> <ul><\/ul><\/div>\n<form action=\"\/sk\/wp-json\/wp\/v2\/pages\/50159#wpcf7-f1171-o6\" method=\"post\" class=\"wpcf7-form init\" aria-label=\"Contact form\" novalidate=\"novalidate\" data-status=\"init\">\n<fieldset class=\"hidden-fields-container\"><input type=\"hidden\" name=\"_wpcf7\" value=\"1171\" \/><input type=\"hidden\" name=\"_wpcf7_version\" value=\"6.1.5\" \/><input type=\"hidden\" name=\"_wpcf7_locale\" value=\"en_US\" \/><input type=\"hidden\" name=\"_wpcf7_unit_tag\" value=\"wpcf7-f1171-o6\" \/><input type=\"hidden\" name=\"_wpcf7_container_post\" value=\"0\" \/><input type=\"hidden\" name=\"_wpcf7_posted_data_hash\" value=\"\" \/><input type=\"hidden\" name=\"_wpcf7_locale_orj\" value=\"sk_SK\" \/>\n<\/fieldset>\n<div class=\"wpcf7-turnstile cf-turnstile\" data-sitekey=\"0x4AAAAAACbErzKFbnzFNt0g\" data-response-field-name=\"_wpcf7_turnstile_response\"><\/div>\n\n<div class=\"fields fields-3\">\n\t<p><span class=\"wpcf7-form-control-wrap\" data-name=\"your-name\"><input size=\"40\" maxlength=\"400\" class=\"wpcf7-form-control wpcf7-text wpcf7-validates-as-required name\" aria-required=\"true\" aria-invalid=\"false\" placeholder=\"Name*\" value=\"\" type=\"text\" name=\"your-name\" \/><\/span><br \/>\n<span class=\"wpcf7-form-control-wrap\" data-name=\"your-email\"><input size=\"40\" maxlength=\"400\" class=\"wpcf7-form-control wpcf7-email wpcf7-validates-as-required wpcf7-text wpcf7-validates-as-email email\" aria-required=\"true\" aria-invalid=\"false\" placeholder=\"E-Mail*\" value=\"\" type=\"email\" name=\"your-email\" \/><\/span><br \/>\n<span class=\"wpcf7-form-control-wrap\" data-name=\"your-phone\"><input size=\"40\" class=\"wpcf7-form-control wpcf7-phonetext wpcf7-validates-as-required wpcf7-text wpcf7-validates-as-phonetext phone\" aria-required=\"true\" aria-invalid=\"false\" value=\"+90\" type=\"text\" name=\"your-phone\" \/><input type=\"hidden\" name=\"your-phone-country-code\" class=\"wpcf7-phonetext-country-code\" \/><\/span>\n\t<\/p>\n<\/div>\n<div class=\"fields fields-odd\">\n\t<p><span class=\"wpcf7-form-control-wrap\" data-name=\"your-question\"><input size=\"40\" maxlength=\"400\" class=\"wpcf7-form-control wpcf7-text wpcf7-validates-as-required question\" aria-required=\"true\" aria-invalid=\"false\" placeholder=\"Any Question?\" value=\"\" type=\"text\" name=\"your-question\" \/><\/span><br \/>\n<input class=\"wpcf7-form-control wpcf7-submit has-spinner\" type=\"submit\" value=\"Send\" \/>\n\t<\/p>\n<\/div><div class=\"wpcf7-response-output\" aria-hidden=\"true\"><\/div>\n<\/form>\n<\/div>\n[vc_empty_space][\/vc_column][\/vc_row]<\/p>","protected":false},"excerpt":{"rendered":"<p>[vc_row][vc_column][vc_single_image image=&#8220;50463&#8243; img_size=&#8220;full&#8220; alignment=&#8220;center&#8220;][\/vc_column][\/vc_row][vc_row][vc_column][vc_custom_heading text=&#8220;Tureck\u00e9 ob\u010dianstvo prostredn\u00edctvom invest\u00edcie do nehnute\u013enosti&#8220; font_container=&#8220;tag:h3|text_align:center&#8220; use_theme_fonts=&#8220;yes&#8220;][vc_column_text]Cudzinci m\u00f4\u017eu by\u0165 opr\u00e1vnen\u00ed po\u017eiada\u0165 o tureck\u00e9 ob\u010dianstvo investovan\u00edm do nehnute\u013enosti v minim\u00e1lnej hodnote 400 000 USD (na z\u00e1klade ofici\u00e1lneho znaleck\u00e9ho posudku a kurzu Centr\u00e1lnej banky Tureckej republiky). Nehnute\u013enos\u0165 mus\u00ed by\u0165 zap\u00edsan\u00e1 s 3-ro\u010dn\u00fdm obmedzen\u00edm prevodu (pozn\u00e1mka o z\u00e1v\u00e4zku nehnute\u013enos\u0165 nepreda\u0165) v liste vlastn\u00edctva [&hellip;]<\/p>\n","protected":false},"author":47,"featured_media":0,"parent":0,"menu_order":0,"comment_status":"closed","ping_status":"closed","template":"page-text.php","meta":{"inline_featured_image":false,"footnotes":""},"class_list":["post-50159","page","type-page","status-publish","hentry"],"_links":{"self":[{"href":"https:\/\/muvehome.com\/sk\/wp-json\/wp\/v2\/pages\/50159","targetHints":{"allow":["GET"]}}],"collection":[{"href":"https:\/\/muvehome.com\/sk\/wp-json\/wp\/v2\/pages"}],"about":[{"href":"https:\/\/muvehome.com\/sk\/wp-json\/wp\/v2\/types\/page"}],"author":[{"embeddable":true,"href":"https:\/\/muvehome.com\/sk\/wp-json\/wp\/v2\/users\/47"}],"replies":[{"embeddable":true,"href":"https:\/\/muvehome.com\/sk\/wp-json\/wp\/v2\/comments?post=50159"}],"version-history":[{"count":3,"href":"https:\/\/muvehome.com\/sk\/wp-json\/wp\/v2\/pages\/50159\/revisions"}],"predecessor-version":[{"id":52740,"href":"https:\/\/muvehome.com\/sk\/wp-json\/wp\/v2\/pages\/50159\/revisions\/52740"}],"wp:attachment":[{"href":"https:\/\/muvehome.com\/sk\/wp-json\/wp\/v2\/media?parent=50159"}],"curies":[{"name":"wp","href":"https:\/\/api.w.org\/{rel}","templated":true}]}}