{"id":1311,"date":"2021-04-27T07:28:07","date_gmt":"2021-04-27T07:28:07","guid":{"rendered":"https:\/\/muvehome.com\/?page_id=1311"},"modified":"2026-04-30T13:14:25","modified_gmt":"2026-04-30T10:14:25","slug":"about-us","status":"publish","type":"page","link":"https:\/\/muvehome.com\/tr\/about-us\/","title":{"rendered":"Hakk\u0131m\u0131zda"},"content":{"rendered":"<p>[vc_row css=&#8221;.vc_custom_1619509319604{margin-top: 30px !important;margin-bottom: 30px !important;}&#8221;][vc_column][vc_single_image image=&#8221;50510&#8243; img_size=&#8221;full&#8221;][vc_custom_heading text=&#8221;<strong>MUVE HOME Construction &amp; Real Estate Hakk\u0131m\u0131zda<\/strong>&#8221; font_container=&#8221;tag:h3|text_align:center&#8221; use_theme_fonts=&#8221;yes&#8221;][vc_column_text]<\/p>\n<p data-start=\"146\" data-end=\"289\">T\u00fcrkiye\u2019de <strong data-start=\"157\" data-end=\"181\">gayrimenkul yat\u0131r\u0131m\u0131<\/strong> ve <strong data-start=\"185\" data-end=\"209\">ya\u015fam ihtiya\u00e7lar\u0131n\u0131z<\/strong> i\u00e7in g\u00fcvenilir ve sa\u011flam bir ortak m\u0131 ar\u0131yorsunuz?<br data-start=\"260\" data-end=\"263\" \/><strong data-start=\"263\" data-end=\"276\">Muve Home<\/strong> do\u011fru adres.<\/p>\n<p data-start=\"291\" data-end=\"501\">2003 y\u0131l\u0131nda <strong data-start=\"304\" data-end=\"330\">\u201cAlaiye \u00c7izgi Sigorta\u201d<\/strong> ad\u0131yla kurulan \u015firketimiz, k\u0131sa s\u00fcrede T\u00fcrkiye\u2019de <strong data-start=\"381\" data-end=\"403\">sigorta sekt\u00f6r\u00fcnde<\/strong> g\u00fcven ve kaliteli hizmet anlay\u0131\u015f\u0131yla sad\u0131k bir m\u00fc\u015fteri kitlesi kazanarak ad\u0131ndan s\u00f6z ettirmi\u015ftir.<\/p>\n<p data-start=\"503\" data-end=\"796\">G\u00fc\u00e7l\u00fc itibara sahip k\u00f6kl\u00fc \u015firketimiz, Alanya b\u00f6lgesinde ger\u00e7ekle\u015ftirdi\u011fi projelerle in\u015faat sekt\u00f6r\u00fcndeki varl\u0131\u011f\u0131n\u0131 daha da g\u00fc\u00e7lendirmi\u015ftir. <strong data-start=\"642\" data-end=\"681\">Alanya\u2019da sayg\u0131n bir in\u015faat firmas\u0131<\/strong> ve <strong data-start=\"685\" data-end=\"726\">T\u00fcrk Rivieras\u0131\u2019nda gayrimenkul uzman\u0131<\/strong> olarak faaliyetlerimizi <strong data-start=\"751\" data-end=\"764\">Muve Home<\/strong> markas\u0131 alt\u0131nda s\u00fcrd\u00fcrmekteyiz.<\/p>\n<p data-start=\"798\" data-end=\"1142\">2021 y\u0131l\u0131ndan bu yana Muve Home, <strong data-start=\"831\" data-end=\"916\">Alanya ve T\u00fcrk Rivieras\u0131 boyunca y\u00fcksek kaliteli in\u015faat ve gayrimenkul hizmetleri<\/strong> sunmaktad\u0131r. Modern konutlar\u0131n yan\u0131 s\u0131ra <strong data-start=\"958\" data-end=\"1101\">m\u00fclk y\u00f6netimi, ev mobilyas\u0131 temini, kiralama hizmetleri, kapsaml\u0131 sigorta \u00e7\u00f6z\u00fcmleri, oturma izni ba\u015fvurular\u0131 ve T\u00fcrk vatanda\u015fl\u0131\u011f\u0131 i\u015flemleri<\/strong> konusunda da tam destek sa\u011flamaktay\u0131z.<\/p>\n<p>T\u00fcrk\u00e7e ile di\u011fer diller aras\u0131nda <strong>yeminli terc\u00fcman<\/strong> taraf\u0131ndan <strong>yaz\u0131l\u0131 ve s\u00f6zl\u00fc \u00e7eviri hizmetleri <\/strong>sunulmaktad\u0131r. Dil portf\u00f6y\u00fcm\u00fcz: <strong>\u0130ngilizce<\/strong>,<strong> Slovak\u00e7a<\/strong>,<strong> \u00c7ek\u00e7e<\/strong>,<strong> Rus\u00e7a ve Almanca<\/strong>.<\/p>\n<p data-start=\"1331\" data-end=\"1542\">T\u00fcrkiye\u2019de <strong data-start=\"1342\" data-end=\"1375\">gayrimenkul yat\u0131r\u0131m\u0131 ve ya\u015fam<\/strong> konular\u0131nda sundu\u011fumuz <strong data-start=\"1399\" data-end=\"1422\">\u00fcst d\u00fczey hizmetler<\/strong>, profesyonel ve sab\u0131rl\u0131 rehberli\u011fimizle sizin i\u00e7in <strong data-start=\"1474\" data-end=\"1516\">g\u00fcvenilir ve sa\u011flam bir emlak partneri<\/strong> olmaktan gurur duyuyoruz.<\/p>\n<p data-start=\"1655\" data-end=\"1706\">\u201cBa\u015far\u0131m\u0131z\u0131n anahtar\u0131 sizin memnuniyetinizdir.\u201d<\/p>\n<p data-start=\"1708\" data-end=\"1779\"><em>Muve Home Construction &amp; Real Estate<\/em><\/p>\n<p data-start=\"1544\" data-end=\"1598\"><em><strong data-start=\"1544\" data-end=\"1562\">Mustafa Durgun<\/strong> &#8211;<strong>\u00a0Yeminli Terc\u00fcman Antalya Alanya<\/strong><\/em><\/p>\n<p data-start=\"1600\" data-end=\"1653\"><em><strong data-start=\"1600\" data-end=\"1619\">Veronika Psotna<\/strong> &#8211;\u00a0<strong>Yeminli Terc\u00fcman Antalya Alanya<\/strong><\/em><\/p>\n<p>[\/vc_column_text][\/vc_column][\/vc_row][vc_row][vc_column el_class=&#8221;listing-form-area&#8221;]<div class=\"hero text-left\">Bize Ula\u015f\u0131n \u2013 MUVE HOME!<\/div>\n<div class=\"wpcf7 no-js\" id=\"wpcf7-f1171-o2\" lang=\"en-US\" dir=\"ltr\" data-wpcf7-id=\"1171\">\n<div class=\"screen-reader-response\"><p role=\"status\" aria-live=\"polite\" aria-atomic=\"true\"><\/p> <ul><\/ul><\/div>\n<form action=\"\/tr\/wp-json\/wp\/v2\/pages\/1311#wpcf7-f1171-o2\" method=\"post\" class=\"wpcf7-form init\" aria-label=\"Contact form\" novalidate=\"novalidate\" data-status=\"init\">\n<fieldset class=\"hidden-fields-container\"><input type=\"hidden\" name=\"_wpcf7\" value=\"1171\" \/><input type=\"hidden\" name=\"_wpcf7_version\" value=\"6.1.5\" \/><input type=\"hidden\" name=\"_wpcf7_locale\" value=\"en_US\" \/><input type=\"hidden\" name=\"_wpcf7_unit_tag\" value=\"wpcf7-f1171-o2\" \/><input type=\"hidden\" name=\"_wpcf7_container_post\" value=\"0\" \/><input type=\"hidden\" name=\"_wpcf7_posted_data_hash\" value=\"\" \/><input type=\"hidden\" name=\"_wpcf7_locale_orj\" value=\"tr_TR\" \/>\n<\/fieldset>\n<div class=\"wpcf7-turnstile cf-turnstile\" data-sitekey=\"0x4AAAAAACbErzKFbnzFNt0g\" data-response-field-name=\"_wpcf7_turnstile_response\"><\/div>\n\n<div class=\"fields fields-3\">\n\t<p><span class=\"wpcf7-form-control-wrap\" data-name=\"your-name\"><input size=\"40\" maxlength=\"400\" class=\"wpcf7-form-control wpcf7-text wpcf7-validates-as-required name\" aria-required=\"true\" aria-invalid=\"false\" placeholder=\"Name*\" value=\"\" type=\"text\" name=\"your-name\" \/><\/span><br \/>\n<span class=\"wpcf7-form-control-wrap\" data-name=\"your-email\"><input size=\"40\" maxlength=\"400\" class=\"wpcf7-form-control wpcf7-email wpcf7-validates-as-required wpcf7-text wpcf7-validates-as-email email\" aria-required=\"true\" aria-invalid=\"false\" placeholder=\"E-Mail*\" value=\"\" type=\"email\" name=\"your-email\" \/><\/span><br \/>\n<span class=\"wpcf7-form-control-wrap\" data-name=\"your-phone\"><input size=\"40\" class=\"wpcf7-form-control wpcf7-phonetext wpcf7-validates-as-required wpcf7-text wpcf7-validates-as-phonetext phone\" aria-required=\"true\" aria-invalid=\"false\" value=\"+90\" type=\"text\" name=\"your-phone\" \/><input type=\"hidden\" name=\"your-phone-country-code\" class=\"wpcf7-phonetext-country-code\" \/><\/span>\n\t<\/p>\n<\/div>\n<div class=\"fields fields-odd\">\n\t<p><span class=\"wpcf7-form-control-wrap\" data-name=\"your-question\"><input size=\"40\" maxlength=\"400\" class=\"wpcf7-form-control wpcf7-text wpcf7-validates-as-required question\" aria-required=\"true\" aria-invalid=\"false\" placeholder=\"Any Question?\" value=\"\" type=\"text\" name=\"your-question\" \/><\/span><br \/>\n<input class=\"wpcf7-form-control wpcf7-submit has-spinner\" type=\"submit\" value=\"Send\" \/>\n\t<\/p>\n<\/div><div class=\"wpcf7-response-output\" aria-hidden=\"true\"><\/div>\n<\/form>\n<\/div>\n[vc_empty_space][\/vc_column][\/vc_row][vc_row][vc_column][\/vc_column][\/vc_row]<\/p>","protected":false},"excerpt":{"rendered":"<p>[vc_row css=&#8221;.vc_custom_1619509319604{margin-top: 30px !important;margin-bottom: 30px !important;}&#8221;][vc_column][vc_single_image image=&#8221;50510&#8243; img_size=&#8221;full&#8221;][vc_custom_heading text=&#8221;MUVE HOME Construction &amp; Real Estate Hakk\u0131m\u0131zda&#8221; font_container=&#8221;tag:h3|text_align:center&#8221; use_theme_fonts=&#8221;yes&#8221;][vc_column_text] T\u00fcrkiye\u2019de gayrimenkul yat\u0131r\u0131m\u0131 ve ya\u015fam ihtiya\u00e7lar\u0131n\u0131z i\u00e7in g\u00fcvenilir ve sa\u011flam bir ortak m\u0131 ar\u0131yorsunuz?Muve Home do\u011fru adres. 2003 y\u0131l\u0131nda \u201cAlaiye \u00c7izgi Sigorta\u201d ad\u0131yla kurulan \u015firketimiz, k\u0131sa s\u00fcrede T\u00fcrkiye\u2019de sigorta sekt\u00f6r\u00fcnde g\u00fcven ve kaliteli hizmet anlay\u0131\u015f\u0131yla sad\u0131k bir m\u00fc\u015fteri [&hellip;]<\/p>\n","protected":false},"author":47,"featured_media":0,"parent":0,"menu_order":0,"comment_status":"closed","ping_status":"closed","template":"page-text.php","meta":{"inline_featured_image":false,"footnotes":""},"class_list":["post-1311","page","type-page","status-publish","hentry"],"_links":{"self":[{"href":"https:\/\/muvehome.com\/tr\/wp-json\/wp\/v2\/pages\/1311","targetHints":{"allow":["GET"]}}],"collection":[{"href":"https:\/\/muvehome.com\/tr\/wp-json\/wp\/v2\/pages"}],"about":[{"href":"https:\/\/muvehome.com\/tr\/wp-json\/wp\/v2\/types\/page"}],"author":[{"embeddable":true,"href":"https:\/\/muvehome.com\/tr\/wp-json\/wp\/v2\/users\/47"}],"replies":[{"embeddable":true,"href":"https:\/\/muvehome.com\/tr\/wp-json\/wp\/v2\/comments?post=1311"}],"version-history":[{"count":3,"href":"https:\/\/muvehome.com\/tr\/wp-json\/wp\/v2\/pages\/1311\/revisions"}],"predecessor-version":[{"id":52862,"href":"https:\/\/muvehome.com\/tr\/wp-json\/wp\/v2\/pages\/1311\/revisions\/52862"}],"wp:attachment":[{"href":"https:\/\/muvehome.com\/tr\/wp-json\/wp\/v2\/media?parent=1311"}],"curies":[{"name":"wp","href":"https:\/\/api.w.org\/{rel}","templated":true}]}}