{"id":3,"date":"2021-02-12T10:00:58","date_gmt":"2021-02-12T07:00:58","guid":{"rendered":"https:\/\/muvehome.com\/?page_id=3"},"modified":"2026-04-16T16:18:20","modified_gmt":"2026-04-16T13:18:20","slug":"privacy-policy","status":"publish","type":"page","link":"https:\/\/muvehome.com\/tr\/privacy-policy\/","title":{"rendered":"KVKK &#038; Gizlilik Politikas\u0131"},"content":{"rendered":"<p><strong>Ki\u015fisel Verilerin Korunmas\u0131 Kanunu Hakk\u0131nda Genel Bilgilendirme<\/strong><br \/>\n6698 say\u0131l\u0131 Ki\u015fisel Verilerin Korunmas\u0131 Kanunu (\u201cKVKK\u201d), 24 Mart 2016 tarihinde kabul edilmi\u015f ve 7 Nisan 2016 tarihli 29677 say\u0131l\u0131 Resm\u00ee Gazete\u2019de yay\u0131mlanm\u0131\u015ft\u0131r. Kanun h\u00fck\u00fcmlerinin bir k\u0131sm\u0131 yay\u0131m\u0131 tarihinde, bir k\u0131sm\u0131 ise 7 Ekim 2016 tarihinde y\u00fcr\u00fcrl\u00fc\u011fe girmi\u015ftir.<\/p>\n<p><strong>Veri Sorumlusu S\u0131fat\u0131yla Bilgilendirme<\/strong><br \/>\n6698 say\u0131l\u0131 KVKK uyar\u0131nca, veri sorumlusu s\u0131fat\u0131yla ki\u015fisel verileriniz; hukuka ve d\u00fcr\u00fcstl\u00fck kurallar\u0131na uygun \u015fekilde, do\u011fru ve gerekti\u011finde g\u00fcncel olarak, belirli, a\u00e7\u0131k ve me\u015fru ama\u00e7lar do\u011frultusunda i\u015flenebilecektir.<\/p>\n<p>Ki\u015fisel verileriniz; kaydedilebilir, saklanabilir, g\u00fcncellenebilir, mevzuat\u0131n izin verdi\u011fi hallerde \u00fc\u00e7\u00fcnc\u00fc ki\u015filere a\u00e7\u0131klanabilir veya devredilebilir, s\u0131n\u0131fland\u0131r\u0131labilir ve KVKK\u2019da belirtilen \u015fekillerde i\u015flenebilir.<\/p>\n<p><strong>Ki\u015fisel Verilerinizin \u0130\u015flenme \u015eekli<\/strong><br \/>\n6698 say\u0131l\u0131 KVKK uyar\u0131nca, firmam\u0131z ile payla\u015ft\u0131\u011f\u0131n\u0131z ki\u015fisel verileriniz; tamamen veya k\u0131smen otomatik yollarla ya da herhangi bir veri kay\u0131t sisteminin par\u00e7as\u0131 olmak kayd\u0131yla otomatik olmayan y\u00f6ntemlerle elde edilerek; kaydedilerek, depolanarak, de\u011fi\u015ftirilerek, yeniden d\u00fczenlenerek ve benzeri her t\u00fcrl\u00fc i\u015fleme tabi tutulabilir.<\/p>\n<p>KVKK kapsam\u0131nda ki\u015fisel veriler \u00fczerinde ger\u00e7ekle\u015ftirilen her t\u00fcrl\u00fc i\u015flem \u201cki\u015fisel verilerin i\u015flenmesi\u201d olarak kabul edilmektedir.<\/p>\n<p><strong>Ki\u015fisel Verilerinizin \u0130\u015flenme Ama\u00e7lar\u0131 ve Hukuki Sebepleri<\/strong><br \/>\nPayla\u015ft\u0131\u011f\u0131n\u0131z ki\u015fisel veriler;<\/p>\n<ul>\n<li>Hizmetlerimizin s\u00f6zle\u015fmeye ve teknolojik gerekliliklere uygun \u015fekilde sunulabilmesi,<\/li>\n<li>\u00dcr\u00fcn ve hizmetlerimizin geli\u015ftirilmesi,<\/li>\n<li>6563 say\u0131l\u0131 Elektronik Ticaretin D\u00fczenlenmesi Hakk\u0131nda Kanun, 6502 say\u0131l\u0131 T\u00fcketicinin Korunmas\u0131 Hakk\u0131nda Kanun ve ilgili mevzuat kapsam\u0131nda kimlik, adres ve di\u011fer gerekli bilgilerin kaydedilmesi,<\/li>\n<li>\u00d6deme i\u015flemleri, elektronik s\u00f6zle\u015fmeler ve ilgili yasal kay\u0131tlar\u0131n olu\u015fturulmas\u0131,<\/li>\n<li>Yasal y\u00fck\u00fcml\u00fcl\u00fcklerin yerine getirilmesi ve yetkili kurumlara bilgi verilmesi,<\/li>\n<li>Hukuki uyu\u015fmazl\u0131klar ve kamu g\u00fcvenli\u011fi kapsam\u0131nda talep edilmesi halinde ilgili mercilere bilgi sa\u011flanmas\u0131 amac\u0131yla KVKK ve ilgili mevzuata uygun olarak i\u015flenmektedir.<\/li>\n<\/ul>\n<p><strong>Ki\u015fisel Verilerin Aktar\u0131lmas\u0131<\/strong><br \/>\nKi\u015fisel verileriniz, yukar\u0131da belirtilen ama\u00e7larla s\u0131n\u0131rl\u0131 olmak \u00fczere;<\/p>\n<ul>\n<li>\u015eirketimizin web sitesi altyap\u0131 sa\u011flay\u0131c\u0131s\u0131 \u0130zofis,<\/li>\n<li>Yetkili \u015firket \u00e7al\u0131\u015fanlar\u0131m\u0131z,<\/li>\n<li>Gerekli olmas\u0131 halinde yasal y\u00fck\u00fcml\u00fcl\u00fck kapsam\u0131nda yetkili kamu kurum ve kurulu\u015flar\u0131 ile payla\u015f\u0131labilir.<\/li>\n<\/ul>\n<p><strong>Ki\u015fisel Verilerin Toplanma Y\u00f6ntemi<\/strong><br \/>\nKi\u015fisel verileriniz;<\/p>\n<ul>\n<li>Web sitesi, mobil uygulama ve formlar arac\u0131l\u0131\u011f\u0131yla,<\/li>\n<li>Telefon, e-posta, kartvizit, s\u00f6zl\u00fc veya yaz\u0131l\u0131 ileti\u015fim kanallar\u0131 \u00fczerinden,<\/li>\n<li>Sat\u0131\u015f, pazarlama ve \u00e7a\u011fr\u0131 merkezi faaliyetleri kapsam\u0131nda,<\/li>\n<li>\u00c7erezler (cookies) ve IP kay\u0131tlar\u0131 arac\u0131l\u0131\u011f\u0131yla,<\/li>\n<li>Sosyal medya, kampanya, anket ve benzeri dijital kanallar \u00fczerinden s\u00f6zl\u00fc, yaz\u0131l\u0131 veya elektronik ortamda toplanabilmektedir.<\/li>\n<\/ul>\n<p><strong>Verilerin Saklanmas\u0131 ve G\u00fcvenli\u011fi<\/strong><br \/>\nKi\u015fisel verileriniz, KVKK\u2019n\u0131n 12. maddesi uyar\u0131nca gizli olarak saklan\u0131r ve yetkisiz eri\u015fime kar\u015f\u0131 uygun teknik ve idari tedbirlerle korunur.<\/p>\n<p>Veri g\u00fcvenli\u011finin ihlali halinde durum, yasal mevzuat gere\u011fi ilgili kamu otoritelerine bildirilir.<\/p>\n<p><strong>Verilerin G\u00fcncelli\u011fi<\/strong><br \/>\nKVKK\u2019n\u0131n 4. maddesi uyar\u0131nca ki\u015fisel verilerinizin do\u011fru ve g\u00fcncel olmas\u0131 gerekmektedir. Bu nedenle kullan\u0131c\u0131lar\u0131n do\u011fru ve g\u00fcncel bilgi sa\u011flamas\u0131 \u00f6nemlidir.<\/p>\n<p><strong>Ki\u015fisel Veri Sahibinin Haklar\u0131<\/strong><br \/>\nKVKK\u2019n\u0131n 11. maddesi kapsam\u0131nda ki\u015fisel veri sahibi olarak;<\/p>\n<li>Ki\u015fisel verilerinizin i\u015flenip i\u015flenmedi\u011fini \u00f6\u011frenme,<\/li>\n<li>\u0130\u015flenmi\u015fse buna ili\u015fkin bilgi talep etme,<\/li>\n<li>\u0130\u015fleme amac\u0131n\u0131 ve amaca uygun kullan\u0131l\u0131p kullan\u0131lmad\u0131\u011f\u0131n\u0131 \u00f6\u011frenme,<\/li>\n<li>Yurt i\u00e7inde veya yurt d\u0131\u015f\u0131nda aktar\u0131ld\u0131\u011f\u0131 \u00fc\u00e7\u00fcnc\u00fc ki\u015fileri bilme,<\/li>\n<li>Eksik veya yanl\u0131\u015f i\u015flenmi\u015fse d\u00fczeltilmesini isteme,<\/li>\n<li>KVKK \u015fartlar\u0131 \u00e7er\u00e7evesinde silinmesini veya yok edilmesini isteme,<\/li>\n<li>Bu i\u015flemlerin \u00fc\u00e7\u00fcnc\u00fc ki\u015filere bildirilmesini talep etme,<\/li>\n<li>Otomatik sistemler yoluyla analiz edilmesi sonucu aleyhinize \u00e7\u0131kan sonu\u00e7lara itiraz etme,<\/li>\n<li>Kanuna ayk\u0131r\u0131 i\u015fleme nedeniyle zarar do\u011fmas\u0131 halinde tazminat talep etme hakk\u0131na sahipsiniz.<\/li>\n<p><\/p>","protected":false},"excerpt":{"rendered":"<p>Ki\u015fisel Verilerin Korunmas\u0131 Kanunu Hakk\u0131nda Genel Bilgilendirme 6698 say\u0131l\u0131 Ki\u015fisel Verilerin Korunmas\u0131 Kanunu (\u201cKVKK\u201d), 24 Mart 2016 tarihinde kabul edilmi\u015f ve 7 Nisan 2016 tarihli 29677 say\u0131l\u0131 Resm\u00ee Gazete\u2019de yay\u0131mlanm\u0131\u015ft\u0131r. Kanun h\u00fck\u00fcmlerinin bir k\u0131sm\u0131 yay\u0131m\u0131 tarihinde, bir k\u0131sm\u0131 ise 7 Ekim 2016 tarihinde y\u00fcr\u00fcrl\u00fc\u011fe girmi\u015ftir. Veri Sorumlusu S\u0131fat\u0131yla Bilgilendirme 6698 say\u0131l\u0131 KVKK uyar\u0131nca, veri sorumlusu [&hellip;]<\/p>\n","protected":false},"author":47,"featured_media":0,"parent":0,"menu_order":0,"comment_status":"closed","ping_status":"closed","template":"","meta":{"inline_featured_image":false,"footnotes":""},"class_list":["post-3","page","type-page","status-publish","hentry"],"_links":{"self":[{"href":"https:\/\/muvehome.com\/tr\/wp-json\/wp\/v2\/pages\/3","targetHints":{"allow":["GET"]}}],"collection":[{"href":"https:\/\/muvehome.com\/tr\/wp-json\/wp\/v2\/pages"}],"about":[{"href":"https:\/\/muvehome.com\/tr\/wp-json\/wp\/v2\/types\/page"}],"author":[{"embeddable":true,"href":"https:\/\/muvehome.com\/tr\/wp-json\/wp\/v2\/users\/47"}],"replies":[{"embeddable":true,"href":"https:\/\/muvehome.com\/tr\/wp-json\/wp\/v2\/comments?post=3"}],"version-history":[{"count":3,"href":"https:\/\/muvehome.com\/tr\/wp-json\/wp\/v2\/pages\/3\/revisions"}],"predecessor-version":[{"id":52258,"href":"https:\/\/muvehome.com\/tr\/wp-json\/wp\/v2\/pages\/3\/revisions\/52258"}],"wp:attachment":[{"href":"https:\/\/muvehome.com\/tr\/wp-json\/wp\/v2\/media?parent=3"}],"curies":[{"name":"wp","href":"https:\/\/api.w.org\/{rel}","templated":true}]}}