{"id":50138,"date":"2025-11-18T14:20:12","date_gmt":"2025-11-18T11:20:12","guid":{"rendered":"https:\/\/muvehome.com\/?page_id=50138"},"modified":"2026-04-28T17:18:30","modified_gmt":"2026-04-28T14:18:30","slug":"purchasing-process","status":"publish","type":"page","link":"https:\/\/muvehome.com\/tr\/purchasing-process\/","title":{"rendered":"Sat\u0131n Alma S\u00fcreci"},"content":{"rendered":"<p>[vc_row][vc_column][vc_single_image image=&#8221;50414&#8243; img_size=&#8221;full&#8221; alignment=&#8221;center&#8221;][\/vc_column][\/vc_row][vc_row][vc_column][vc_custom_heading text=&#8221;Gayrimenkul Sat\u0131n Alma S\u00fcreci&#8221; font_container=&#8221;tag:h3|text_align:center&#8221; use_theme_fonts=&#8221;yes&#8221;][vc_column_text][\/vc_column_text][vc_column_text]<strong>T\u00fcrkiye\u2019de konut sat\u0131n alma s\u00fcreci<\/strong>, bir\u00e7ok Avrupa \u00fclkesindeki s\u00fcre\u00e7le benzerdir. Ad\u0131m ad\u0131m haz\u0131rlad\u0131\u011f\u0131m\u0131z rehberimiz, T\u00fcrkiye\u2019de gayrimenkul sat\u0131n almak i\u00e7in ihtiyac\u0131n\u0131z olan t\u00fcm bilgileri sunar.<\/p>\n<p><strong>Konut Sat\u0131n Alma Rehberi<\/strong><\/p>\n<ol>\n<li>Finansal b\u00fct\u00e7enizi belirleyin ve finansman se\u00e7eneklerinizi de\u011ferlendirin.<\/li>\n<li>\u0130htiya\u00e7lar\u0131n\u0131za uygun bir konum se\u00e7in ve \u00e7evredeki olanaklara yak\u0131nl\u0131\u011f\u0131 g\u00f6z \u00f6n\u00fcnde bulundurun.<\/li>\n<li>T\u00fcrkiye\u2019ye bir inceleme gezisi planlay\u0131n ve sat\u0131\u015f dan\u0131\u015fman\u0131n\u0131zla birlikte gayrimenkul gezilerini organize edin.<\/li>\n<li>Tercih etti\u011finiz b\u00f6lgelerde, kriterlerinize uygun gayrimenkulleri yerinde inceleyin. B\u00f6lgenin genel atmosferini ve yap\u0131 kalitesini de\u011ferlendirin.<\/li>\n<li>Uygun bir gayrimenkul buldu\u011funuzda, finansman se\u00e7eneklerini g\u00f6r\u00fc\u015f\u00fcn (pe\u015fin \u00f6deme, taksitli \u00f6deme veya yabanc\u0131lar i\u00e7in banka kredisi).<\/li>\n<li>\u015eartlar \u00fczerinde anla\u015fmaya var\u0131ld\u0131ktan sonra sat\u0131\u015f s\u00f6zle\u015fmesini imzalay\u0131n ve kapora \u00f6demesini ger\u00e7ekle\u015ftirin.<\/li>\n<li>Kalan \u00f6demeleri s\u00f6zle\u015fmede belirtilen taksit plan\u0131na g\u00f6re tamamlay\u0131n.<\/li>\n<li>Gayrimenkul dan\u0131\u015fmanl\u0131k \u015firketiniz, verece\u011finiz vek\u00e2letname ile t\u00fcm resmi i\u015flemleri sizin ad\u0131n\u0131za y\u00fcr\u00fct\u00fcr ve Tapu i\u015flemlerini ger\u00e7ekle\u015ftirir. Tapu ba\u015fvurusu yap\u0131lmadan \u00f6nce sat\u0131\u015f bedelinin tamam\u0131n\u0131n \u00f6denmi\u015f olmas\u0131 gerekmektedir.<\/li>\n<li>Tapuyu ald\u0131ktan sonra, T\u00fcrkiye\u2019de resmi olarak gayrimenkul sahibi olursunuz.<\/li>\n<\/ol>\n<p><strong>T\u00fcrkiye\u2019de Gayrimenkul Sat\u0131n Almak \u0130\u00e7in Gerekli Belgeler Nelerdir?<\/strong><\/p>\n<ul>\n<li>Kimlik belgesi (yabanc\u0131 pasaport) ve yeminli terc\u00fcman taraf\u0131ndan haz\u0131rlanm\u0131\u015f noter onayl\u0131 terc\u00fcmesi<br \/>\n\u2022 Al\u0131c\u0131ya ait biyometrik foto\u011fraflar<br \/>\n\u2022 <strong>T\u00fcrk Vergi Kimlik Numaras\u0131<\/strong> (<strong>VKN<\/strong>) \u2013 pasaport, adres bilgisi ve anne-baba isimleri gereklidir<br \/>\n\u2022 <strong>T\u00fcrkiye\u2019de banka hesab\u0131 a\u00e7\u0131lmas\u0131<\/strong> \u2013 pasaport, VKN ve adres belgesi (T\u00fcrkiye veya yurtd\u0131\u015f\u0131) gereklidir<br \/>\n\u2022 \u015eirketimize, t\u00fcm resmi i\u015flemleri y\u00fcr\u00fctmek, tapuyu ad\u0131n\u0131za tescil ettirmek ve abonelik i\u015flemlerini (elektrik, su) ger\u00e7ekle\u015ftirmek i\u00e7in <strong>verilen noter onayl\u0131 vek\u00e2letname<\/strong><\/li>\n<\/ul>\n<p><strong><em>Muve Home Construction &amp; Real Estate<\/em><\/strong><em>, sat\u0131n alma s\u00fcreci boyunca profesyonel m\u00fc\u015fteri hizmetleri ve destek sunman\u0131n yan\u0131 s\u0131ra, sat\u0131\u015f sonras\u0131 hizmetlerde de y\u00fcksek kalite sa\u011flayarak m\u00fc\u015fteri memnuniyetini garanti eder.<\/em>[\/vc_column_text][\/vc_column][\/vc_row][vc_row][vc_column el_class=&#8221;listing-form-area&#8221;]<div class=\"hero text-left\">Bizimle \u0130leti\u015fime Ge\u00e7in! - Sat\u0131n Alma Rehberi<\/div>\n<div class=\"wpcf7 no-js\" id=\"wpcf7-f1171-o2\" lang=\"en-US\" dir=\"ltr\" data-wpcf7-id=\"1171\">\n<div class=\"screen-reader-response\"><p role=\"status\" aria-live=\"polite\" aria-atomic=\"true\"><\/p> <ul><\/ul><\/div>\n<form action=\"\/tr\/wp-json\/wp\/v2\/pages\/50138#wpcf7-f1171-o2\" method=\"post\" class=\"wpcf7-form init\" aria-label=\"Contact form\" novalidate=\"novalidate\" data-status=\"init\">\n<fieldset class=\"hidden-fields-container\"><input type=\"hidden\" name=\"_wpcf7\" value=\"1171\" \/><input type=\"hidden\" name=\"_wpcf7_version\" value=\"6.1.5\" \/><input type=\"hidden\" name=\"_wpcf7_locale\" value=\"en_US\" \/><input type=\"hidden\" name=\"_wpcf7_unit_tag\" value=\"wpcf7-f1171-o2\" \/><input type=\"hidden\" name=\"_wpcf7_container_post\" value=\"0\" \/><input type=\"hidden\" name=\"_wpcf7_posted_data_hash\" value=\"\" \/><input type=\"hidden\" name=\"_wpcf7_locale_orj\" value=\"tr_TR\" \/>\n<\/fieldset>\n<div class=\"wpcf7-turnstile cf-turnstile\" data-sitekey=\"0x4AAAAAACbErzKFbnzFNt0g\" data-response-field-name=\"_wpcf7_turnstile_response\"><\/div>\n\n<div class=\"fields fields-3\">\n\t<p><span class=\"wpcf7-form-control-wrap\" data-name=\"your-name\"><input size=\"40\" maxlength=\"400\" class=\"wpcf7-form-control wpcf7-text wpcf7-validates-as-required name\" aria-required=\"true\" aria-invalid=\"false\" placeholder=\"Name*\" value=\"\" type=\"text\" name=\"your-name\" \/><\/span><br \/>\n<span class=\"wpcf7-form-control-wrap\" data-name=\"your-email\"><input size=\"40\" maxlength=\"400\" class=\"wpcf7-form-control wpcf7-email wpcf7-validates-as-required wpcf7-text wpcf7-validates-as-email email\" aria-required=\"true\" aria-invalid=\"false\" placeholder=\"E-Mail*\" value=\"\" type=\"email\" name=\"your-email\" \/><\/span><br \/>\n<span class=\"wpcf7-form-control-wrap\" data-name=\"your-phone\"><input size=\"40\" class=\"wpcf7-form-control wpcf7-phonetext wpcf7-validates-as-required wpcf7-text wpcf7-validates-as-phonetext phone\" aria-required=\"true\" aria-invalid=\"false\" value=\"+90\" type=\"text\" name=\"your-phone\" \/><input type=\"hidden\" name=\"your-phone-country-code\" class=\"wpcf7-phonetext-country-code\" \/><\/span>\n\t<\/p>\n<\/div>\n<div class=\"fields fields-odd\">\n\t<p><span class=\"wpcf7-form-control-wrap\" data-name=\"your-question\"><input size=\"40\" maxlength=\"400\" class=\"wpcf7-form-control wpcf7-text wpcf7-validates-as-required question\" aria-required=\"true\" aria-invalid=\"false\" placeholder=\"Any Question?\" value=\"\" type=\"text\" name=\"your-question\" \/><\/span><br \/>\n<input class=\"wpcf7-form-control wpcf7-submit has-spinner\" type=\"submit\" value=\"Send\" \/>\n\t<\/p>\n<\/div><div class=\"wpcf7-response-output\" aria-hidden=\"true\"><\/div>\n<\/form>\n<\/div>\n[vc_empty_space][\/vc_column][\/vc_row]<\/p>","protected":false},"excerpt":{"rendered":"<p>[vc_row][vc_column][vc_single_image image=&#8221;50414&#8243; img_size=&#8221;full&#8221; alignment=&#8221;center&#8221;][\/vc_column][\/vc_row][vc_row][vc_column][vc_custom_heading text=&#8221;Gayrimenkul Sat\u0131n Alma S\u00fcreci&#8221; font_container=&#8221;tag:h3|text_align:center&#8221; use_theme_fonts=&#8221;yes&#8221;][vc_column_text][\/vc_column_text][vc_column_text]T\u00fcrkiye\u2019de konut sat\u0131n alma s\u00fcreci, bir\u00e7ok Avrupa \u00fclkesindeki s\u00fcre\u00e7le benzerdir. Ad\u0131m ad\u0131m haz\u0131rlad\u0131\u011f\u0131m\u0131z rehberimiz, T\u00fcrkiye\u2019de gayrimenkul sat\u0131n almak i\u00e7in ihtiyac\u0131n\u0131z olan t\u00fcm bilgileri sunar. Konut Sat\u0131n Alma Rehberi Finansal b\u00fct\u00e7enizi belirleyin ve finansman se\u00e7eneklerinizi de\u011ferlendirin. \u0130htiya\u00e7lar\u0131n\u0131za uygun bir konum se\u00e7in ve \u00e7evredeki olanaklara yak\u0131nl\u0131\u011f\u0131 g\u00f6z \u00f6n\u00fcnde [&hellip;]<\/p>\n","protected":false},"author":47,"featured_media":0,"parent":0,"menu_order":0,"comment_status":"closed","ping_status":"closed","template":"page-text.php","meta":{"inline_featured_image":false,"footnotes":""},"class_list":["post-50138","page","type-page","status-publish","hentry"],"_links":{"self":[{"href":"https:\/\/muvehome.com\/tr\/wp-json\/wp\/v2\/pages\/50138","targetHints":{"allow":["GET"]}}],"collection":[{"href":"https:\/\/muvehome.com\/tr\/wp-json\/wp\/v2\/pages"}],"about":[{"href":"https:\/\/muvehome.com\/tr\/wp-json\/wp\/v2\/types\/page"}],"author":[{"embeddable":true,"href":"https:\/\/muvehome.com\/tr\/wp-json\/wp\/v2\/users\/47"}],"replies":[{"embeddable":true,"href":"https:\/\/muvehome.com\/tr\/wp-json\/wp\/v2\/comments?post=50138"}],"version-history":[{"count":3,"href":"https:\/\/muvehome.com\/tr\/wp-json\/wp\/v2\/pages\/50138\/revisions"}],"predecessor-version":[{"id":52686,"href":"https:\/\/muvehome.com\/tr\/wp-json\/wp\/v2\/pages\/50138\/revisions\/52686"}],"wp:attachment":[{"href":"https:\/\/muvehome.com\/tr\/wp-json\/wp\/v2\/media?parent=50138"}],"curies":[{"name":"wp","href":"https:\/\/api.w.org\/{rel}","templated":true}]}}